{"id":10531,"date":"2025-12-22T10:59:49","date_gmt":"2025-12-22T09:59:49","guid":{"rendered":"https:\/\/petitecave.ch\/product\/riz-du-chablais-750gr\/"},"modified":"2025-12-22T15:29:49","modified_gmt":"2025-12-22T14:29:49","slug":"riz-du-chablais-750gr","status":"publish","type":"product","link":"https:\/\/petitecave.ch\/de\/product\/riz-du-chablais-750gr\/","title":{"rendered":"Riz du Chablais 750gr"},"content":{"rendered":"<p><span style=\"color: #000000;\"><strong>RISOTTO AU MERLOT<\/strong><\/span><\/p>\n<p><span style=\"color: #000000;\"><strong><u>Ingr\u00e9dients :<\/u><\/strong><u><\/u><\/span><\/p>\n<ul>\n<li><span style=\"color: #000000;\">320 gr de riz du Chablais<\/span><\/li>\n<li><span style=\"color: #000000;\">2 \u00e9chalotes finement \u00e9minc\u00e9es<\/span><\/li>\n<li><span style=\"color: #000000;\">80 gr de beurre<\/span><\/li>\n<li><span style=\"color: #000000;\">50 gr de parmesan ou sbrinz suisse<\/span><\/li>\n<li><span style=\"color: #000000;\">5 dl de Merlot du Valais<\/span><\/li>\n<li><span style=\"color: #000000;\">1 litre de bouillon de viande<\/span><\/li>\n<\/ul>\n<p><strong><span style=\"color: #000000;\"><u>Recette :<\/u><\/span><\/strong><\/p>\n<ul>\n<li><span style=\"color: #000000;\">Faire revenir les \u00e9chalotes dans 30 g de beurre.<\/span><\/li>\n<li><span style=\"color: #000000;\">Ajouter le riz du Chablais et cuire \u00e0 l&rsquo;\u00e9tuv\u00e9e en remuant.<\/span><\/li>\n<li><span style=\"color: #000000;\">Diluer avec le Merlot, puis ajouter le bouillon et laisser mijoter env. 20 mn, jusqu&rsquo;\u00e0 ce que le riz soit al dente.<\/span><\/li>\n<li><span style=\"color: #000000;\">Retirer le risotto du feu, ajouter beurre et parmesan (ou sbrinz).<\/span><\/li>\n<\/ul>\n<p><span style=\"color: #000000;\"><strong>BON APP\u00c9TIT !<\/strong><\/span><\/p>","protected":false},"excerpt":{"rendered":"<p><span style=\"color: #000000;\"><b>Ferme de Savolar &#8211; Illarsaz<\/b><\/span><\/p>","protected":false},"featured_media":18301,"comment_status":"open","ping_status":"closed","template":"","meta":[],"product_cat":[1273],"product_tag":[],"class_list":{"0":"post-10531","1":"product","2":"type-product","3":"status-publish","4":"has-post-thumbnail","6":"product_cat-autres","7":"pa_country-suisse","8":"_wholesalex wsx-wholesalex-product","10":"first","11":"instock","12":"taxable","13":"shipping-taxable","14":"purchasable","15":"product-type-simple"},"_links":{"self":[{"href":"https:\/\/petitecave.ch\/de\/wp-json\/wp\/v2\/product\/10531","targetHints":{"allow":["GET"]}}],"collection":[{"href":"https:\/\/petitecave.ch\/de\/wp-json\/wp\/v2\/product"}],"about":[{"href":"https:\/\/petitecave.ch\/de\/wp-json\/wp\/v2\/types\/product"}],"replies":[{"embeddable":true,"href":"https:\/\/petitecave.ch\/de\/wp-json\/wp\/v2\/comments?post=10531"}],"wp:featuredmedia":[{"embeddable":true,"href":"https:\/\/petitecave.ch\/de\/wp-json\/wp\/v2\/media\/18301"}],"wp:attachment":[{"href":"https:\/\/petitecave.ch\/de\/wp-json\/wp\/v2\/media?parent=10531"}],"wp:term":[{"taxonomy":"product_cat","embeddable":true,"href":"https:\/\/petitecave.ch\/de\/wp-json\/wp\/v2\/product_cat?post=10531"},{"taxonomy":"product_tag","embeddable":true,"href":"https:\/\/petitecave.ch\/de\/wp-json\/wp\/v2\/product_tag?post=10531"}],"curies":[{"name":"wp","href":"https:\/\/api.w.org\/{rel}","templated":true}]}}