{"id":10530,"date":"2025-12-16T16:50:48","date_gmt":"2025-12-16T15:50:48","guid":{"rendered":""},"modified":"2025-12-18T15:51:04","modified_gmt":"2025-12-18T14:51:04","slug":"sirop-hugo-morand","status":"publish","type":"product","link":"https:\/\/petitecave.ch\/de\/product\/sirop-hugo-morand\/","title":{"rendered":"Sirop Hugo &#8211; Morand"},"content":{"rendered":"<p><span style=\"color: #000000;\"><strong>\u00c0 diluer dans de l&rsquo;eau ou \u00e0 utiliser comme ingr\u00e9dient pour les cocktails, glaces, desserts et p\u00e2tisseries.<\/strong><\/span><\/p>","protected":false},"excerpt":{"rendered":"<p><span style=\"color: #000000;\"><strong>Distillerie Morand &#8211; Martigny\u00a0<\/strong><\/span><\/p>\n<p><span style=\"color: #000000;\">Produit \u00e0 base de jus de citron vert, d&rsquo;extrait de fleurs de sureau et d&rsquo;ar\u00f4me naturel de menthe.<\/span><\/p>","protected":false},"featured_media":18104,"comment_status":"open","ping_status":"closed","template":"","meta":[],"product_cat":[1266],"product_tag":[],"class_list":{"0":"post-10530","1":"product","2":"type-product","3":"status-publish","4":"has-post-thumbnail","6":"product_brand-distillerie-morand","7":"product_cat-sirops","8":"pa_categorie-500-sirops","9":"pa_country-suisse","10":"pa_volume-100-cl-4","11":"_wholesalex wsx-wholesalex-product","13":"first","14":"instock","15":"taxable","16":"shipping-taxable","17":"purchasable","18":"product-type-simple"},"_links":{"self":[{"href":"https:\/\/petitecave.ch\/de\/wp-json\/wp\/v2\/product\/10530","targetHints":{"allow":["GET"]}}],"collection":[{"href":"https:\/\/petitecave.ch\/de\/wp-json\/wp\/v2\/product"}],"about":[{"href":"https:\/\/petitecave.ch\/de\/wp-json\/wp\/v2\/types\/product"}],"replies":[{"embeddable":true,"href":"https:\/\/petitecave.ch\/de\/wp-json\/wp\/v2\/comments?post=10530"}],"wp:featuredmedia":[{"embeddable":true,"href":"https:\/\/petitecave.ch\/de\/wp-json\/wp\/v2\/media\/18104"}],"wp:attachment":[{"href":"https:\/\/petitecave.ch\/de\/wp-json\/wp\/v2\/media?parent=10530"}],"wp:term":[{"taxonomy":"product_cat","embeddable":true,"href":"https:\/\/petitecave.ch\/de\/wp-json\/wp\/v2\/product_cat?post=10530"},{"taxonomy":"product_tag","embeddable":true,"href":"https:\/\/petitecave.ch\/de\/wp-json\/wp\/v2\/product_tag?post=10530"}],"curies":[{"name":"wp","href":"https:\/\/api.w.org\/{rel}","templated":true}]}}