{"id":10528,"date":"2026-01-29T10:59:47","date_gmt":"2026-01-29T09:59:47","guid":{"rendered":""},"modified":"2026-02-12T16:05:38","modified_gmt":"2026-02-12T15:05:38","slug":"rhum-chamarel-6-ans-xo","status":"publish","type":"product","link":"https:\/\/petitecave.ch\/de\/product\/rhum-chamarel-6-ans-xo\/","title":{"rendered":"Rhum Chamarel 6 ans 70cl"},"content":{"rendered":"<p><span style=\"color: #000000;\"><b>Nez :<\/b> Il d\u00e9voile de d\u00e9licieuses notes vanill\u00e9es.<\/span><\/p>\n<p><span style=\"color: #000000;\"><b>Go\u00fbt :<\/b> On retrouve les notes vanill\u00e9es du nez accompagn\u00e9es d&rsquo;\u00e9pices, de caramel et de saveur de toffee.<\/span><\/p>","protected":false},"excerpt":{"rendered":"<p><span style=\"color: #000000;\"><strong>Extra Old Rum &#8211; Chamarel Single Estate Rum<\/strong><\/span><\/p>\n<p><span style=\"color: #000000;\"><i>Vieilli durant 6 ans dans diff\u00e9rents f\u00fbts de ch\u00eane am\u00e9ricain.<\/i><\/span><\/p>","protected":false},"featured_media":18542,"comment_status":"open","ping_status":"closed","template":"","meta":[],"product_cat":[272],"product_tag":[],"class_list":{"0":"post-10528","1":"product","2":"type-product","3":"status-publish","4":"has-post-thumbnail","6":"product_brand-chamarel","7":"product_cat-rhum","8":"pa_color-ambree","9":"pa_country-ile-maurice","10":"pa_type-rhum-agricole","11":"pa_volume-70-cl","12":"_wholesalex wsx-wholesalex-product","14":"first","15":"instock","16":"taxable","17":"shipping-taxable","18":"purchasable","19":"product-type-simple"},"_links":{"self":[{"href":"https:\/\/petitecave.ch\/de\/wp-json\/wp\/v2\/product\/10528","targetHints":{"allow":["GET"]}}],"collection":[{"href":"https:\/\/petitecave.ch\/de\/wp-json\/wp\/v2\/product"}],"about":[{"href":"https:\/\/petitecave.ch\/de\/wp-json\/wp\/v2\/types\/product"}],"replies":[{"embeddable":true,"href":"https:\/\/petitecave.ch\/de\/wp-json\/wp\/v2\/comments?post=10528"}],"wp:featuredmedia":[{"embeddable":true,"href":"https:\/\/petitecave.ch\/de\/wp-json\/wp\/v2\/media\/18542"}],"wp:attachment":[{"href":"https:\/\/petitecave.ch\/de\/wp-json\/wp\/v2\/media?parent=10528"}],"wp:term":[{"taxonomy":"product_cat","embeddable":true,"href":"https:\/\/petitecave.ch\/de\/wp-json\/wp\/v2\/product_cat?post=10528"},{"taxonomy":"product_tag","embeddable":true,"href":"https:\/\/petitecave.ch\/de\/wp-json\/wp\/v2\/product_tag?post=10528"}],"curies":[{"name":"wp","href":"https:\/\/api.w.org\/{rel}","templated":true}]}}