{"id":10526,"date":"2025-10-28T10:59:45","date_gmt":"2025-10-28T10:59:45","guid":{"rendered":""},"modified":"2026-02-20T14:23:08","modified_gmt":"2026-02-20T13:23:08","slug":"porto-beat-ros-sandeman-75cl","status":"publish","type":"product","link":"https:\/\/petitecave.ch\/de\/product\/porto-beat-ros-sandeman-75cl\/","title":{"rendered":"Porto Beat Ros\u00e9 &#8211; Sandeman 75cl"},"content":{"rendered":"<p><b>Nez :<\/b> Notes fruit\u00e9es sur les baies sauvages et les fruits rouges avec une touche florale<\/p>\n<p><b>Bouche :<\/b> L&rsquo;attaque se fait tout en douceur avec une acidit\u00e9 et une finale rafra\u00eechissante et \u00e9quilibr\u00e9e<\/p>\n<p>\u00a0<\/p>","protected":false},"excerpt":{"rendered":"<p><b>Sandeman Ros\u00e9 Port Beat &#8211; Douro (Portugal)<\/b><\/p>\n<p>\u00a0<\/p>\n<p><i><span class=\"JLqJ4b ChMk0b\"><span class=\"Q4iAWc\">Sandeman Beat est un vin fruit\u00e9 et frais.<\/span><\/span>\u00a0Une n<\/i><i><span class=\"JLqJ4b ChMk0b\"><span class=\"Q4iAWc\">ouvelle version du Porto, imagin\u00e9e pour<\/span><\/span>\u00a0d<span class=\"JLqJ4b ChMk0b\"><span class=\"Q4iAWc\">es combinaisons plus cr\u00e9atives !<\/span><\/span>\u00a0<\/i><\/p>\n<p><i><span class=\"JLqJ4b ChMk0b\"><span class=\"Q4iAWc\">Facile \u00e0 m\u00e9langer et facile \u00e0 boire,<\/span><\/span> <span class=\"JLqJ4b ChMk0b\"><span class=\"Q4iAWc\">Beat est aussi polyvalent que unique. Parfait pour les cocktails estivaux et rafra\u00eechissants comme un Porto Tonic. Sant\u00e9 !<\/span><\/span><\/i><\/p>","protected":false},"featured_media":11888,"comment_status":"open","ping_status":"open","template":"","meta":[],"product_cat":[271,278,286],"product_tag":[],"class_list":{"0":"post-10526","1":"product","2":"type-product","3":"status-publish","4":"has-post-thumbnail","6":"product_cat-aperitif","7":"product_cat-porto","8":"product_cat-vins-rose","9":"pa_color-rose","10":"pa_country-portugal","11":"pa_volume-75-cl","12":"_wholesalex wsx-wholesalex-product","14":"first","15":"instock","16":"taxable","17":"shipping-taxable","18":"purchasable","19":"product-type-simple"},"yoast_head":"<!-- This site is optimized with the Yoast SEO plugin v27.4 - https:\/\/yoast.com\/product\/yoast-seo-wordpress\/ -->\n<title>Porto Beat Ros\u00e9 - Sandeman 75cl | La Petite Cave du Chablais<\/title>\n<meta name=\"robots\" content=\"index, follow, max-snippet:-1, max-image-preview:large, max-video-preview:-1\" \/>\n<link rel=\"canonical\" href=\"https:\/\/petitecave.ch\/de\/product\/porto-beat-ros-sandeman-75cl\/\" \/>\n<meta property=\"og:locale\" content=\"de_DE\" \/>\n<meta property=\"og:type\" content=\"article\" \/>\n<meta property=\"og:title\" content=\"Porto Beat Ros\u00e9 - Sandeman 75cl | La Petite Cave du Chablais\" \/>\n<meta property=\"og:description\" content=\"Sandeman Ros\u00e9 Port Beat - Douro (Portugal) \u00a0 Sandeman Beat est un vin fruit\u00e9 et frais.\u00a0Une nouvelle version du Porto, imagin\u00e9e pour\u00a0des combinaisons plus cr\u00e9atives !\u00a0 Facile \u00e0 m\u00e9langer et facile \u00e0 boire, Beat est aussi polyvalent que unique. Parfait pour les cocktails estivaux et rafra\u00eechissants comme un Porto Tonic. Sant\u00e9 !\" \/>\n<meta property=\"og:url\" content=\"https:\/\/petitecave.ch\/de\/product\/porto-beat-ros-sandeman-75cl\/\" \/>\n<meta property=\"og:site_name\" content=\"La Petite Cave du Chablais\" \/>\n<meta property=\"article:publisher\" content=\"https:\/\/www.facebook.com\/LaPetiteCaveDuChablais\" \/>\n<meta property=\"article:modified_time\" content=\"2026-02-20T13:23:08+00:00\" \/>\n<meta property=\"og:image\" content=\"https:\/\/petitecave.ch\/wp-content\/uploads\/2025\/10\/10526_5918_cover.jpg\" \/>\n\t<meta property=\"og:image:width\" content=\"1000\" \/>\n\t<meta property=\"og:image:height\" content=\"1700\" \/>\n\t<meta property=\"og:image:type\" content=\"image\/jpeg\" \/>\n<meta name=\"twitter:card\" content=\"summary_large_image\" \/>\n<script type=\"application\/ld+json\" class=\"yoast-schema-graph\">{\"@context\":\"https:\\\/\\\/schema.org\",\"@graph\":[{\"@type\":\"WebPage\",\"@id\":\"https:\\\/\\\/petitecave.ch\\\/de\\\/product\\\/porto-beat-ros-sandeman-75cl\\\/\",\"url\":\"https:\\\/\\\/petitecave.ch\\\/de\\\/product\\\/porto-beat-ros-sandeman-75cl\\\/\",\"name\":\"Porto Beat Ros\u00e9 - Sandeman 75cl | La Petite Cave du Chablais\",\"isPartOf\":{\"@id\":\"https:\\\/\\\/petitecave.ch\\\/de\\\/#website\"},\"primaryImageOfPage\":{\"@id\":\"https:\\\/\\\/petitecave.ch\\\/de\\\/product\\\/porto-beat-ros-sandeman-75cl\\\/#primaryimage\"},\"image\":{\"@id\":\"https:\\\/\\\/petitecave.ch\\\/de\\\/product\\\/porto-beat-ros-sandeman-75cl\\\/#primaryimage\"},\"thumbnailUrl\":\"https:\\\/\\\/petitecave.ch\\\/wp-content\\\/uploads\\\/2025\\\/10\\\/10526_5918_cover.jpg\",\"datePublished\":\"2025-10-28T10:59:45+00:00\",\"dateModified\":\"2026-02-20T13:23:08+00:00\",\"breadcrumb\":{\"@id\":\"https:\\\/\\\/petitecave.ch\\\/de\\\/product\\\/porto-beat-ros-sandeman-75cl\\\/#breadcrumb\"},\"inLanguage\":\"de-CH\",\"potentialAction\":[{\"@type\":\"ReadAction\",\"target\":[\"https:\\\/\\\/petitecave.ch\\\/de\\\/product\\\/porto-beat-ros-sandeman-75cl\\\/\"]}]},{\"@type\":\"ImageObject\",\"inLanguage\":\"de-CH\",\"@id\":\"https:\\\/\\\/petitecave.ch\\\/de\\\/product\\\/porto-beat-ros-sandeman-75cl\\\/#primaryimage\",\"url\":\"https:\\\/\\\/petitecave.ch\\\/wp-content\\\/uploads\\\/2025\\\/10\\\/10526_5918_cover.jpg\",\"contentUrl\":\"https:\\\/\\\/petitecave.ch\\\/wp-content\\\/uploads\\\/2025\\\/10\\\/10526_5918_cover.jpg\",\"width\":1000,\"height\":1700},{\"@type\":\"BreadcrumbList\",\"@id\":\"https:\\\/\\\/petitecave.ch\\\/de\\\/product\\\/porto-beat-ros-sandeman-75cl\\\/#breadcrumb\",\"itemListElement\":[{\"@type\":\"ListItem\",\"position\":1,\"name\":\"Accueil\",\"item\":\"https:\\\/\\\/petitecave.ch\\\/de\\\/\"},{\"@type\":\"ListItem\",\"position\":2,\"name\":\"Produkte\",\"item\":\"https:\\\/\\\/petitecave.ch\\\/de\\\/shop\\\/\"},{\"@type\":\"ListItem\",\"position\":3,\"name\":\"Porto Beat Ros\u00e9 &#8211; Sandeman 75cl\"}]},{\"@type\":\"WebSite\",\"@id\":\"https:\\\/\\\/petitecave.ch\\\/de\\\/#website\",\"url\":\"https:\\\/\\\/petitecave.ch\\\/de\\\/\",\"name\":\"La Petite Cave du Chablais\",\"description\":\"Vins, bi\u00e8res et spiritueux en ligne !\",\"publisher\":{\"@id\":\"https:\\\/\\\/petitecave.ch\\\/de\\\/#organization\"},\"alternateName\":\"La Petite Cave\",\"potentialAction\":[{\"@type\":\"SearchAction\",\"target\":{\"@type\":\"EntryPoint\",\"urlTemplate\":\"https:\\\/\\\/petitecave.ch\\\/de\\\/?s={search_term_string}\"},\"query-input\":{\"@type\":\"PropertyValueSpecification\",\"valueRequired\":true,\"valueName\":\"search_term_string\"}}],\"inLanguage\":\"de-CH\"},{\"@type\":\"Organization\",\"@id\":\"https:\\\/\\\/petitecave.ch\\\/de\\\/#organization\",\"name\":\"La Petite Cave du Chablais S\u00e0rl\",\"url\":\"https:\\\/\\\/petitecave.ch\\\/de\\\/\",\"logo\":{\"@type\":\"ImageObject\",\"inLanguage\":\"de-CH\",\"@id\":\"https:\\\/\\\/petitecave.ch\\\/de\\\/#\\\/schema\\\/logo\\\/image\\\/\",\"url\":\"https:\\\/\\\/petitecave.ch\\\/wp-content\\\/uploads\\\/2025\\\/10\\\/petitecavelogo-removebg-preview.png\",\"contentUrl\":\"https:\\\/\\\/petitecave.ch\\\/wp-content\\\/uploads\\\/2025\\\/10\\\/petitecavelogo-removebg-preview.png\",\"width\":800,\"height\":200,\"caption\":\"La Petite Cave du Chablais S\u00e0rl\"},\"image\":{\"@id\":\"https:\\\/\\\/petitecave.ch\\\/de\\\/#\\\/schema\\\/logo\\\/image\\\/\"},\"sameAs\":[\"https:\\\/\\\/www.facebook.com\\\/LaPetiteCaveDuChablais\",\"https:\\\/\\\/www.instagram.com\\\/lapetitecaveduchablais\",\"https:\\\/\\\/www.linkedin.com\\\/company\\\/la-petite-cave-du-chablais\"]}]}<\/script>\n<!-- \/ Yoast SEO plugin. -->","yoast_head_json":{"title":"Porto Beat Ros\u00e9 - Sandeman 75cl | La Petite Cave du Chablais","robots":{"index":"index","follow":"follow","max-snippet":"max-snippet:-1","max-image-preview":"max-image-preview:large","max-video-preview":"max-video-preview:-1"},"canonical":"https:\/\/petitecave.ch\/de\/product\/porto-beat-ros-sandeman-75cl\/","og_locale":"de_DE","og_type":"article","og_title":"Porto Beat Ros\u00e9 - Sandeman 75cl | La Petite Cave du Chablais","og_description":"Sandeman Ros\u00e9 Port Beat - Douro (Portugal) \u00a0 Sandeman Beat est un vin fruit\u00e9 et frais.\u00a0Une nouvelle version du Porto, imagin\u00e9e pour\u00a0des combinaisons plus cr\u00e9atives !\u00a0 Facile \u00e0 m\u00e9langer et facile \u00e0 boire, Beat est aussi polyvalent que unique. Parfait pour les cocktails estivaux et rafra\u00eechissants comme un Porto Tonic. Sant\u00e9 !","og_url":"https:\/\/petitecave.ch\/de\/product\/porto-beat-ros-sandeman-75cl\/","og_site_name":"La Petite Cave du Chablais","article_publisher":"https:\/\/www.facebook.com\/LaPetiteCaveDuChablais","article_modified_time":"2026-02-20T13:23:08+00:00","og_image":[{"width":1000,"height":1700,"url":"https:\/\/petitecave.ch\/wp-content\/uploads\/2025\/10\/10526_5918_cover.jpg","type":"image\/jpeg"}],"twitter_card":"summary_large_image","schema":{"@context":"https:\/\/schema.org","@graph":[{"@type":"WebPage","@id":"https:\/\/petitecave.ch\/de\/product\/porto-beat-ros-sandeman-75cl\/","url":"https:\/\/petitecave.ch\/de\/product\/porto-beat-ros-sandeman-75cl\/","name":"Porto Beat Ros\u00e9 - Sandeman 75cl | La Petite Cave du Chablais","isPartOf":{"@id":"https:\/\/petitecave.ch\/de\/#website"},"primaryImageOfPage":{"@id":"https:\/\/petitecave.ch\/de\/product\/porto-beat-ros-sandeman-75cl\/#primaryimage"},"image":{"@id":"https:\/\/petitecave.ch\/de\/product\/porto-beat-ros-sandeman-75cl\/#primaryimage"},"thumbnailUrl":"https:\/\/petitecave.ch\/wp-content\/uploads\/2025\/10\/10526_5918_cover.jpg","datePublished":"2025-10-28T10:59:45+00:00","dateModified":"2026-02-20T13:23:08+00:00","breadcrumb":{"@id":"https:\/\/petitecave.ch\/de\/product\/porto-beat-ros-sandeman-75cl\/#breadcrumb"},"inLanguage":"de-CH","potentialAction":[{"@type":"ReadAction","target":["https:\/\/petitecave.ch\/de\/product\/porto-beat-ros-sandeman-75cl\/"]}]},{"@type":"ImageObject","inLanguage":"de-CH","@id":"https:\/\/petitecave.ch\/de\/product\/porto-beat-ros-sandeman-75cl\/#primaryimage","url":"https:\/\/petitecave.ch\/wp-content\/uploads\/2025\/10\/10526_5918_cover.jpg","contentUrl":"https:\/\/petitecave.ch\/wp-content\/uploads\/2025\/10\/10526_5918_cover.jpg","width":1000,"height":1700},{"@type":"BreadcrumbList","@id":"https:\/\/petitecave.ch\/de\/product\/porto-beat-ros-sandeman-75cl\/#breadcrumb","itemListElement":[{"@type":"ListItem","position":1,"name":"Accueil","item":"https:\/\/petitecave.ch\/de\/"},{"@type":"ListItem","position":2,"name":"Produkte","item":"https:\/\/petitecave.ch\/de\/shop\/"},{"@type":"ListItem","position":3,"name":"Porto Beat Ros\u00e9 &#8211; Sandeman 75cl"}]},{"@type":"WebSite","@id":"https:\/\/petitecave.ch\/de\/#website","url":"https:\/\/petitecave.ch\/de\/","name":"Die kleine Keller des Chablais","description":"Vins, bi\u00e8res et spiritueux en ligne !","publisher":{"@id":"https:\/\/petitecave.ch\/de\/#organization"},"alternateName":"La Petite Cave","potentialAction":[{"@type":"SearchAction","target":{"@type":"EntryPoint","urlTemplate":"https:\/\/petitecave.ch\/de\/?s={search_term_string}"},"query-input":{"@type":"PropertyValueSpecification","valueRequired":true,"valueName":"search_term_string"}}],"inLanguage":"de-CH"},{"@type":"Organization","@id":"https:\/\/petitecave.ch\/de\/#organization","name":"La Petite Cave du Chablais S\u00e0rl","url":"https:\/\/petitecave.ch\/de\/","logo":{"@type":"ImageObject","inLanguage":"de-CH","@id":"https:\/\/petitecave.ch\/de\/#\/schema\/logo\/image\/","url":"https:\/\/petitecave.ch\/wp-content\/uploads\/2025\/10\/petitecavelogo-removebg-preview.png","contentUrl":"https:\/\/petitecave.ch\/wp-content\/uploads\/2025\/10\/petitecavelogo-removebg-preview.png","width":800,"height":200,"caption":"La Petite Cave du Chablais S\u00e0rl"},"image":{"@id":"https:\/\/petitecave.ch\/de\/#\/schema\/logo\/image\/"},"sameAs":["https:\/\/www.facebook.com\/LaPetiteCaveDuChablais","https:\/\/www.instagram.com\/lapetitecaveduchablais","https:\/\/www.linkedin.com\/company\/la-petite-cave-du-chablais"]}]}},"_links":{"self":[{"href":"https:\/\/petitecave.ch\/de\/wp-json\/wp\/v2\/product\/10526","targetHints":{"allow":["GET"]}}],"collection":[{"href":"https:\/\/petitecave.ch\/de\/wp-json\/wp\/v2\/product"}],"about":[{"href":"https:\/\/petitecave.ch\/de\/wp-json\/wp\/v2\/types\/product"}],"replies":[{"embeddable":true,"href":"https:\/\/petitecave.ch\/de\/wp-json\/wp\/v2\/comments?post=10526"}],"wp:featuredmedia":[{"embeddable":true,"href":"https:\/\/petitecave.ch\/de\/wp-json\/wp\/v2\/media\/11888"}],"wp:attachment":[{"href":"https:\/\/petitecave.ch\/de\/wp-json\/wp\/v2\/media?parent=10526"}],"wp:term":[{"taxonomy":"product_cat","embeddable":true,"href":"https:\/\/petitecave.ch\/de\/wp-json\/wp\/v2\/product_cat?post=10526"},{"taxonomy":"product_tag","embeddable":true,"href":"https:\/\/petitecave.ch\/de\/wp-json\/wp\/v2\/product_tag?post=10526"}],"curies":[{"name":"wp","href":"https:\/\/api.w.org\/{rel}","templated":true}]}}