{"id":10520,"date":"2025-10-28T10:59:39","date_gmt":"2025-10-28T10:59:39","guid":{"rendered":""},"modified":"2026-02-20T16:21:23","modified_gmt":"2026-02-20T15:21:23","slug":"limonceflo-premium","status":"publish","type":"product","link":"https:\/\/petitecave.ch\/de\/product\/limonceflo-premium\/","title":{"rendered":"Limonceflo Premium 70cl"},"content":{"rendered":"<p>Une recette peu sucr\u00e9e aux d\u00e9licieux ar\u00f4mes de citron frais avec le parfait taux d&rsquo;alcool pour un digestif agr\u00e9able en bouche, frais et aromatique.<\/p>\n<p>\u00c0 utiliser \u00e9galement sous forme de cocktail pour l&rsquo;ap\u00e9ritif.<\/p>","protected":false},"excerpt":{"rendered":"<p><b>Limonceflo Premium &#8211; Lemon Brothers &#8211; St-L\u00e9gier<\/b><\/p>\n<p>\u00a0<\/p>\n<p>Les citrons, BIO, cueillis \u00e0 la main proviennent de la r\u00e9gion d&rsquo;Imperia au nord-ouest de l&rsquo;Italie. Ils sont transport\u00e9s jusque sur la Riviera vaudoise \u00e0 St-L\u00e9gier, c&rsquo;est l\u00e0 que tout commence !<\/p>\n<p>Les citrons sont soigneusement re-contr\u00f4l\u00e9s, lav\u00e9s puis zest\u00e9s par les mains familiales. Les zestes sont ensuite ajout\u00e9s dans de l&rsquo;alcool \u00e0 95\u00b0 et du sirop de sucre, provenant des environs. C&rsquo;est alors que commence la mac\u00e9ration qui va durer plusieurs semaines afin que chaque goutte d&rsquo;huile essentielle de citron soit extraite.\u00a0<\/p>","protected":false},"featured_media":11882,"comment_status":"open","ping_status":"open","template":"","meta":[],"product_cat":[269],"product_tag":[],"class_list":{"0":"post-10520","1":"product","2":"type-product","3":"status-publish","4":"has-post-thumbnail","6":"product_cat-liqueurs","7":"pa_country-suisse","8":"pa_volume-70-cl","9":"_wholesalex wsx-wholesalex-product","11":"first","12":"instock","13":"taxable","14":"shipping-taxable","15":"purchasable","16":"product-type-simple"},"_links":{"self":[{"href":"https:\/\/petitecave.ch\/de\/wp-json\/wp\/v2\/product\/10520","targetHints":{"allow":["GET"]}}],"collection":[{"href":"https:\/\/petitecave.ch\/de\/wp-json\/wp\/v2\/product"}],"about":[{"href":"https:\/\/petitecave.ch\/de\/wp-json\/wp\/v2\/types\/product"}],"replies":[{"embeddable":true,"href":"https:\/\/petitecave.ch\/de\/wp-json\/wp\/v2\/comments?post=10520"}],"wp:featuredmedia":[{"embeddable":true,"href":"https:\/\/petitecave.ch\/de\/wp-json\/wp\/v2\/media\/11882"}],"wp:attachment":[{"href":"https:\/\/petitecave.ch\/de\/wp-json\/wp\/v2\/media?parent=10520"}],"wp:term":[{"taxonomy":"product_cat","embeddable":true,"href":"https:\/\/petitecave.ch\/de\/wp-json\/wp\/v2\/product_cat?post=10520"},{"taxonomy":"product_tag","embeddable":true,"href":"https:\/\/petitecave.ch\/de\/wp-json\/wp\/v2\/product_tag?post=10520"}],"curies":[{"name":"wp","href":"https:\/\/api.w.org\/{rel}","templated":true}]}}