{"id":10519,"date":"2025-10-28T10:59:39","date_gmt":"2025-10-28T10:59:39","guid":{"rendered":""},"modified":"2026-02-24T10:08:37","modified_gmt":"2026-02-24T09:08:37","slug":"senza-parole-negroamaro-di-puglia-igt","status":"publish","type":"product","link":"https:\/\/petitecave.ch\/de\/product\/senza-parole-negroamaro-di-puglia-igt\/","title":{"rendered":"Senza Parole &#8211; Negroamaro di Puglia IGT"},"content":{"rendered":"<p><strong>C\u00e9page :\u00a0<\/strong>Negroamaro<\/p>\n<p><strong>Nez :\u00a0<\/strong>Notes de baies juteuses, de cerises et de fraises m\u00fbres et une l\u00e9g\u00e8re touche torr\u00e9fi\u00e9e<\/p>\n<p><strong>Bouche :\u00a0<\/strong>L\u00e9gere et fruit\u00e9 avec un soup\u00e7on d&rsquo;\u00e9pices\u00a0<\/p>\n<p><strong>Accompagnement :<\/strong>\u00a0Id\u00e9al avec\u00a0des grillades, de la charcuterie, des lasagnes ou encore des fromages de ch\u00e8vre et de brebis<\/p>\n<p><strong>Temps de garde :<\/strong> 2 \u00e0 3 ans<\/p>","protected":false},"excerpt":{"rendered":"<p><b>Senza Parole &#8211; Negroamaro di Puglia IGT\u00a0<\/b><\/p>","protected":false},"featured_media":11881,"comment_status":"open","ping_status":"open","template":"","meta":[],"product_cat":[253],"product_tag":[],"class_list":{"0":"post-10519","1":"product","2":"type-product","3":"status-publish","4":"has-post-thumbnail","6":"product_cat-vins","7":"pa_color-rouge","8":"pa_country-suisse","9":"pa_volume-75-cl","10":"_wholesalex wsx-wholesalex-product","12":"first","13":"instock","14":"taxable","15":"shipping-taxable","16":"purchasable","17":"product-type-simple"},"_links":{"self":[{"href":"https:\/\/petitecave.ch\/de\/wp-json\/wp\/v2\/product\/10519","targetHints":{"allow":["GET"]}}],"collection":[{"href":"https:\/\/petitecave.ch\/de\/wp-json\/wp\/v2\/product"}],"about":[{"href":"https:\/\/petitecave.ch\/de\/wp-json\/wp\/v2\/types\/product"}],"replies":[{"embeddable":true,"href":"https:\/\/petitecave.ch\/de\/wp-json\/wp\/v2\/comments?post=10519"}],"wp:featuredmedia":[{"embeddable":true,"href":"https:\/\/petitecave.ch\/de\/wp-json\/wp\/v2\/media\/11881"}],"wp:attachment":[{"href":"https:\/\/petitecave.ch\/de\/wp-json\/wp\/v2\/media?parent=10519"}],"wp:term":[{"taxonomy":"product_cat","embeddable":true,"href":"https:\/\/petitecave.ch\/de\/wp-json\/wp\/v2\/product_cat?post=10519"},{"taxonomy":"product_tag","embeddable":true,"href":"https:\/\/petitecave.ch\/de\/wp-json\/wp\/v2\/product_tag?post=10519"}],"curies":[{"name":"wp","href":"https:\/\/api.w.org\/{rel}","templated":true}]}}