{"id":10515,"date":"2025-12-22T10:59:35","date_gmt":"2025-12-22T09:59:35","guid":{"rendered":""},"modified":"2026-02-24T11:26:35","modified_gmt":"2026-02-24T10:26:35","slug":"chianti-classico-riserva-il-grigio-san-felice","status":"publish","type":"product","link":"https:\/\/petitecave.ch\/de\/product\/chianti-classico-riserva-il-grigio-san-felice\/","title":{"rendered":"Chianti Classico Riserva Il Grigio &#8211; San Felice"},"content":{"rendered":"<p><span style=\"color: #000000;\"><b>C\u00e9page :\u00a0<\/b>Sangiovese &#8211; \u00c9lev\u00e9 2 ans en foudre (80%) et barrique (20%).<\/span><\/p>\n<p><span style=\"color: #000000;\"><b>Nez :\u00a0<\/b>Il d\u00e9voile de d\u00e9licieuses notes fruit\u00e9es d&rsquo;\u00e9corces d&rsquo;agrumes et de baies avec une touche de violette.<\/span><\/p>\n<p><span style=\"color: #000000;\"><b>Bouche :\u00a0<\/b>Puissante avec de beaux tanins et une l\u00e9g\u00e8re acidit\u00e9 qui lui apporte de la fra\u00eecheur, la finale est persistante.<\/span><\/p>\n<p><span style=\"color: #000000;\"><b>Accompagnement :\u00a0<\/b>Parfait pour accompagner des viandes rouges et des fromages affin\u00e9s.<\/span><b><\/b><\/p>","protected":false},"excerpt":{"rendered":"<p><span style=\"color: #000000;\"><strong><i>Chianti Classico DOCG<\/i><\/strong><\/span><\/p>","protected":false},"featured_media":18311,"comment_status":"open","ping_status":"closed","template":"","meta":[],"product_cat":[369,253],"product_tag":[],"class_list":{"0":"post-10515","1":"product","2":"type-product","3":"status-publish","4":"has-post-thumbnail","6":"product_cat-rouge","7":"product_cat-vins","8":"pa_color-rouge","9":"pa_country-italie","10":"pa_volume-150-cl-vp","11":"pa_volume-300-cl-3","12":"pa_volume-500-cl-2","13":"pa_volume-75-cl","14":"_wholesalex wsx-wholesalex-product","16":"first","17":"instock","18":"taxable","19":"shipping-taxable","20":"purchasable","21":"product-type-variable"},"_links":{"self":[{"href":"https:\/\/petitecave.ch\/de\/wp-json\/wp\/v2\/product\/10515","targetHints":{"allow":["GET"]}}],"collection":[{"href":"https:\/\/petitecave.ch\/de\/wp-json\/wp\/v2\/product"}],"about":[{"href":"https:\/\/petitecave.ch\/de\/wp-json\/wp\/v2\/types\/product"}],"replies":[{"embeddable":true,"href":"https:\/\/petitecave.ch\/de\/wp-json\/wp\/v2\/comments?post=10515"}],"wp:featuredmedia":[{"embeddable":true,"href":"https:\/\/petitecave.ch\/de\/wp-json\/wp\/v2\/media\/18311"}],"wp:attachment":[{"href":"https:\/\/petitecave.ch\/de\/wp-json\/wp\/v2\/media?parent=10515"}],"wp:term":[{"taxonomy":"product_cat","embeddable":true,"href":"https:\/\/petitecave.ch\/de\/wp-json\/wp\/v2\/product_cat?post=10515"},{"taxonomy":"product_tag","embeddable":true,"href":"https:\/\/petitecave.ch\/de\/wp-json\/wp\/v2\/product_tag?post=10515"}],"curies":[{"name":"wp","href":"https:\/\/api.w.org\/{rel}","templated":true}]}}