{"id":10511,"date":"2025-12-22T10:59:31","date_gmt":"2025-12-22T09:59:31","guid":{"rendered":""},"modified":"2026-02-24T07:43:46","modified_gmt":"2026-02-24T06:43:46","slug":"nin-susumaniello-ionis","status":"publish","type":"product","link":"https:\/\/petitecave.ch\/de\/product\/nin-susumaniello-ionis\/","title":{"rendered":"Nin\u00ec Susumaniello &#8211; Ionis 75cl"},"content":{"rendered":"<p><span style=\"color: #000000;\"><b>C\u00e9page :<\/b> Susumaniello &#8211; \u00c9lev\u00e9 en f\u00fbt de ch\u00eane<\/span><\/p>\n<p><span style=\"color: #000000;\"><b>Nez :<\/b> Notes de fruits rouges et d&rsquo;\u00e9pices.<\/span><\/p>\n<p><span style=\"color: #000000;\"><b>Bouche :<\/b> Cors\u00e9e, fruit\u00e9e avec une finale persistante.<\/span><\/p>\n<p><span style=\"color: #000000;\"><b>Accompagnement :<\/b> Id\u00e9al avec des p\u00e2tes, des viandes grill\u00e9es, de la charcuterie et du fromage.<\/span><\/p>","protected":false},"excerpt":{"rendered":"<p><strong><span style=\"color: #000000;\"><i>Susumaniello Nin\u00ec IGT<\/i><\/span><\/strong><\/p>\n<p><span style=\"color: #000000;\"><i>Un vin typique des Pouilles gorg\u00e9 de savoir-faire et de soleil.<\/i><\/span><\/p>","protected":false},"featured_media":18323,"comment_status":"open","ping_status":"closed","template":"","meta":[],"product_cat":[369,253],"product_tag":[],"class_list":{"0":"post-10511","1":"product","2":"type-product","3":"status-publish","4":"has-post-thumbnail","6":"product_cat-rouge","7":"product_cat-vins","8":"pa_color-rouge","9":"pa_country-italie","10":"pa_volume-75-cl","11":"_wholesalex wsx-wholesalex-product","13":"first","14":"instock","15":"taxable","16":"shipping-taxable","17":"purchasable","18":"product-type-simple"},"_links":{"self":[{"href":"https:\/\/petitecave.ch\/de\/wp-json\/wp\/v2\/product\/10511","targetHints":{"allow":["GET"]}}],"collection":[{"href":"https:\/\/petitecave.ch\/de\/wp-json\/wp\/v2\/product"}],"about":[{"href":"https:\/\/petitecave.ch\/de\/wp-json\/wp\/v2\/types\/product"}],"replies":[{"embeddable":true,"href":"https:\/\/petitecave.ch\/de\/wp-json\/wp\/v2\/comments?post=10511"}],"wp:featuredmedia":[{"embeddable":true,"href":"https:\/\/petitecave.ch\/de\/wp-json\/wp\/v2\/media\/18323"}],"wp:attachment":[{"href":"https:\/\/petitecave.ch\/de\/wp-json\/wp\/v2\/media?parent=10511"}],"wp:term":[{"taxonomy":"product_cat","embeddable":true,"href":"https:\/\/petitecave.ch\/de\/wp-json\/wp\/v2\/product_cat?post=10511"},{"taxonomy":"product_tag","embeddable":true,"href":"https:\/\/petitecave.ch\/de\/wp-json\/wp\/v2\/product_tag?post=10511"}],"curies":[{"name":"wp","href":"https:\/\/api.w.org\/{rel}","templated":true}]}}