{"id":10509,"date":"2025-12-22T10:59:30","date_gmt":"2025-12-22T09:59:30","guid":{"rendered":""},"modified":"2026-02-24T10:08:36","modified_gmt":"2026-02-24T09:08:36","slug":"san-zio-leonardo-da-vinci","status":"publish","type":"product","link":"https:\/\/petitecave.ch\/de\/product\/san-zio-leonardo-da-vinci\/","title":{"rendered":"San Zio &#8211; Leonardo Da Vinci 75cl"},"content":{"rendered":"<p><span style=\"color: #000000;\"><b>C\u00e9page :<\/b> Sangiovese<\/span><\/p>\n<p><span style=\"color: #000000;\"><b>Nez :<\/b> Puissants ar\u00f4mes de fruits noirs et rouges comme la m\u00fbre, la groseille compl\u00e9t\u00e9es de fruits secs et de notes d\u00e9licatement chocolat\u00e9es et fum\u00e9es.<\/span><\/p>\n<p><span style=\"color: #000000;\"><b>Bouche :<\/b> Souple, harmonieuse et intens\u00e9ment fruit\u00e9e avec une belle fra\u00eecheur et une douceur agr\u00e9able non sucr\u00e9e.<\/span><\/p>\n<p><span style=\"color: #000000;\"><b>Accompagnement :\u00a0<\/b>Parfait pour accompagner des plats de p\u00e2tes, des viandes et des grillades.<\/span><\/p>","protected":false},"excerpt":{"rendered":"<p><strong><span style=\"color: #000000;\"><i>Toscana IGT<\/i><\/span><\/strong><\/p>","protected":false},"featured_media":18325,"comment_status":"open","ping_status":"closed","template":"","meta":[],"product_cat":[369,253],"product_tag":[],"class_list":{"0":"post-10509","1":"product","2":"type-product","3":"status-publish","4":"has-post-thumbnail","6":"product_cat-rouge","7":"product_cat-vins","8":"pa_color-rouge","9":"pa_country-italie","10":"pa_volume-75-cl","11":"_wholesalex wsx-wholesalex-product","13":"first","14":"instock","15":"taxable","16":"shipping-taxable","17":"purchasable","18":"product-type-simple"},"_links":{"self":[{"href":"https:\/\/petitecave.ch\/de\/wp-json\/wp\/v2\/product\/10509","targetHints":{"allow":["GET"]}}],"collection":[{"href":"https:\/\/petitecave.ch\/de\/wp-json\/wp\/v2\/product"}],"about":[{"href":"https:\/\/petitecave.ch\/de\/wp-json\/wp\/v2\/types\/product"}],"replies":[{"embeddable":true,"href":"https:\/\/petitecave.ch\/de\/wp-json\/wp\/v2\/comments?post=10509"}],"wp:featuredmedia":[{"embeddable":true,"href":"https:\/\/petitecave.ch\/de\/wp-json\/wp\/v2\/media\/18325"}],"wp:attachment":[{"href":"https:\/\/petitecave.ch\/de\/wp-json\/wp\/v2\/media?parent=10509"}],"wp:term":[{"taxonomy":"product_cat","embeddable":true,"href":"https:\/\/petitecave.ch\/de\/wp-json\/wp\/v2\/product_cat?post=10509"},{"taxonomy":"product_tag","embeddable":true,"href":"https:\/\/petitecave.ch\/de\/wp-json\/wp\/v2\/product_tag?post=10509"}],"curies":[{"name":"wp","href":"https:\/\/api.w.org\/{rel}","templated":true}]}}