{"id":10508,"date":"2025-12-22T10:59:29","date_gmt":"2025-12-22T09:59:29","guid":{"rendered":""},"modified":"2026-02-24T10:08:38","modified_gmt":"2026-02-24T09:08:38","slug":"sto-ippolito-leonardo-da-vinci","status":"publish","type":"product","link":"https:\/\/petitecave.ch\/de\/product\/sto-ippolito-leonardo-da-vinci\/","title":{"rendered":"Sto Ippolito &#8211; Leonardo da Vinci 75cl"},"content":{"rendered":"<p><span style=\"color: #000000;\"><b>C\u00e9pages :<\/b> Merlot, Sangiovese et Syrah<\/span><\/p>\n<p><span style=\"color: #000000;\"><b>Nez :<\/b> Ar\u00f4mes de fruits rouges et noirs comma la m\u00fbre, le cassis, la cerise et la prune.\u00a0<\/span><\/p>\n<p><span style=\"color: #000000;\"><b>Bouche :<\/b> Ample et g\u00e9n\u00e9reuse aux ar\u00f4mes de fruits confits compl\u00e9t\u00e9s de notes de cacao et de vanille. Les tanins sont l\u00e9gers et bien structur\u00e9s, la finale se fait dans la douceur et l&rsquo;harmonie.<\/span><\/p>\n<p><span style=\"color: #000000;\"><b>Accompagnement :<\/b> Parfait pour accompagner des viandes rouges et des plats de p\u00e2tes.<\/span><\/p>","protected":false},"excerpt":{"rendered":"<p><strong><span style=\"color: #000000;\"><i>Toscana IGT <\/i><\/span><\/strong><\/p>","protected":false},"featured_media":18328,"comment_status":"open","ping_status":"closed","template":"","meta":[],"product_cat":[369,253],"product_tag":[],"class_list":{"0":"post-10508","1":"product","2":"type-product","3":"status-publish","4":"has-post-thumbnail","6":"product_cat-rouge","7":"product_cat-vins","8":"pa_color-rouge","9":"pa_country-italie","10":"pa_volume-75-cl","11":"_wholesalex wsx-wholesalex-product","13":"first","14":"instock","15":"taxable","16":"shipping-taxable","17":"purchasable","18":"product-type-simple"},"_links":{"self":[{"href":"https:\/\/petitecave.ch\/de\/wp-json\/wp\/v2\/product\/10508","targetHints":{"allow":["GET"]}}],"collection":[{"href":"https:\/\/petitecave.ch\/de\/wp-json\/wp\/v2\/product"}],"about":[{"href":"https:\/\/petitecave.ch\/de\/wp-json\/wp\/v2\/types\/product"}],"replies":[{"embeddable":true,"href":"https:\/\/petitecave.ch\/de\/wp-json\/wp\/v2\/comments?post=10508"}],"wp:featuredmedia":[{"embeddable":true,"href":"https:\/\/petitecave.ch\/de\/wp-json\/wp\/v2\/media\/18328"}],"wp:attachment":[{"href":"https:\/\/petitecave.ch\/de\/wp-json\/wp\/v2\/media?parent=10508"}],"wp:term":[{"taxonomy":"product_cat","embeddable":true,"href":"https:\/\/petitecave.ch\/de\/wp-json\/wp\/v2\/product_cat?post=10508"},{"taxonomy":"product_tag","embeddable":true,"href":"https:\/\/petitecave.ch\/de\/wp-json\/wp\/v2\/product_tag?post=10508"}],"curies":[{"name":"wp","href":"https:\/\/api.w.org\/{rel}","templated":true}]}}