{"id":10506,"date":"2025-12-22T10:59:27","date_gmt":"2025-12-22T09:59:27","guid":{"rendered":""},"modified":"2026-02-13T10:40:24","modified_gmt":"2026-02-13T09:40:24","slug":"testamatta-2016-bibi-graetz","status":"publish","type":"product","link":"https:\/\/petitecave.ch\/de\/product\/testamatta-2016-bibi-graetz\/","title":{"rendered":"Testamatta 2016 &#8211; Bibi Graetz 75cl"},"content":{"rendered":"<p><span style=\"color: #000000;\"><b>C\u00e9page :<\/b> Sangiovese &#8211; \u00c9lev\u00e9 18 mois en f\u00fbt de ch\u00eane et 6 mois en bouteille avant sa commercialisation<\/span><\/p>\n<p><span style=\"color: #000000;\"><b>Nez :<\/b> Un bouquet aromatique aux notes de fruits rouges comme la cerise et la griotte accompagn\u00e9es d&rsquo;ar\u00f4mes de tabac et de cuir.<\/span><\/p>\n<p><span style=\"color: #000000;\"><b>Bouche :<\/b> \u00c9l\u00e9gante, complexe et harmonieuse avec de beaux tanins serr\u00e9s et soyeux et une finale persistante.<\/span><\/p>\n<p><span style=\"color: #000000;\"><b>Accompagnement :\u00a0<\/b>Id\u00e9al avec de belles viandes rouges et des fromages affin\u00e9s.<\/span><\/p>\n<p><span style=\"color: #000000;\"><b>Potentiel de garde :<\/b> 2022 &#8211; 2040<\/span><\/p>","protected":false},"excerpt":{"rendered":"<p><span style=\"color: #000000;\"><strong><i>Toscana IGT<\/i><\/strong><\/span><i><\/i><\/p>\n<p><span style=\"color: #000000;\"><i>Situ\u00e9 au coeur la Toscane, non loin de Florence, le vignoble ne compte pas moins de 80 hectares plant\u00e9s sur les collines de Fiesole qui surplombent la capitale Toscane.<br \/>\n<\/i><\/span><span style=\"color: #000000;\"><i>D&rsquo;abord dipl\u00f4m\u00e9 en Arts de l&rsquo;Academia dell&rsquo;Arte de Florence, Bibi Graetz se prend de passion pour le vin et d\u00e9cide de collaborer avec Alberto Antonini. C&rsquo;est lui-m\u00eame qui dessine les \u00e9tiquettes de ses vins.<\/i><\/span><\/p>","protected":false},"featured_media":18331,"comment_status":"open","ping_status":"closed","template":"","meta":[],"product_cat":[369,253],"product_tag":[],"class_list":{"0":"post-10506","1":"product","2":"type-product","3":"status-publish","4":"has-post-thumbnail","6":"product_cat-rouge","7":"product_cat-vins","8":"pa_color-rouge","9":"pa_country-italie","10":"pa_volume-75-cl","11":"_wholesalex wsx-wholesalex-product","13":"first","14":"instock","15":"taxable","16":"shipping-taxable","17":"purchasable","18":"product-type-simple"},"_links":{"self":[{"href":"https:\/\/petitecave.ch\/de\/wp-json\/wp\/v2\/product\/10506","targetHints":{"allow":["GET"]}}],"collection":[{"href":"https:\/\/petitecave.ch\/de\/wp-json\/wp\/v2\/product"}],"about":[{"href":"https:\/\/petitecave.ch\/de\/wp-json\/wp\/v2\/types\/product"}],"replies":[{"embeddable":true,"href":"https:\/\/petitecave.ch\/de\/wp-json\/wp\/v2\/comments?post=10506"}],"wp:featuredmedia":[{"embeddable":true,"href":"https:\/\/petitecave.ch\/de\/wp-json\/wp\/v2\/media\/18331"}],"wp:attachment":[{"href":"https:\/\/petitecave.ch\/de\/wp-json\/wp\/v2\/media?parent=10506"}],"wp:term":[{"taxonomy":"product_cat","embeddable":true,"href":"https:\/\/petitecave.ch\/de\/wp-json\/wp\/v2\/product_cat?post=10506"},{"taxonomy":"product_tag","embeddable":true,"href":"https:\/\/petitecave.ch\/de\/wp-json\/wp\/v2\/product_tag?post=10506"}],"curies":[{"name":"wp","href":"https:\/\/api.w.org\/{rel}","templated":true}]}}