{"id":10505,"date":"2025-12-23T08:59:26","date_gmt":"2025-12-23T07:59:26","guid":{"rendered":""},"modified":"2026-02-13T10:32:11","modified_gmt":"2026-02-13T09:32:11","slug":"colore-bibi-graetz","status":"publish","type":"product","link":"https:\/\/petitecave.ch\/de\/product\/colore-bibi-graetz\/","title":{"rendered":"Colore &#8211; Bibi Graetz 75cl"},"content":{"rendered":"<p><span style=\"color: #000000;\"><b>C\u00e9page :<\/b> Sangiovese (80%), Colorino (10%) et Canaiolo (10%) &#8211; \u00c9lev\u00e9 24 mois en f\u00fbts de ch\u00eane dont 50% neuf et 6 mois en bouteille avant sa commercialisation.<\/span><\/p>\n<p><span style=\"color: #000000;\"><b>Nez :<\/b> Un bouquet aromatique aux notes de petits fruits noirs et d&rsquo;herbes presque grill\u00e9es.<\/span><\/p>\n<p><span style=\"color: #000000;\"><b>Bouche :<\/b> \u00c9l\u00e9gant, complexe et min\u00e9ral, le fruit est bien pr\u00e9sent et persiste en finale.<\/span><\/p>\n<p><span style=\"color: #000000;\"><b>Accompagnement :\u00a0<\/b>Id\u00e9al avec de belles viandes rouges et des fromages comme le Pecorino.<\/span><\/p>\n<p><span style=\"color: #000000;\"><strong>Potentiel de garde :<\/strong> 2020 &#8211; 2040<\/span><\/p>","protected":false},"excerpt":{"rendered":"<p><span style=\"color: #000000;\"><strong><i>Toscana IGT<\/i><\/strong><i><\/i><\/span><\/p>\n<p><span style=\"color: #000000;\"><i>Situ\u00e9 au c\u0153ur la Toscane, non loin de Florence, le vignoble ne compte pas moins de 80 hectares plant\u00e9s sur les collines de Fiesole qui surplombent la capitale Toscane.\u00a0<\/i><\/span><\/p>\n<p><span style=\"color: #000000;\"><i>D&rsquo;abord dipl\u00f4m\u00e9 en Arts de l&rsquo;Academia dell&rsquo;Arte de Florence, Bibi Graetz se prend de passion pour le vin et d\u00e9cide de collaborer avec Alberto Antonini. C&rsquo;est lui-m\u00eame qui dessine les \u00e9tiquettes de ses vins.<\/i><\/span><\/p>","protected":false},"featured_media":18371,"comment_status":"open","ping_status":"closed","template":"","meta":[],"product_cat":[369,253],"product_tag":[],"class_list":{"0":"post-10505","1":"product","2":"type-product","3":"status-publish","4":"has-post-thumbnail","6":"product_cat-rouge","7":"product_cat-vins","8":"pa_color-rouge","9":"pa_country-italie","10":"pa_volume-75-cl","11":"_wholesalex wsx-wholesalex-product","13":"first","14":"instock","15":"taxable","16":"shipping-taxable","17":"purchasable","18":"product-type-simple"},"_links":{"self":[{"href":"https:\/\/petitecave.ch\/de\/wp-json\/wp\/v2\/product\/10505","targetHints":{"allow":["GET"]}}],"collection":[{"href":"https:\/\/petitecave.ch\/de\/wp-json\/wp\/v2\/product"}],"about":[{"href":"https:\/\/petitecave.ch\/de\/wp-json\/wp\/v2\/types\/product"}],"replies":[{"embeddable":true,"href":"https:\/\/petitecave.ch\/de\/wp-json\/wp\/v2\/comments?post=10505"}],"wp:featuredmedia":[{"embeddable":true,"href":"https:\/\/petitecave.ch\/de\/wp-json\/wp\/v2\/media\/18371"}],"wp:attachment":[{"href":"https:\/\/petitecave.ch\/de\/wp-json\/wp\/v2\/media?parent=10505"}],"wp:term":[{"taxonomy":"product_cat","embeddable":true,"href":"https:\/\/petitecave.ch\/de\/wp-json\/wp\/v2\/product_cat?post=10505"},{"taxonomy":"product_tag","embeddable":true,"href":"https:\/\/petitecave.ch\/de\/wp-json\/wp\/v2\/product_tag?post=10505"}],"curies":[{"name":"wp","href":"https:\/\/api.w.org\/{rel}","templated":true}]}}