{"id":10502,"date":"2026-04-09T08:59:24","date_gmt":"2026-04-09T06:59:24","guid":{"rendered":""},"modified":"2026-04-09T10:03:17","modified_gmt":"2026-04-09T08:03:17","slug":"apologia-freeze-ros-75cl","status":"publish","type":"product","link":"https:\/\/petitecave.ch\/de\/product\/apologia-freeze-ros-75cl\/","title":{"rendered":"Apologia Freeze Ros\u00e9 75cl"},"content":{"rendered":"","protected":false},"excerpt":{"rendered":"<p data-start=\"159\" data-end=\"324\"><span style=\"color: #000000;\">D\u00e9couvre <strong data-start=\"168\" data-end=\"194\">l\u2019Apologia Freeze Ros\u00e9<\/strong>, un vin ros\u00e9 original issu d\u2019un <strong data-start=\"227\" data-end=\"259\">assemblage de c\u00e9pages rouges<\/strong>, pens\u00e9 pour des moments de plaisir simples et rafra\u00eechissants.<\/span><\/p>\n<p data-start=\"326\" data-end=\"570\"><span style=\"color: #000000;\">Au nez, il s\u2019exprime sur de <strong data-start=\"354\" data-end=\"379\">belles notes fruit\u00e9es<\/strong>, gourmandes et s\u00e9duisantes. En bouche, la surprise est au rendez-vous : une <strong data-start=\"456\" data-end=\"482\">d\u00e9licate effervescence<\/strong>, une douceur ma\u00eetris\u00e9e et des <strong data-start=\"513\" data-end=\"531\">ar\u00f4mes fruit\u00e9s<\/strong> qui apportent l\u00e9g\u00e8ret\u00e9 et fra\u00eecheur.<\/span><\/p>\n<p data-start=\"326\" data-end=\"570\"><span style=\"color: #000000;\"><strong data-start=\"771\" data-end=\"802\">Suggestion de d\u00e9gustation :<\/strong><\/span><br data-start=\"802\" data-end=\"805\" \/><span style=\"color: #000000;\">\u00c0 servir <strong data-start=\"814\" data-end=\"828\">bien frais<\/strong>, id\u00e9alement tr\u00e8s rafra\u00eechi, pour profiter pleinement de son c\u00f4t\u00e9 \u201cfreeze\u201d et de sa fra\u00eecheur.<\/span><\/p>","protected":false},"featured_media":19307,"comment_status":"open","ping_status":"closed","template":"","meta":[],"product_cat":[253,342],"product_tag":[],"class_list":{"0":"post-10502","1":"product","2":"type-product","3":"status-publish","4":"has-post-thumbnail","6":"product_cat-vins","7":"product_cat-vins-petillants","8":"pa_categorie-vins-roses","9":"pa_color-rose","10":"pa_country-suisse","11":"pa_type-vin-petillant","12":"pa_volume-75-cl","13":"_wholesalex wsx-wholesalex-product","15":"first","16":"instock","17":"taxable","18":"shipping-taxable","19":"purchasable","20":"product-type-simple"},"yoast_head":"<!-- This site is optimized with the Yoast SEO plugin v27.4 - https:\/\/yoast.com\/product\/yoast-seo-wordpress\/ -->\n<title>Apologia Freeze Ros\u00e9 75cl | La Petite Cave du Chablais<\/title>\n<meta name=\"robots\" content=\"index, follow, max-snippet:-1, max-image-preview:large, max-video-preview:-1\" \/>\n<link rel=\"canonical\" href=\"https:\/\/petitecave.ch\/de\/product\/apologia-freeze-ros-75cl\/\" \/>\n<meta property=\"og:locale\" content=\"de_DE\" \/>\n<meta property=\"og:type\" content=\"article\" \/>\n<meta property=\"og:title\" content=\"Apologia Freeze Ros\u00e9 75cl | La Petite Cave du Chablais\" \/>\n<meta property=\"og:description\" content=\"D\u00e9couvre l\u2019Apologia Freeze Ros\u00e9, un vin ros\u00e9 original issu d\u2019un assemblage de c\u00e9pages rouges, pens\u00e9 pour des moments de plaisir simples et rafra\u00eechissants. Au nez, il s\u2019exprime sur de belles notes fruit\u00e9es, gourmandes et s\u00e9duisantes. En bouche, la surprise est au rendez-vous : une d\u00e9licate effervescence, une douceur ma\u00eetris\u00e9e et des ar\u00f4mes fruit\u00e9s qui apportent l\u00e9g\u00e8ret\u00e9 et fra\u00eecheur. Suggestion de d\u00e9gustation :\u00c0 servir bien frais, id\u00e9alement tr\u00e8s rafra\u00eechi, pour profiter pleinement de son c\u00f4t\u00e9 \u201cfreeze\u201d et de sa fra\u00eecheur.\" \/>\n<meta property=\"og:url\" content=\"https:\/\/petitecave.ch\/de\/product\/apologia-freeze-ros-75cl\/\" \/>\n<meta property=\"og:site_name\" content=\"La Petite Cave du Chablais\" \/>\n<meta property=\"article:publisher\" content=\"https:\/\/www.facebook.com\/LaPetiteCaveDuChablais\" \/>\n<meta property=\"article:modified_time\" content=\"2026-04-09T08:03:17+00:00\" \/>\n<meta property=\"og:image\" content=\"https:\/\/petitecave.ch\/wp-content\/uploads\/2025\/10\/Apologia-Freeze-Rose-75cl.png\" \/>\n\t<meta property=\"og:image:width\" content=\"1000\" \/>\n\t<meta property=\"og:image:height\" content=\"1000\" \/>\n\t<meta property=\"og:image:type\" content=\"image\/png\" \/>\n<meta name=\"twitter:card\" content=\"summary_large_image\" \/>\n<script type=\"application\/ld+json\" class=\"yoast-schema-graph\">{\"@context\":\"https:\\\/\\\/schema.org\",\"@graph\":[{\"@type\":\"WebPage\",\"@id\":\"https:\\\/\\\/petitecave.ch\\\/de\\\/product\\\/apologia-freeze-ros-75cl\\\/\",\"url\":\"https:\\\/\\\/petitecave.ch\\\/de\\\/product\\\/apologia-freeze-ros-75cl\\\/\",\"name\":\"Apologia Freeze Ros\u00e9 75cl | La Petite Cave du Chablais\",\"isPartOf\":{\"@id\":\"https:\\\/\\\/petitecave.ch\\\/de\\\/#website\"},\"primaryImageOfPage\":{\"@id\":\"https:\\\/\\\/petitecave.ch\\\/de\\\/product\\\/apologia-freeze-ros-75cl\\\/#primaryimage\"},\"image\":{\"@id\":\"https:\\\/\\\/petitecave.ch\\\/de\\\/product\\\/apologia-freeze-ros-75cl\\\/#primaryimage\"},\"thumbnailUrl\":\"https:\\\/\\\/petitecave.ch\\\/wp-content\\\/uploads\\\/2025\\\/10\\\/Apologia-Freeze-Rose-75cl.png\",\"datePublished\":\"2026-04-09T06:59:24+00:00\",\"dateModified\":\"2026-04-09T08:03:17+00:00\",\"breadcrumb\":{\"@id\":\"https:\\\/\\\/petitecave.ch\\\/de\\\/product\\\/apologia-freeze-ros-75cl\\\/#breadcrumb\"},\"inLanguage\":\"de-CH\",\"potentialAction\":[{\"@type\":\"ReadAction\",\"target\":[\"https:\\\/\\\/petitecave.ch\\\/de\\\/product\\\/apologia-freeze-ros-75cl\\\/\"]}]},{\"@type\":\"ImageObject\",\"inLanguage\":\"de-CH\",\"@id\":\"https:\\\/\\\/petitecave.ch\\\/de\\\/product\\\/apologia-freeze-ros-75cl\\\/#primaryimage\",\"url\":\"https:\\\/\\\/petitecave.ch\\\/wp-content\\\/uploads\\\/2025\\\/10\\\/Apologia-Freeze-Rose-75cl.png\",\"contentUrl\":\"https:\\\/\\\/petitecave.ch\\\/wp-content\\\/uploads\\\/2025\\\/10\\\/Apologia-Freeze-Rose-75cl.png\",\"width\":1000,\"height\":1000},{\"@type\":\"BreadcrumbList\",\"@id\":\"https:\\\/\\\/petitecave.ch\\\/de\\\/product\\\/apologia-freeze-ros-75cl\\\/#breadcrumb\",\"itemListElement\":[{\"@type\":\"ListItem\",\"position\":1,\"name\":\"Accueil\",\"item\":\"https:\\\/\\\/petitecave.ch\\\/de\\\/\"},{\"@type\":\"ListItem\",\"position\":2,\"name\":\"Produkte\",\"item\":\"https:\\\/\\\/petitecave.ch\\\/de\\\/shop\\\/\"},{\"@type\":\"ListItem\",\"position\":3,\"name\":\"Apologia Freeze Ros\u00e9 75cl\"}]},{\"@type\":\"WebSite\",\"@id\":\"https:\\\/\\\/petitecave.ch\\\/de\\\/#website\",\"url\":\"https:\\\/\\\/petitecave.ch\\\/de\\\/\",\"name\":\"La Petite Cave du Chablais\",\"description\":\"Vins, bi\u00e8res et spiritueux en ligne !\",\"publisher\":{\"@id\":\"https:\\\/\\\/petitecave.ch\\\/de\\\/#organization\"},\"alternateName\":\"La Petite Cave\",\"potentialAction\":[{\"@type\":\"SearchAction\",\"target\":{\"@type\":\"EntryPoint\",\"urlTemplate\":\"https:\\\/\\\/petitecave.ch\\\/de\\\/?s={search_term_string}\"},\"query-input\":{\"@type\":\"PropertyValueSpecification\",\"valueRequired\":true,\"valueName\":\"search_term_string\"}}],\"inLanguage\":\"de-CH\"},{\"@type\":\"Organization\",\"@id\":\"https:\\\/\\\/petitecave.ch\\\/de\\\/#organization\",\"name\":\"La Petite Cave du Chablais S\u00e0rl\",\"url\":\"https:\\\/\\\/petitecave.ch\\\/de\\\/\",\"logo\":{\"@type\":\"ImageObject\",\"inLanguage\":\"de-CH\",\"@id\":\"https:\\\/\\\/petitecave.ch\\\/de\\\/#\\\/schema\\\/logo\\\/image\\\/\",\"url\":\"https:\\\/\\\/petitecave.ch\\\/wp-content\\\/uploads\\\/2025\\\/10\\\/petitecavelogo-removebg-preview.png\",\"contentUrl\":\"https:\\\/\\\/petitecave.ch\\\/wp-content\\\/uploads\\\/2025\\\/10\\\/petitecavelogo-removebg-preview.png\",\"width\":800,\"height\":200,\"caption\":\"La Petite Cave du Chablais S\u00e0rl\"},\"image\":{\"@id\":\"https:\\\/\\\/petitecave.ch\\\/de\\\/#\\\/schema\\\/logo\\\/image\\\/\"},\"sameAs\":[\"https:\\\/\\\/www.facebook.com\\\/LaPetiteCaveDuChablais\",\"https:\\\/\\\/www.instagram.com\\\/lapetitecaveduchablais\",\"https:\\\/\\\/www.linkedin.com\\\/company\\\/la-petite-cave-du-chablais\"]}]}<\/script>\n<!-- \/ Yoast SEO plugin. -->","yoast_head_json":{"title":"Apologia Freeze Ros\u00e9 75cl | La Petite Cave du Chablais","robots":{"index":"index","follow":"follow","max-snippet":"max-snippet:-1","max-image-preview":"max-image-preview:large","max-video-preview":"max-video-preview:-1"},"canonical":"https:\/\/petitecave.ch\/de\/product\/apologia-freeze-ros-75cl\/","og_locale":"de_DE","og_type":"article","og_title":"Apologia Freeze Ros\u00e9 75cl | La Petite Cave du Chablais","og_description":"D\u00e9couvre l\u2019Apologia Freeze Ros\u00e9, un vin ros\u00e9 original issu d\u2019un assemblage de c\u00e9pages rouges, pens\u00e9 pour des moments de plaisir simples et rafra\u00eechissants. Au nez, il s\u2019exprime sur de belles notes fruit\u00e9es, gourmandes et s\u00e9duisantes. En bouche, la surprise est au rendez-vous : une d\u00e9licate effervescence, une douceur ma\u00eetris\u00e9e et des ar\u00f4mes fruit\u00e9s qui apportent l\u00e9g\u00e8ret\u00e9 et fra\u00eecheur. Suggestion de d\u00e9gustation :\u00c0 servir bien frais, id\u00e9alement tr\u00e8s rafra\u00eechi, pour profiter pleinement de son c\u00f4t\u00e9 \u201cfreeze\u201d et de sa fra\u00eecheur.","og_url":"https:\/\/petitecave.ch\/de\/product\/apologia-freeze-ros-75cl\/","og_site_name":"La Petite Cave du Chablais","article_publisher":"https:\/\/www.facebook.com\/LaPetiteCaveDuChablais","article_modified_time":"2026-04-09T08:03:17+00:00","og_image":[{"width":1000,"height":1000,"url":"https:\/\/petitecave.ch\/wp-content\/uploads\/2025\/10\/Apologia-Freeze-Rose-75cl.png","type":"image\/png"}],"twitter_card":"summary_large_image","schema":{"@context":"https:\/\/schema.org","@graph":[{"@type":"WebPage","@id":"https:\/\/petitecave.ch\/de\/product\/apologia-freeze-ros-75cl\/","url":"https:\/\/petitecave.ch\/de\/product\/apologia-freeze-ros-75cl\/","name":"Apologia Freeze Ros\u00e9 75cl | La Petite Cave du Chablais","isPartOf":{"@id":"https:\/\/petitecave.ch\/de\/#website"},"primaryImageOfPage":{"@id":"https:\/\/petitecave.ch\/de\/product\/apologia-freeze-ros-75cl\/#primaryimage"},"image":{"@id":"https:\/\/petitecave.ch\/de\/product\/apologia-freeze-ros-75cl\/#primaryimage"},"thumbnailUrl":"https:\/\/petitecave.ch\/wp-content\/uploads\/2025\/10\/Apologia-Freeze-Rose-75cl.png","datePublished":"2026-04-09T06:59:24+00:00","dateModified":"2026-04-09T08:03:17+00:00","breadcrumb":{"@id":"https:\/\/petitecave.ch\/de\/product\/apologia-freeze-ros-75cl\/#breadcrumb"},"inLanguage":"de-CH","potentialAction":[{"@type":"ReadAction","target":["https:\/\/petitecave.ch\/de\/product\/apologia-freeze-ros-75cl\/"]}]},{"@type":"ImageObject","inLanguage":"de-CH","@id":"https:\/\/petitecave.ch\/de\/product\/apologia-freeze-ros-75cl\/#primaryimage","url":"https:\/\/petitecave.ch\/wp-content\/uploads\/2025\/10\/Apologia-Freeze-Rose-75cl.png","contentUrl":"https:\/\/petitecave.ch\/wp-content\/uploads\/2025\/10\/Apologia-Freeze-Rose-75cl.png","width":1000,"height":1000},{"@type":"BreadcrumbList","@id":"https:\/\/petitecave.ch\/de\/product\/apologia-freeze-ros-75cl\/#breadcrumb","itemListElement":[{"@type":"ListItem","position":1,"name":"Accueil","item":"https:\/\/petitecave.ch\/de\/"},{"@type":"ListItem","position":2,"name":"Produkte","item":"https:\/\/petitecave.ch\/de\/shop\/"},{"@type":"ListItem","position":3,"name":"Apologia Freeze Ros\u00e9 75cl"}]},{"@type":"WebSite","@id":"https:\/\/petitecave.ch\/de\/#website","url":"https:\/\/petitecave.ch\/de\/","name":"Die kleine Keller des Chablais","description":"Vins, bi\u00e8res et spiritueux en ligne !","publisher":{"@id":"https:\/\/petitecave.ch\/de\/#organization"},"alternateName":"La Petite Cave","potentialAction":[{"@type":"SearchAction","target":{"@type":"EntryPoint","urlTemplate":"https:\/\/petitecave.ch\/de\/?s={search_term_string}"},"query-input":{"@type":"PropertyValueSpecification","valueRequired":true,"valueName":"search_term_string"}}],"inLanguage":"de-CH"},{"@type":"Organization","@id":"https:\/\/petitecave.ch\/de\/#organization","name":"La Petite Cave du Chablais S\u00e0rl","url":"https:\/\/petitecave.ch\/de\/","logo":{"@type":"ImageObject","inLanguage":"de-CH","@id":"https:\/\/petitecave.ch\/de\/#\/schema\/logo\/image\/","url":"https:\/\/petitecave.ch\/wp-content\/uploads\/2025\/10\/petitecavelogo-removebg-preview.png","contentUrl":"https:\/\/petitecave.ch\/wp-content\/uploads\/2025\/10\/petitecavelogo-removebg-preview.png","width":800,"height":200,"caption":"La Petite Cave du Chablais S\u00e0rl"},"image":{"@id":"https:\/\/petitecave.ch\/de\/#\/schema\/logo\/image\/"},"sameAs":["https:\/\/www.facebook.com\/LaPetiteCaveDuChablais","https:\/\/www.instagram.com\/lapetitecaveduchablais","https:\/\/www.linkedin.com\/company\/la-petite-cave-du-chablais"]}]}},"_links":{"self":[{"href":"https:\/\/petitecave.ch\/de\/wp-json\/wp\/v2\/product\/10502","targetHints":{"allow":["GET"]}}],"collection":[{"href":"https:\/\/petitecave.ch\/de\/wp-json\/wp\/v2\/product"}],"about":[{"href":"https:\/\/petitecave.ch\/de\/wp-json\/wp\/v2\/types\/product"}],"replies":[{"embeddable":true,"href":"https:\/\/petitecave.ch\/de\/wp-json\/wp\/v2\/comments?post=10502"}],"wp:featuredmedia":[{"embeddable":true,"href":"https:\/\/petitecave.ch\/de\/wp-json\/wp\/v2\/media\/19307"}],"wp:attachment":[{"href":"https:\/\/petitecave.ch\/de\/wp-json\/wp\/v2\/media?parent=10502"}],"wp:term":[{"taxonomy":"product_cat","embeddable":true,"href":"https:\/\/petitecave.ch\/de\/wp-json\/wp\/v2\/product_cat?post=10502"},{"taxonomy":"product_tag","embeddable":true,"href":"https:\/\/petitecave.ch\/de\/wp-json\/wp\/v2\/product_tag?post=10502"}],"curies":[{"name":"wp","href":"https:\/\/api.w.org\/{rel}","templated":true}]}}