{"id":10499,"date":"2025-10-28T10:59:20","date_gmt":"2025-10-28T10:59:20","guid":{"rendered":""},"modified":"2026-02-24T09:48:20","modified_gmt":"2026-02-24T08:48:20","slug":"porto-late-bottled-vintage-2017-taylor-s-75cl","status":"publish","type":"product","link":"https:\/\/petitecave.ch\/de\/product\/porto-late-bottled-vintage-2017-taylor-s-75cl\/","title":{"rendered":"Porto Late Bottled Vintage 2017 &#8211; Taylor&rsquo;s 75cl"},"content":{"rendered":"","protected":false},"excerpt":{"rendered":"<p><b>Late Bottled Vintage Port 2017 &#8211; Taylor&rsquo;s &#8211;\u00a0Vila Nova de Gaia<\/b><\/p>\n<p>\u00a0<\/p>\n<p><i>Issu d&rsquo;une s\u00e9lection des meilleurs vins d&rsquo;un m\u00eame mill\u00e9sime, le porto LBV est \u00e9lev\u00e9 en foudres durant 4 \u00e0 6 ans.<\/i><\/p>\n<p><i>Cr\u00e9e il n&rsquo;y a pas moins de 40 ans par Mr Robertson, pr\u00e9sident de la maison Taylor, le porto LBV \u00e0 \u00e9t\u00e9 con\u00e7u comme alternative au Vintage, au vu de son prix plus abordable.<\/i><\/p>","protected":false},"featured_media":11860,"comment_status":"open","ping_status":"open","template":"","meta":[],"product_cat":[278],"product_tag":[],"class_list":{"0":"post-10499","1":"product","2":"type-product","3":"status-publish","4":"has-post-thumbnail","6":"product_cat-porto","7":"_wholesalex wsx-wholesalex-product","9":"first","10":"instock","11":"taxable","12":"shipping-taxable","13":"purchasable","14":"product-type-simple"},"_links":{"self":[{"href":"https:\/\/petitecave.ch\/de\/wp-json\/wp\/v2\/product\/10499","targetHints":{"allow":["GET"]}}],"collection":[{"href":"https:\/\/petitecave.ch\/de\/wp-json\/wp\/v2\/product"}],"about":[{"href":"https:\/\/petitecave.ch\/de\/wp-json\/wp\/v2\/types\/product"}],"replies":[{"embeddable":true,"href":"https:\/\/petitecave.ch\/de\/wp-json\/wp\/v2\/comments?post=10499"}],"wp:featuredmedia":[{"embeddable":true,"href":"https:\/\/petitecave.ch\/de\/wp-json\/wp\/v2\/media\/11860"}],"wp:attachment":[{"href":"https:\/\/petitecave.ch\/de\/wp-json\/wp\/v2\/media?parent=10499"}],"wp:term":[{"taxonomy":"product_cat","embeddable":true,"href":"https:\/\/petitecave.ch\/de\/wp-json\/wp\/v2\/product_cat?post=10499"},{"taxonomy":"product_tag","embeddable":true,"href":"https:\/\/petitecave.ch\/de\/wp-json\/wp\/v2\/product_tag?post=10499"}],"curies":[{"name":"wp","href":"https:\/\/api.w.org\/{rel}","templated":true}]}}