{"id":10497,"date":"2025-10-28T10:59:19","date_gmt":"2025-10-28T10:59:19","guid":{"rendered":""},"modified":"2026-04-07T13:43:25","modified_gmt":"2026-04-07T11:43:25","slug":"corona-c-ro-0-0-6x33cl","status":"publish","type":"product","link":"https:\/\/petitecave.ch\/de\/product\/corona-c-ro-0-0-6x33cl\/","title":{"rendered":"Corona C\u00e9ro 0.0% 6x33cl"},"content":{"rendered":"<p><strong>Visuel :<\/strong> Robe jaune p\u00e2le coiff\u00e9e d&rsquo;une fine mousse blanche<\/p>\n<p><strong>Nez :<\/strong> Ar\u00f4mes de malt et de citron<\/p>\n<p><strong>Go\u00fbt :<\/strong> Saveurs de c\u00e9r\u00e9ales, de malt et de citron<\/p>","protected":false},"excerpt":{"rendered":"<p><strong>Corona C\u00e9ro Sans Alcool<\/strong><\/p>\n<p>\u00a0<\/p>\n<p><i>Retrouve le go\u00fbt unique de la Corona dans sa version sans alcool gr\u00e2ce au proc\u00e9d\u00e9 de d\u00e9salcoolisation sans \u00e9gal cr\u00e9e par les ma\u00eetres-brasseurs de la brasserie AB InBev. L&rsquo;alcool est retir\u00e9 apr\u00e8s la fermentation ce qui permet de conserver tous les ar\u00f4mes.<\/i><\/p>\n<p>\u00a0<\/p>\n<p>\u00a0<\/p>","protected":false},"featured_media":11858,"comment_status":"open","ping_status":"open","template":"","meta":[],"product_cat":[250],"product_tag":[],"class_list":{"0":"post-10497","1":"product","2":"type-product","3":"status-publish","4":"has-post-thumbnail","6":"product_cat-bieres","7":"pa_categorie-bieres-sans-alcool","8":"pa_color-blonde","9":"pa_style-lager","10":"_wholesalex wsx-wholesalex-product","12":"first","13":"instock","14":"taxable","15":"shipping-taxable","16":"purchasable","17":"product-type-simple"},"_links":{"self":[{"href":"https:\/\/petitecave.ch\/de\/wp-json\/wp\/v2\/product\/10497","targetHints":{"allow":["GET"]}}],"collection":[{"href":"https:\/\/petitecave.ch\/de\/wp-json\/wp\/v2\/product"}],"about":[{"href":"https:\/\/petitecave.ch\/de\/wp-json\/wp\/v2\/types\/product"}],"replies":[{"embeddable":true,"href":"https:\/\/petitecave.ch\/de\/wp-json\/wp\/v2\/comments?post=10497"}],"wp:featuredmedia":[{"embeddable":true,"href":"https:\/\/petitecave.ch\/de\/wp-json\/wp\/v2\/media\/11858"}],"wp:attachment":[{"href":"https:\/\/petitecave.ch\/de\/wp-json\/wp\/v2\/media?parent=10497"}],"wp:term":[{"taxonomy":"product_cat","embeddable":true,"href":"https:\/\/petitecave.ch\/de\/wp-json\/wp\/v2\/product_cat?post=10497"},{"taxonomy":"product_tag","embeddable":true,"href":"https:\/\/petitecave.ch\/de\/wp-json\/wp\/v2\/product_tag?post=10497"}],"curies":[{"name":"wp","href":"https:\/\/api.w.org\/{rel}","templated":true}]}}