{"id":10492,"date":"2025-10-28T10:59:13","date_gmt":"2025-10-28T10:59:13","guid":{"rendered":""},"modified":"2026-02-20T16:04:26","modified_gmt":"2026-02-20T15:04:26","slug":"liqueur-de-litchi-joseph-cartron-50cl","status":"publish","type":"product","link":"https:\/\/petitecave.ch\/de\/product\/liqueur-de-litchi-joseph-cartron-50cl\/","title":{"rendered":"Liqueur de Litchi &#8211; Joseph Cartron 50cl"},"content":{"rendered":"<p><b>Nez :\u00a0<\/b>Notes intenses de litchi\u00a0<\/p>\n<p><b>Go\u00fbt :\u00a0<\/b>Une attaque douce et moelleuse avec une belle longueur en finale<\/p>\n<p>\u00a0<\/p>\n<p>Id\u00e9al pour agr\u00e9menter divers cocktails.<\/p>","protected":false},"excerpt":{"rendered":"<p><strong>Liqueur de Litchi &#8211; Joseph Cartron<\/strong><\/p>\n<p>\u00a0<\/p>\n<p><i>Cr\u00e9\u00e9e en 1882, la maison Cartron est situ\u00e9e des vignobles bourguignons.<\/i><i> C&rsquo;est \u00e0 Nuits-Saint-Georges, pr\u00e9cis\u00e9ment, que les eaux-de-vie de fruits, les liqueurs, les cr\u00e8mes et d\u2019autres spiritueux haut de gamme sont produits selon d&rsquo;anciennes recettes, des techniques traditionnelles et avec des fruits de haute qualit\u00e9. La famille Cartron, qui dirige encore aujourd&rsquo;hui la distillerie, s&rsquo;appuie sur la tradition : tous les fruits utilis\u00e9s proviennent des m\u00eames fermes depuis des g\u00e9n\u00e9rations, \u00e0 20 km de Nuits-Saint-Georges. Cela garantit une qualit\u00e9 constante et \u00e9lev\u00e9e &#8211; et donc des produits finis, qui sont embouteill\u00e9s dans d&rsquo;\u00e9l\u00e9gantes bouteilles.<\/i><\/p>","protected":false},"featured_media":11853,"comment_status":"open","ping_status":"open","template":"","meta":[],"product_cat":[269],"product_tag":[],"class_list":{"0":"post-10492","1":"product","2":"type-product","3":"status-publish","4":"has-post-thumbnail","6":"product_cat-liqueurs","7":"pa_country-france","8":"pa_volume-50cl","9":"_wholesalex wsx-wholesalex-product","11":"first","12":"instock","13":"taxable","14":"shipping-taxable","15":"purchasable","16":"product-type-simple"},"_links":{"self":[{"href":"https:\/\/petitecave.ch\/de\/wp-json\/wp\/v2\/product\/10492","targetHints":{"allow":["GET"]}}],"collection":[{"href":"https:\/\/petitecave.ch\/de\/wp-json\/wp\/v2\/product"}],"about":[{"href":"https:\/\/petitecave.ch\/de\/wp-json\/wp\/v2\/types\/product"}],"replies":[{"embeddable":true,"href":"https:\/\/petitecave.ch\/de\/wp-json\/wp\/v2\/comments?post=10492"}],"wp:featuredmedia":[{"embeddable":true,"href":"https:\/\/petitecave.ch\/de\/wp-json\/wp\/v2\/media\/11853"}],"wp:attachment":[{"href":"https:\/\/petitecave.ch\/de\/wp-json\/wp\/v2\/media?parent=10492"}],"wp:term":[{"taxonomy":"product_cat","embeddable":true,"href":"https:\/\/petitecave.ch\/de\/wp-json\/wp\/v2\/product_cat?post=10492"},{"taxonomy":"product_tag","embeddable":true,"href":"https:\/\/petitecave.ch\/de\/wp-json\/wp\/v2\/product_tag?post=10492"}],"curies":[{"name":"wp","href":"https:\/\/api.w.org\/{rel}","templated":true}]}}