{"id":10491,"date":"2025-10-28T10:59:12","date_gmt":"2025-10-28T10:59:12","guid":{"rendered":""},"modified":"2026-02-20T15:07:09","modified_gmt":"2026-02-20T14:07:09","slug":"pruneau-morand-1l","status":"publish","type":"product","link":"https:\/\/petitecave.ch\/de\/product\/pruneau-morand-1l\/","title":{"rendered":"Pruneau &#8211; Morand 100cl"},"content":{"rendered":"<p>Se d\u00e9guste en digestif, \u00e0 temp\u00e9rature ambiante, fra\u00eeche ou m\u00eame glac\u00e9e.<\/p>\n<p>Accompagne tr\u00e8s bien la fondue, et des desserts comme pour relev\u00e9e une salade de fruit. En base d&rsquo;un cocktail, sur glace, moiti\u00e9-moiti\u00e9 avec une liqueur de mirabelle.\u00a0<\/p>","protected":false},"excerpt":{"rendered":"<p><b>Pruneau Vieux &#8211; Distillerie Morand &#8211; Martigny\u00a0<\/b><\/p>\n<p>\u00a0<\/p>\n<p><i>Eau-de-vie de pruneaux de haute qualit\u00e9, 100% suisse. Un nez typique et riche en go\u00fbt, avec une belle complexit\u00e9, une bonne longeur et un bel \u00e9quilibre.<\/i><\/p>","protected":false},"featured_media":11852,"comment_status":"open","ping_status":"open","template":"","meta":[],"product_cat":[270],"product_tag":[],"class_list":{"0":"post-10491","1":"product","2":"type-product","3":"status-publish","4":"has-post-thumbnail","6":"product_cat-eau-de-vie","7":"pa_country-suisse","8":"_wholesalex wsx-wholesalex-product","10":"first","11":"instock","12":"taxable","13":"shipping-taxable","14":"purchasable","15":"product-type-simple"},"_links":{"self":[{"href":"https:\/\/petitecave.ch\/de\/wp-json\/wp\/v2\/product\/10491","targetHints":{"allow":["GET"]}}],"collection":[{"href":"https:\/\/petitecave.ch\/de\/wp-json\/wp\/v2\/product"}],"about":[{"href":"https:\/\/petitecave.ch\/de\/wp-json\/wp\/v2\/types\/product"}],"replies":[{"embeddable":true,"href":"https:\/\/petitecave.ch\/de\/wp-json\/wp\/v2\/comments?post=10491"}],"wp:featuredmedia":[{"embeddable":true,"href":"https:\/\/petitecave.ch\/de\/wp-json\/wp\/v2\/media\/11852"}],"wp:attachment":[{"href":"https:\/\/petitecave.ch\/de\/wp-json\/wp\/v2\/media?parent=10491"}],"wp:term":[{"taxonomy":"product_cat","embeddable":true,"href":"https:\/\/petitecave.ch\/de\/wp-json\/wp\/v2\/product_cat?post=10491"},{"taxonomy":"product_tag","embeddable":true,"href":"https:\/\/petitecave.ch\/de\/wp-json\/wp\/v2\/product_tag?post=10491"}],"curies":[{"name":"wp","href":"https:\/\/api.w.org\/{rel}","templated":true}]}}