{"id":10487,"date":"2025-10-28T10:59:09","date_gmt":"2025-10-28T10:59:09","guid":{"rendered":""},"modified":"2026-02-20T16:07:25","modified_gmt":"2026-02-20T15:07:25","slug":"liqueur-de-p-che-bols-70cl","status":"publish","type":"product","link":"https:\/\/petitecave.ch\/de\/product\/liqueur-de-p-che-bols-70cl\/","title":{"rendered":"Liqueur de P\u00eache &#8211; Bols 70cl"},"content":{"rendered":"<p>De d\u00e9licieuses notes explosives de p\u00eaches m\u00fbries au soleil font de cette liqueur une vraie merveille !<\/p>","protected":false},"excerpt":{"rendered":"<p><strong>Liqueur P\u00eache &#8211;\u00a0Bols\u00a0<\/strong><\/p>\n<p>\u00a0<\/p>\n<p><i>Cette liqueur peut \u00eatre utilis\u00e9e dans diff\u00e9rents cocktails comme le c\u00e9l\u00e8bre Bellini, ou bien m\u00e9lang\u00e9e avec de la vodka et du jus de canneberge.<\/i><\/p>","protected":false},"featured_media":11848,"comment_status":"open","ping_status":"open","template":"","meta":[],"product_cat":[269],"product_tag":[],"class_list":{"0":"post-10487","1":"product","2":"type-product","3":"status-publish","4":"has-post-thumbnail","6":"product_cat-liqueurs","7":"_wholesalex wsx-wholesalex-product","9":"first","10":"instock","11":"taxable","12":"shipping-taxable","13":"purchasable","14":"product-type-simple"},"_links":{"self":[{"href":"https:\/\/petitecave.ch\/de\/wp-json\/wp\/v2\/product\/10487","targetHints":{"allow":["GET"]}}],"collection":[{"href":"https:\/\/petitecave.ch\/de\/wp-json\/wp\/v2\/product"}],"about":[{"href":"https:\/\/petitecave.ch\/de\/wp-json\/wp\/v2\/types\/product"}],"replies":[{"embeddable":true,"href":"https:\/\/petitecave.ch\/de\/wp-json\/wp\/v2\/comments?post=10487"}],"wp:featuredmedia":[{"embeddable":true,"href":"https:\/\/petitecave.ch\/de\/wp-json\/wp\/v2\/media\/11848"}],"wp:attachment":[{"href":"https:\/\/petitecave.ch\/de\/wp-json\/wp\/v2\/media?parent=10487"}],"wp:term":[{"taxonomy":"product_cat","embeddable":true,"href":"https:\/\/petitecave.ch\/de\/wp-json\/wp\/v2\/product_cat?post=10487"},{"taxonomy":"product_tag","embeddable":true,"href":"https:\/\/petitecave.ch\/de\/wp-json\/wp\/v2\/product_tag?post=10487"}],"curies":[{"name":"wp","href":"https:\/\/api.w.org\/{rel}","templated":true}]}}