{"id":10484,"date":"2025-10-28T10:59:06","date_gmt":"2025-10-28T10:59:06","guid":{"rendered":""},"modified":"2026-02-20T16:07:41","modified_gmt":"2026-02-20T15:07:41","slug":"cr-me-de-cassis-bols-70cl","status":"publish","type":"product","link":"https:\/\/petitecave.ch\/de\/product\/cr-me-de-cassis-bols-70cl\/","title":{"rendered":"Cr\u00e8me de Cassis &#8211; Bols 70cl"},"content":{"rendered":"<p>De d\u00e9licieuses notes fruit\u00e9es de cassis charment les papilles, en finale on d\u00e9couvre des saveurs aigres-douces bien \u00e9quilibr\u00e9es.<\/p>","protected":false},"excerpt":{"rendered":"<p><strong>Cr\u00e8me de Cassis &#8211;\u00a0Bols\u00a0<\/strong><\/p>\n<p>\u00a0<\/p>\n<p><i>Utilis\u00e9e dans de nombreux cocktails, cette cr\u00e8me est tout d&rsquo;abord la base du kir \u00e0 la fran\u00e7aise. Classique ou royal, avec du champagne, le kir se d\u00e9guste en ap\u00e9ritif.<\/i><\/p>\n<p>\u00a0<\/p>","protected":false},"featured_media":11845,"comment_status":"open","ping_status":"open","template":"","meta":[],"product_cat":[269],"product_tag":[],"class_list":{"0":"post-10484","1":"product","2":"type-product","3":"status-publish","4":"has-post-thumbnail","6":"product_cat-liqueurs","7":"_wholesalex wsx-wholesalex-product","9":"first","10":"instock","11":"taxable","12":"shipping-taxable","13":"purchasable","14":"product-type-simple"},"_links":{"self":[{"href":"https:\/\/petitecave.ch\/de\/wp-json\/wp\/v2\/product\/10484","targetHints":{"allow":["GET"]}}],"collection":[{"href":"https:\/\/petitecave.ch\/de\/wp-json\/wp\/v2\/product"}],"about":[{"href":"https:\/\/petitecave.ch\/de\/wp-json\/wp\/v2\/types\/product"}],"replies":[{"embeddable":true,"href":"https:\/\/petitecave.ch\/de\/wp-json\/wp\/v2\/comments?post=10484"}],"wp:featuredmedia":[{"embeddable":true,"href":"https:\/\/petitecave.ch\/de\/wp-json\/wp\/v2\/media\/11845"}],"wp:attachment":[{"href":"https:\/\/petitecave.ch\/de\/wp-json\/wp\/v2\/media?parent=10484"}],"wp:term":[{"taxonomy":"product_cat","embeddable":true,"href":"https:\/\/petitecave.ch\/de\/wp-json\/wp\/v2\/product_cat?post=10484"},{"taxonomy":"product_tag","embeddable":true,"href":"https:\/\/petitecave.ch\/de\/wp-json\/wp\/v2\/product_tag?post=10484"}],"curies":[{"name":"wp","href":"https:\/\/api.w.org\/{rel}","templated":true}]}}