{"id":10472,"date":"2026-02-04T13:58:55","date_gmt":"2026-02-04T12:58:55","guid":{"rendered":""},"modified":"2026-02-12T17:28:21","modified_gmt":"2026-02-12T16:28:21","slug":"tequila-kah-reposado-70cl","status":"publish","type":"product","link":"https:\/\/petitecave.ch\/de\/product\/tequila-kah-reposado-70cl\/","title":{"rendered":"KAH Tequila Reposado 70cl"},"content":{"rendered":"<p><span style=\"color: #000000;\">Elle se distingue par un <strong>piquant naturel<\/strong>, sublim\u00e9 par des <strong>notes de chocolat, caramel, vanille<\/strong> et une subtile <strong>touche de bois de ch\u00eane<\/strong>, pour une d\u00e9gustation <strong>riche et \u00e9quilibr\u00e9e<\/strong>.<\/span><\/p>","protected":false},"excerpt":{"rendered":"<p><span style=\"color: #000000;\"><i>Cette tequila est produite \u00e0 partir d&rsquo;agave bleue de Weber aux ar\u00f4mes sucr\u00e9s et \u00e9pic\u00e9s \u00e0 vieillie durant 10 mois dans des f\u00fbts de ch\u00eane fran\u00e7ais.<\/i><\/span><\/p>","protected":false},"featured_media":18618,"comment_status":"open","ping_status":"closed","template":"","meta":[],"product_cat":[285],"product_tag":[],"class_list":{"0":"post-10472","1":"product","2":"type-product","3":"status-publish","4":"has-post-thumbnail","6":"product_cat-tequila","7":"pa_country-mexique","8":"pa_volume-70-cl","9":"_wholesalex wsx-wholesalex-product","11":"first","12":"instock","13":"taxable","14":"shipping-taxable","15":"purchasable","16":"product-type-simple"},"_links":{"self":[{"href":"https:\/\/petitecave.ch\/de\/wp-json\/wp\/v2\/product\/10472","targetHints":{"allow":["GET"]}}],"collection":[{"href":"https:\/\/petitecave.ch\/de\/wp-json\/wp\/v2\/product"}],"about":[{"href":"https:\/\/petitecave.ch\/de\/wp-json\/wp\/v2\/types\/product"}],"replies":[{"embeddable":true,"href":"https:\/\/petitecave.ch\/de\/wp-json\/wp\/v2\/comments?post=10472"}],"wp:featuredmedia":[{"embeddable":true,"href":"https:\/\/petitecave.ch\/de\/wp-json\/wp\/v2\/media\/18618"}],"wp:attachment":[{"href":"https:\/\/petitecave.ch\/de\/wp-json\/wp\/v2\/media?parent=10472"}],"wp:term":[{"taxonomy":"product_cat","embeddable":true,"href":"https:\/\/petitecave.ch\/de\/wp-json\/wp\/v2\/product_cat?post=10472"},{"taxonomy":"product_tag","embeddable":true,"href":"https:\/\/petitecave.ch\/de\/wp-json\/wp\/v2\/product_tag?post=10472"}],"curies":[{"name":"wp","href":"https:\/\/api.w.org\/{rel}","templated":true}]}}