{"id":10463,"date":"2025-10-28T10:58:48","date_gmt":"2025-10-28T10:58:48","guid":{"rendered":""},"modified":"2026-02-13T12:48:53","modified_gmt":"2026-02-13T11:48:53","slug":"valaisanne-juicy-ipa-4x33cl","status":"publish","type":"product","link":"https:\/\/petitecave.ch\/de\/product\/valaisanne-juicy-ipa-4x33cl\/","title":{"rendered":"Valaisanne Juicy IPA 4x33cl"},"content":{"rendered":"<p><b>Visuel :<\/b> Une robe dor\u00e9e surmont\u00e9e d&rsquo;une fine mousse blanche<\/p>\n<p><b>Nez :<\/b>\u00a0Notes de fruits tropicaux\u00a0<\/p>\n<p><b> Go\u00fbt :\u00a0<\/b> Une amertume agr\u00e9able, velout\u00e9e et fruit\u00e9e<\/p>","protected":false},"excerpt":{"rendered":"<p><strong>Valaisanne Juicy IPA &#8211; Brasserie Valaisanne &#8211; Sion<\/strong><\/p>","protected":false},"featured_media":11824,"comment_status":"open","ping_status":"open","template":"","meta":[],"product_cat":[250],"product_tag":[],"class_list":{"0":"post-10463","1":"product","2":"type-product","3":"status-publish","4":"has-post-thumbnail","6":"product_cat-bieres","7":"pa_color-blonde","8":"pa_country-suisse","9":"pa_style-ipa","10":"_wholesalex wsx-wholesalex-product","12":"first","13":"instock","14":"taxable","15":"shipping-taxable","16":"purchasable","17":"product-type-simple"},"_links":{"self":[{"href":"https:\/\/petitecave.ch\/de\/wp-json\/wp\/v2\/product\/10463","targetHints":{"allow":["GET"]}}],"collection":[{"href":"https:\/\/petitecave.ch\/de\/wp-json\/wp\/v2\/product"}],"about":[{"href":"https:\/\/petitecave.ch\/de\/wp-json\/wp\/v2\/types\/product"}],"replies":[{"embeddable":true,"href":"https:\/\/petitecave.ch\/de\/wp-json\/wp\/v2\/comments?post=10463"}],"wp:featuredmedia":[{"embeddable":true,"href":"https:\/\/petitecave.ch\/de\/wp-json\/wp\/v2\/media\/11824"}],"wp:attachment":[{"href":"https:\/\/petitecave.ch\/de\/wp-json\/wp\/v2\/media?parent=10463"}],"wp:term":[{"taxonomy":"product_cat","embeddable":true,"href":"https:\/\/petitecave.ch\/de\/wp-json\/wp\/v2\/product_cat?post=10463"},{"taxonomy":"product_tag","embeddable":true,"href":"https:\/\/petitecave.ch\/de\/wp-json\/wp\/v2\/product_tag?post=10463"}],"curies":[{"name":"wp","href":"https:\/\/api.w.org\/{rel}","templated":true}]}}