{"id":10461,"date":"2025-10-28T10:58:46","date_gmt":"2025-10-28T10:58:46","guid":{"rendered":""},"modified":"2026-02-13T12:44:39","modified_gmt":"2026-02-13T11:44:39","slug":"la-baramine-brasserie-la-mine-33cl","status":"publish","type":"product","link":"https:\/\/petitecave.ch\/de\/product\/la-baramine-brasserie-la-mine-33cl\/","title":{"rendered":"La Baramine &#8211; Brasserie La Mine 33cl"},"content":{"rendered":"<p><b>Visuel :<\/b> Robe noire surmont\u00e9e d&rsquo;une mousse brune\u00a0<\/p>\n<p><b>Nez :<\/b>\u00a0Il d\u00e9voile un d\u00e9licieux ar\u00f4me de caf\u00e9\u00a0<\/p>\n<p><b>Go\u00fbt :<\/b>\u00a0On y d\u00e9c\u00e8le une forte amertume accompagn\u00e9e de saveurs chocolat\u00e9es<\/p>","protected":false},"excerpt":{"rendered":"<p><b>La Baramine Imperial Stout &#8211; Brasserie de la Mine &#8211; Bex<\/b><\/p>","protected":false},"featured_media":18860,"comment_status":"open","ping_status":"closed","template":"","meta":[],"product_cat":[250],"product_tag":[],"class_list":{"0":"post-10461","1":"product","2":"type-product","3":"status-publish","4":"has-post-thumbnail","6":"product_cat-bieres","7":"pa_color-noire","8":"pa_style-stout","9":"pa_type-biere-artisanale","10":"_wholesalex wsx-wholesalex-product","12":"first","13":"instock","14":"taxable","15":"shipping-taxable","16":"purchasable","17":"product-type-simple"},"_links":{"self":[{"href":"https:\/\/petitecave.ch\/de\/wp-json\/wp\/v2\/product\/10461","targetHints":{"allow":["GET"]}}],"collection":[{"href":"https:\/\/petitecave.ch\/de\/wp-json\/wp\/v2\/product"}],"about":[{"href":"https:\/\/petitecave.ch\/de\/wp-json\/wp\/v2\/types\/product"}],"replies":[{"embeddable":true,"href":"https:\/\/petitecave.ch\/de\/wp-json\/wp\/v2\/comments?post=10461"}],"wp:featuredmedia":[{"embeddable":true,"href":"https:\/\/petitecave.ch\/de\/wp-json\/wp\/v2\/media\/18860"}],"wp:attachment":[{"href":"https:\/\/petitecave.ch\/de\/wp-json\/wp\/v2\/media?parent=10461"}],"wp:term":[{"taxonomy":"product_cat","embeddable":true,"href":"https:\/\/petitecave.ch\/de\/wp-json\/wp\/v2\/product_cat?post=10461"},{"taxonomy":"product_tag","embeddable":true,"href":"https:\/\/petitecave.ch\/de\/wp-json\/wp\/v2\/product_tag?post=10461"}],"curies":[{"name":"wp","href":"https:\/\/api.w.org\/{rel}","templated":true}]}}