{"id":10460,"date":"2025-10-28T10:58:45","date_gmt":"2025-10-28T10:58:45","guid":{"rendered":""},"modified":"2026-02-13T12:38:39","modified_gmt":"2026-02-13T11:38:39","slug":"red-ginger-appenzeller-bier-6x33cl","status":"publish","type":"product","link":"https:\/\/petitecave.ch\/de\/product\/red-ginger-appenzeller-bier-6x33cl\/","title":{"rendered":"Red Ginger &#8211; Appenzeller Bier 6x33cl"},"content":{"rendered":"<p><b>Visuel :<\/b> Couleur rouge cerise avec une fine mousse ros\u00e9e<\/p>\n<p><b>Nez :<\/b> Notes d&rsquo;agrumes et de gingembre<\/p>\n<p><b>Go\u00fbt :<\/b> Ar\u00f4mes de gingembre, d&rsquo;oranges am\u00e8res et de citron rafraichissant<\/p>","protected":false},"excerpt":{"rendered":"<p><strong>Appenzeller Red Ginger &#8211; Appenzeller Brauerei\u00a0<\/strong><\/p>\n<p>\u00a0<\/p>\n<p><i>Cette bi\u00e8re \u00e0 base de ginger beer est id\u00e9al pour l&rsquo;ap\u00e9ritif. Son ajout d&rsquo;essences de racines naturelles, d&rsquo;orange am\u00e8re et de citron en fait une bi\u00e8re rafra\u00ecchissante.<\/i><\/p>","protected":false},"featured_media":11821,"comment_status":"open","ping_status":"open","template":"","meta":[],"product_cat":[250],"product_tag":[],"class_list":{"0":"post-10460","1":"product","2":"type-product","3":"status-publish","4":"has-post-thumbnail","6":"product_cat-bieres","7":"_wholesalex wsx-wholesalex-product","9":"first","10":"instock","11":"taxable","12":"shipping-taxable","13":"purchasable","14":"product-type-simple"},"_links":{"self":[{"href":"https:\/\/petitecave.ch\/de\/wp-json\/wp\/v2\/product\/10460","targetHints":{"allow":["GET"]}}],"collection":[{"href":"https:\/\/petitecave.ch\/de\/wp-json\/wp\/v2\/product"}],"about":[{"href":"https:\/\/petitecave.ch\/de\/wp-json\/wp\/v2\/types\/product"}],"replies":[{"embeddable":true,"href":"https:\/\/petitecave.ch\/de\/wp-json\/wp\/v2\/comments?post=10460"}],"wp:featuredmedia":[{"embeddable":true,"href":"https:\/\/petitecave.ch\/de\/wp-json\/wp\/v2\/media\/11821"}],"wp:attachment":[{"href":"https:\/\/petitecave.ch\/de\/wp-json\/wp\/v2\/media?parent=10460"}],"wp:term":[{"taxonomy":"product_cat","embeddable":true,"href":"https:\/\/petitecave.ch\/de\/wp-json\/wp\/v2\/product_cat?post=10460"},{"taxonomy":"product_tag","embeddable":true,"href":"https:\/\/petitecave.ch\/de\/wp-json\/wp\/v2\/product_tag?post=10460"}],"curies":[{"name":"wp","href":"https:\/\/api.w.org\/{rel}","templated":true}]}}