{"id":10443,"date":"2025-10-28T10:58:30","date_gmt":"2025-10-28T10:58:30","guid":{"rendered":""},"modified":"2026-02-20T14:15:04","modified_gmt":"2026-02-20T13:15:04","slug":"diabolique-bitter-des-diablerets-70cl","status":"publish","type":"product","link":"https:\/\/petitecave.ch\/de\/product\/diabolique-bitter-des-diablerets-70cl\/","title":{"rendered":"Diabolique Bitter des Diablerets 70cl"},"content":{"rendered":"<p>Fra\u00eecheur des plantes naturelles des Alpes, touches sucr\u00e9es et saveurs am\u00e8res, le tout plus cors\u00e9.<\/p>\n<p>\u00a0<\/p>\n<p><strong>D\u00e9gustation :<\/strong> Se boit sec, sur glace, avec de l&rsquo;eau min\u00e9rale ou des sodas.<\/p>","protected":false},"excerpt":{"rendered":"<p><strong>Diabolique Bitter des Diablerets<\/strong><\/p>\n<p>\u00a0<\/p>\n<p><i>Une recette revisit\u00e9e de l&rsquo;original Bitter des Diablerets cre\u00e9\u00e9 en 1876.<\/i><\/p>","protected":false},"featured_media":11804,"comment_status":"open","ping_status":"open","template":"","meta":[],"product_cat":[271,269],"product_tag":[],"class_list":{"0":"post-10443","1":"product","2":"type-product","3":"status-publish","4":"has-post-thumbnail","6":"product_cat-aperitif","7":"product_cat-liqueurs","8":"pa_country-suisse","9":"pa_volume-70-cl","10":"_wholesalex wsx-wholesalex-product","12":"first","13":"instock","14":"taxable","15":"shipping-taxable","16":"purchasable","17":"product-type-simple"},"_links":{"self":[{"href":"https:\/\/petitecave.ch\/de\/wp-json\/wp\/v2\/product\/10443","targetHints":{"allow":["GET"]}}],"collection":[{"href":"https:\/\/petitecave.ch\/de\/wp-json\/wp\/v2\/product"}],"about":[{"href":"https:\/\/petitecave.ch\/de\/wp-json\/wp\/v2\/types\/product"}],"replies":[{"embeddable":true,"href":"https:\/\/petitecave.ch\/de\/wp-json\/wp\/v2\/comments?post=10443"}],"wp:featuredmedia":[{"embeddable":true,"href":"https:\/\/petitecave.ch\/de\/wp-json\/wp\/v2\/media\/11804"}],"wp:attachment":[{"href":"https:\/\/petitecave.ch\/de\/wp-json\/wp\/v2\/media?parent=10443"}],"wp:term":[{"taxonomy":"product_cat","embeddable":true,"href":"https:\/\/petitecave.ch\/de\/wp-json\/wp\/v2\/product_cat?post=10443"},{"taxonomy":"product_tag","embeddable":true,"href":"https:\/\/petitecave.ch\/de\/wp-json\/wp\/v2\/product_tag?post=10443"}],"curies":[{"name":"wp","href":"https:\/\/api.w.org\/{rel}","templated":true}]}}