{"id":10433,"date":"2025-10-28T10:58:22","date_gmt":"2025-10-28T10:58:22","guid":{"rendered":""},"modified":"2026-02-13T12:08:54","modified_gmt":"2026-02-13T11:08:54","slug":"la-trappe-nillis-0-0-33cl","status":"publish","type":"product","link":"https:\/\/petitecave.ch\/de\/product\/la-trappe-nillis-0-0-33cl\/","title":{"rendered":"La Trappe Nillis 0.0% 33cl"},"content":{"rendered":"<p><strong>Visuel :<\/strong> Robe blonde limpide avec une belle mousse blanche\u00a0<\/p>\n<p><strong>Nez :<\/strong> Ar\u00f4mes malt\u00e9s, de fruits, de houblon et de levure<\/p>\n<p><strong>Go\u00fbt :<\/strong>\u00a0Saveurs de malt, d&rsquo;\u00e9pices, de levure et de fruits avec une touche de houblon\u00a0<\/p>","protected":false},"excerpt":{"rendered":"<p><b>La Trappe Nillis &#8211; Brasserie Koningshoeven\u00a0<\/b><\/p>\n<p>\u00a0<\/p>\n<p><em>La Trappe Nillis est une bi\u00e8re trappiste \u00e0 la robe blonde dor\u00e9e venue des Pays-Bas. C&rsquo;est une bi\u00e8re sans alcool agr\u00e9able, pur malt, fra\u00eeche et au caract\u00e8re fruit\u00e9.<\/em><\/p>","protected":false},"featured_media":11794,"comment_status":"open","ping_status":"closed","template":"","meta":[],"product_cat":[250],"product_tag":[],"class_list":{"0":"post-10433","1":"product","2":"type-product","3":"status-publish","4":"has-post-thumbnail","6":"product_cat-bieres","7":"pa_color-blonde","8":"pa_country-pays-bas","9":"pa_style-pale-ale","10":"pa_type-biere-trappiste","11":"product_deptype-0-30","12":"_wholesalex wsx-wholesalex-product","14":"first","15":"instock","16":"taxable","17":"shipping-taxable","18":"purchasable","19":"product-type-simple"},"_links":{"self":[{"href":"https:\/\/petitecave.ch\/de\/wp-json\/wp\/v2\/product\/10433","targetHints":{"allow":["GET"]}}],"collection":[{"href":"https:\/\/petitecave.ch\/de\/wp-json\/wp\/v2\/product"}],"about":[{"href":"https:\/\/petitecave.ch\/de\/wp-json\/wp\/v2\/types\/product"}],"replies":[{"embeddable":true,"href":"https:\/\/petitecave.ch\/de\/wp-json\/wp\/v2\/comments?post=10433"}],"wp:featuredmedia":[{"embeddable":true,"href":"https:\/\/petitecave.ch\/de\/wp-json\/wp\/v2\/media\/11794"}],"wp:attachment":[{"href":"https:\/\/petitecave.ch\/de\/wp-json\/wp\/v2\/media?parent=10433"}],"wp:term":[{"taxonomy":"product_cat","embeddable":true,"href":"https:\/\/petitecave.ch\/de\/wp-json\/wp\/v2\/product_cat?post=10433"},{"taxonomy":"product_tag","embeddable":true,"href":"https:\/\/petitecave.ch\/de\/wp-json\/wp\/v2\/product_tag?post=10433"}],"curies":[{"name":"wp","href":"https:\/\/api.w.org\/{rel}","templated":true}]}}