{"id":10428,"date":"2025-10-28T10:58:17","date_gmt":"2025-10-28T10:58:17","guid":{"rendered":""},"modified":"2026-02-20T17:56:25","modified_gmt":"2026-02-20T16:56:25","slug":"whisky-smokehead-tequila-cask-70cl","status":"publish","type":"product","link":"https:\/\/petitecave.ch\/de\/product\/whisky-smokehead-tequila-cask-70cl\/","title":{"rendered":"Whisky Smokehead Tequila Cask 70cl"},"content":{"rendered":"<p>La finition en f\u00fbt de Tequila apporte \u00e0 la tourbe du c\u00e9l\u00e8bre whisky Islay des ar\u00f4mes d&rsquo;agave sauvage et de meringue moelleuse.<\/p>","protected":false},"excerpt":{"rendered":"<p><b>Smokehead Single Malt Scotch Whisky Tequila Cask Terminado &#8211; Limited Edition &#8211; Smokehead &#8211; Islay<\/b><\/p>","protected":false},"featured_media":11789,"comment_status":"open","ping_status":"open","template":"","meta":[],"product_cat":[277],"product_tag":[],"class_list":{"0":"post-10428","1":"product","2":"type-product","3":"status-publish","4":"has-post-thumbnail","6":"product_cat-whisky","7":"pa_country-ecosse","8":"pa_style-tourbe","9":"pa_volume-70-cl","10":"_wholesalex wsx-wholesalex-product","12":"first","13":"instock","14":"taxable","15":"shipping-taxable","16":"purchasable","17":"product-type-simple"},"_links":{"self":[{"href":"https:\/\/petitecave.ch\/de\/wp-json\/wp\/v2\/product\/10428","targetHints":{"allow":["GET"]}}],"collection":[{"href":"https:\/\/petitecave.ch\/de\/wp-json\/wp\/v2\/product"}],"about":[{"href":"https:\/\/petitecave.ch\/de\/wp-json\/wp\/v2\/types\/product"}],"replies":[{"embeddable":true,"href":"https:\/\/petitecave.ch\/de\/wp-json\/wp\/v2\/comments?post=10428"}],"wp:featuredmedia":[{"embeddable":true,"href":"https:\/\/petitecave.ch\/de\/wp-json\/wp\/v2\/media\/11789"}],"wp:attachment":[{"href":"https:\/\/petitecave.ch\/de\/wp-json\/wp\/v2\/media?parent=10428"}],"wp:term":[{"taxonomy":"product_cat","embeddable":true,"href":"https:\/\/petitecave.ch\/de\/wp-json\/wp\/v2\/product_cat?post=10428"},{"taxonomy":"product_tag","embeddable":true,"href":"https:\/\/petitecave.ch\/de\/wp-json\/wp\/v2\/product_tag?post=10428"}],"curies":[{"name":"wp","href":"https:\/\/api.w.org\/{rel}","templated":true}]}}