{"id":10423,"date":"2026-04-08T09:58:13","date_gmt":"2026-04-08T07:58:13","guid":{"rendered":""},"modified":"2026-04-08T10:59:21","modified_gmt":"2026-04-08T08:59:21","slug":"antidote-gin-le-m-diterran-en-70cl","status":"publish","type":"product","link":"https:\/\/petitecave.ch\/de\/product\/antidote-gin-le-m-diterran-en-70cl\/","title":{"rendered":"Antidote Gin Le M\u00e9diterran\u00e9en 70cl"},"content":{"rendered":"<p data-start=\"156\" data-end=\"409\"><span style=\"color: #000000;\">Cap sur le soleil avec <strong data-start=\"179\" data-end=\"214\">l\u2019Antidote Gin Le M\u00e9diterran\u00e9en<\/strong>, une version lumineuse et expressive du gin fran\u00e7ais. \u00c9labor\u00e9 \u00e0 partir d\u2019un <strong data-start=\"291\" data-end=\"336\">alcool de raisin distill\u00e9 \u00e0 cinq reprises<\/strong>, il offre une base d\u2019une grande puret\u00e9, id\u00e9ale pour sublimer les ar\u00f4mes.<\/span><\/p>\n<p data-start=\"411\" data-end=\"601\"><span style=\"color: #000000;\">Ce gin se distingue par une <strong data-start=\"439\" data-end=\"491\">s\u00e9lection d\u2019une quinzaine de plantes aromatiques<\/strong>, enrichie d\u2019<strong data-start=\"504\" data-end=\"533\">agrumes naturels de Corse<\/strong> \u2014 orange, pamplemousse et citron \u2014 pour une explosion de fra\u00eecheur.<\/span><\/p>\n<p data-start=\"603\" data-end=\"822\"><span style=\"color: #000000;\">Au nez, les <strong data-start=\"615\" data-end=\"643\">notes d\u2019agrumes \u00e9clatent<\/strong>, accompagn\u00e9es de touches herbac\u00e9es d\u00e9licates. En bouche, l\u2019attaque est vive et rafra\u00eechissante, avec une belle tension citronn\u00e9e et une <strong data-start=\"780\" data-end=\"821\">finale s\u00e8che, \u00e9l\u00e9gante et persistante<\/strong>.<\/span><\/p>\n<p data-start=\"603\" data-end=\"822\"><span style=\"color: #000000;\"><strong data-start=\"1013\" data-end=\"1044\">Suggestion de d\u00e9gustation :<\/strong><\/span><br data-start=\"1044\" data-end=\"1047\" \/><span style=\"color: #000000;\">Id\u00e9al en gin tonic avec un zeste d\u2019agrume ou en cocktail pour une touche m\u00e9diterran\u00e9enne ultra rafra\u00eechissante.<\/span><\/p>","protected":false},"excerpt":{"rendered":"<p>Cap sur le soleil avec l\u2019Antidote Gin Le M\u00e9diterran\u00e9en, une version lumineuse et expressive du gin fran\u00e7ais. \u00c9labor\u00e9 \u00e0 partir d\u2019un alcool de raisin distill\u00e9 \u00e0 cinq reprises, il offre une base d\u2019une grande puret\u00e9, id\u00e9ale pour sublimer les ar\u00f4mes. Ce gin se distingue par une s\u00e9lection d\u2019une quinzaine de plantes aromatiques, enrichie d\u2019agrumes naturels [&hellip;]<\/p>\n","protected":false},"featured_media":19280,"comment_status":"open","ping_status":"closed","template":"","meta":[],"product_cat":[279],"product_tag":[],"class_list":{"0":"post-10423","1":"product","2":"type-product","3":"status-publish","4":"has-post-thumbnail","6":"product_cat-gin","7":"pa_categorie-602-gin","8":"pa_country-france","9":"pa_type-base-cocktail","10":"pa_type-gin-rose","11":"pa_volume-70-cl","12":"_wholesalex wsx-wholesalex-product","14":"first","15":"instock","16":"taxable","17":"shipping-taxable","18":"purchasable","19":"product-type-simple"},"_links":{"self":[{"href":"https:\/\/petitecave.ch\/de\/wp-json\/wp\/v2\/product\/10423","targetHints":{"allow":["GET"]}}],"collection":[{"href":"https:\/\/petitecave.ch\/de\/wp-json\/wp\/v2\/product"}],"about":[{"href":"https:\/\/petitecave.ch\/de\/wp-json\/wp\/v2\/types\/product"}],"replies":[{"embeddable":true,"href":"https:\/\/petitecave.ch\/de\/wp-json\/wp\/v2\/comments?post=10423"}],"wp:featuredmedia":[{"embeddable":true,"href":"https:\/\/petitecave.ch\/de\/wp-json\/wp\/v2\/media\/19280"}],"wp:attachment":[{"href":"https:\/\/petitecave.ch\/de\/wp-json\/wp\/v2\/media?parent=10423"}],"wp:term":[{"taxonomy":"product_cat","embeddable":true,"href":"https:\/\/petitecave.ch\/de\/wp-json\/wp\/v2\/product_cat?post=10423"},{"taxonomy":"product_tag","embeddable":true,"href":"https:\/\/petitecave.ch\/de\/wp-json\/wp\/v2\/product_tag?post=10423"}],"curies":[{"name":"wp","href":"https:\/\/api.w.org\/{rel}","templated":true}]}}