{"id":10418,"date":"2025-10-28T10:58:09","date_gmt":"2025-10-28T10:58:09","guid":{"rendered":""},"modified":"2026-02-20T14:40:47","modified_gmt":"2026-02-20T13:40:47","slug":"cognac-martell-xo-70cl","status":"publish","type":"product","link":"https:\/\/petitecave.ch\/de\/product\/cognac-martell-xo-70cl\/","title":{"rendered":"Cognac Martell XO 70cl"},"content":{"rendered":"<p><strong>Nez :\u00a0<\/strong>Notess de fruits et d&rsquo;\u00e9pices<\/p>\n<p><strong>Bouche :\u00a0<\/strong>Des saveurs de figue, de vanille et d&rsquo;amande s&rsquo;entrem\u00ealent harmonieusement\u00a0<\/p>\n<p>\u00a0<\/p>","protected":false},"excerpt":{"rendered":"<p><strong>Cognac Martell XO &#8211; Martelle &amp; Co. &#8211; Cognac<\/strong><\/p>\n<p>\u00a0<\/p>\n<p><em>La distillerie \u00e0 \u00e9t\u00e9 fond\u00e9e en 1715 par Jean Martell alors \u00e2g\u00e9 de 21 ans. Aujourd&rsquo;hui elle fait partie des plus grandes et des plus anciennes de la r\u00e9gion de Cognac. La maison est mantenant dirig\u00e9 par la neuvi\u00e8me g\u00e9n\u00e9ration de la famille Martell.\u00a0<\/em><\/p>\n<p><em>Le Cognac Martell XO est issu d&rsquo;un assemblage des eaux-de-vie des diff\u00e9rentes r\u00e9gions de Cognac, comptant pour les plus vieilles 35 ans d&rsquo;\u00e2ge !<\/em><\/p>","protected":false},"featured_media":11779,"comment_status":"open","ping_status":"open","template":"","meta":[],"product_cat":[274],"product_tag":[],"class_list":{"0":"post-10418","1":"product","2":"type-product","3":"status-publish","4":"has-post-thumbnail","6":"product_cat-cognac","7":"pa_color-ambree","8":"pa_country-france","9":"pa_volume-70-cl","10":"_wholesalex wsx-wholesalex-product","12":"first","13":"instock","14":"taxable","15":"shipping-taxable","16":"purchasable","17":"product-type-simple"},"_links":{"self":[{"href":"https:\/\/petitecave.ch\/de\/wp-json\/wp\/v2\/product\/10418","targetHints":{"allow":["GET"]}}],"collection":[{"href":"https:\/\/petitecave.ch\/de\/wp-json\/wp\/v2\/product"}],"about":[{"href":"https:\/\/petitecave.ch\/de\/wp-json\/wp\/v2\/types\/product"}],"replies":[{"embeddable":true,"href":"https:\/\/petitecave.ch\/de\/wp-json\/wp\/v2\/comments?post=10418"}],"wp:featuredmedia":[{"embeddable":true,"href":"https:\/\/petitecave.ch\/de\/wp-json\/wp\/v2\/media\/11779"}],"wp:attachment":[{"href":"https:\/\/petitecave.ch\/de\/wp-json\/wp\/v2\/media?parent=10418"}],"wp:term":[{"taxonomy":"product_cat","embeddable":true,"href":"https:\/\/petitecave.ch\/de\/wp-json\/wp\/v2\/product_cat?post=10418"},{"taxonomy":"product_tag","embeddable":true,"href":"https:\/\/petitecave.ch\/de\/wp-json\/wp\/v2\/product_tag?post=10418"}],"curies":[{"name":"wp","href":"https:\/\/api.w.org\/{rel}","templated":true}]}}