{"id":10414,"date":"2026-01-29T10:58:05","date_gmt":"2026-01-29T09:58:05","guid":{"rendered":""},"modified":"2026-02-12T17:23:02","modified_gmt":"2026-02-12T16:23:02","slug":"bumbu-cream-liqueur-70cl","status":"publish","type":"product","link":"https:\/\/petitecave.ch\/de\/product\/bumbu-cream-liqueur-70cl\/","title":{"rendered":"Bumbu Cream Liqueur 70cl"},"content":{"rendered":"<p><span style=\"color: #000000;\"><b>Nez :<\/b> On per\u00e7oit des notes de noix de coco et de vanille.<\/span><\/p>\n<p><span style=\"color: #000000;\"><b>Bouche :<\/b> Douce et cr\u00e9meuse sur des saveurs de rhum vanill\u00e9, de cr\u00e8me et de noix de coco.<\/span><\/p>","protected":false},"excerpt":{"rendered":"<p><span style=\"color: #000000;\"><b>The Bumbu Rum Co. &#8211; Barbade\u00a0\u00a0<\/b><\/span><\/p>\n<p><span style=\"color: #000000;\"><i>La nouvelle cr\u00e9ation de la distillerie de la Barbade, cr\u00e9\u00e9e il y a maintenant 120 ans, est produite \u00e0 partir du rhum Bumbu XO auquel est ajout\u00e9 des \u00e9pices et de la cr\u00e8me.\u00a0<\/i><\/span><\/p>","protected":false},"featured_media":18547,"comment_status":"open","ping_status":"closed","template":"","meta":[],"product_cat":[269,272],"product_tag":[],"class_list":{"0":"post-10414","1":"product","2":"type-product","3":"status-publish","4":"has-post-thumbnail","6":"product_cat-liqueurs","7":"product_cat-rhum","8":"pa_color-blanc","9":"pa_country-barbade","10":"pa_volume-70-cl","11":"_wholesalex wsx-wholesalex-product","13":"first","14":"instock","15":"taxable","16":"shipping-taxable","17":"purchasable","18":"product-type-simple"},"_links":{"self":[{"href":"https:\/\/petitecave.ch\/de\/wp-json\/wp\/v2\/product\/10414","targetHints":{"allow":["GET"]}}],"collection":[{"href":"https:\/\/petitecave.ch\/de\/wp-json\/wp\/v2\/product"}],"about":[{"href":"https:\/\/petitecave.ch\/de\/wp-json\/wp\/v2\/types\/product"}],"replies":[{"embeddable":true,"href":"https:\/\/petitecave.ch\/de\/wp-json\/wp\/v2\/comments?post=10414"}],"wp:featuredmedia":[{"embeddable":true,"href":"https:\/\/petitecave.ch\/de\/wp-json\/wp\/v2\/media\/18547"}],"wp:attachment":[{"href":"https:\/\/petitecave.ch\/de\/wp-json\/wp\/v2\/media?parent=10414"}],"wp:term":[{"taxonomy":"product_cat","embeddable":true,"href":"https:\/\/petitecave.ch\/de\/wp-json\/wp\/v2\/product_cat?post=10414"},{"taxonomy":"product_tag","embeddable":true,"href":"https:\/\/petitecave.ch\/de\/wp-json\/wp\/v2\/product_tag?post=10414"}],"curies":[{"name":"wp","href":"https:\/\/api.w.org\/{rel}","templated":true}]}}