{"id":10413,"date":"2025-10-28T10:58:05","date_gmt":"2025-10-28T10:58:05","guid":{"rendered":""},"modified":"2026-04-07T13:42:37","modified_gmt":"2026-04-07T11:42:37","slug":"corsendonk-rousse-33cl","status":"publish","type":"product","link":"https:\/\/petitecave.ch\/de\/product\/corsendonk-rousse-33cl\/","title":{"rendered":"Corsendonk Rousse 33cl"},"content":{"rendered":"<p><strong>Visuel :<\/strong> Robe ambr\u00e9e avec une belle mousse<\/p>\n<p><strong>Nez :<\/strong> Ar\u00f4mes fruit\u00e9s et \u00e9pic\u00e9s de malt, de caramel et de levure<\/p>\n<p><strong>Go\u00fbt :<\/strong>\u00a0Saveurs d&rsquo;\u00e9pices, de fruits et de malt<\/p>","protected":false},"excerpt":{"rendered":"<p><strong>Corsendonk Rousse &#8211; Brasserie Corsendonk<\/strong><\/p>\n<p>\u00a0<\/p>\n<p><i>Une bi\u00e8re rousse de type Abbaye brass\u00e9e \u00e0 la brasserie Corsendonk situ\u00e9e \u00e0 Oud-Tumhout en Belgique.<\/i><\/p>","protected":false},"featured_media":11774,"comment_status":"open","ping_status":"closed","template":"","meta":[],"product_cat":[250],"product_tag":[],"class_list":{"0":"post-10413","1":"product","2":"type-product","3":"status-publish","4":"has-post-thumbnail","6":"product_cat-bieres","7":"pa_categorie-bieres-ambrees","8":"pa_color-blonde","9":"pa_country-belgique","10":"pa_style-tripel","11":"pa_type-biere-d-abbaye","12":"product_deptype-0-30","13":"_wholesalex wsx-wholesalex-product","15":"first","16":"instock","17":"taxable","18":"shipping-taxable","19":"purchasable","20":"product-type-simple"},"_links":{"self":[{"href":"https:\/\/petitecave.ch\/de\/wp-json\/wp\/v2\/product\/10413","targetHints":{"allow":["GET"]}}],"collection":[{"href":"https:\/\/petitecave.ch\/de\/wp-json\/wp\/v2\/product"}],"about":[{"href":"https:\/\/petitecave.ch\/de\/wp-json\/wp\/v2\/types\/product"}],"replies":[{"embeddable":true,"href":"https:\/\/petitecave.ch\/de\/wp-json\/wp\/v2\/comments?post=10413"}],"wp:featuredmedia":[{"embeddable":true,"href":"https:\/\/petitecave.ch\/de\/wp-json\/wp\/v2\/media\/11774"}],"wp:attachment":[{"href":"https:\/\/petitecave.ch\/de\/wp-json\/wp\/v2\/media?parent=10413"}],"wp:term":[{"taxonomy":"product_cat","embeddable":true,"href":"https:\/\/petitecave.ch\/de\/wp-json\/wp\/v2\/product_cat?post=10413"},{"taxonomy":"product_tag","embeddable":true,"href":"https:\/\/petitecave.ch\/de\/wp-json\/wp\/v2\/product_tag?post=10413"}],"curies":[{"name":"wp","href":"https:\/\/api.w.org\/{rel}","templated":true}]}}