{"id":10406,"date":"2025-10-28T10:57:58","date_gmt":"2025-10-28T10:57:58","guid":{"rendered":""},"modified":"2026-02-20T12:06:54","modified_gmt":"2026-02-20T11:06:54","slug":"rebels-sweet-amaretti-0-50cl","status":"publish","type":"product","link":"https:\/\/petitecave.ch\/de\/product\/rebels-sweet-amaretti-0-50cl\/","title":{"rendered":"REBELS Sweet Amaretti 0% 50cl"},"content":{"rendered":"<p><b>Nez :<\/b> Notes typiques de massepain sucr\u00e9 d\u2019amandes, harmonis\u00e9es avec la douceur incomparable de la vanille et de la cerise<\/p>\n<p><b>Bouche :<\/b> Saveur de noisette cr\u00e9meuse avec une finale l\u00e9g\u00e8rement am\u00e8re, \u00e9pic\u00e9e et longue<\/p>","protected":false},"excerpt":{"rendered":"<p><b>Sweet Amaretti &#8211; Rebels<\/b><b><\/b><\/p>\n<p>\u00a0<\/p>\n<p><i>\u00ab\u00a0Il n\u2019a jamais \u00e9t\u00e9 question d\u2019\u00eatre anti-alcool, mais d\u2019avoir un autre choix dans les moments o\u00f9 vous ne voulez pas boire d\u2019alcool. C\u2019est pourquoi nous voulions d\u00e9velopper des spiritueux sans alcool avec lesquels vous pouvez m\u00e9langer vos boissons pr\u00e9f\u00e9r\u00e9es<\/i><i>, mais sans alcool.\u00a0\u00bb<\/i><\/p>","protected":false},"featured_media":18913,"comment_status":"open","ping_status":"open","template":"","meta":[],"product_cat":[251],"product_tag":[],"class_list":{"0":"post-10406","1":"product","2":"type-product","3":"status-publish","4":"has-post-thumbnail","6":"product_cat-boissons-sans-alcool","7":"pa_country-suisse","8":"pa_volume-50cl","9":"_wholesalex wsx-wholesalex-product","11":"first","12":"instock","13":"taxable","14":"shipping-taxable","15":"purchasable","16":"product-type-simple"},"yoast_head":"<!-- This site is optimized with the Yoast SEO plugin v27.4 - https:\/\/yoast.com\/product\/yoast-seo-wordpress\/ -->\n<title>REBELS Sweet Amaretti 0% 50cl | La Petite Cave du Chablais<\/title>\n<meta name=\"robots\" content=\"index, follow, max-snippet:-1, max-image-preview:large, max-video-preview:-1\" \/>\n<link rel=\"canonical\" href=\"https:\/\/petitecave.ch\/de\/product\/rebels-sweet-amaretti-0-50cl\/\" \/>\n<meta property=\"og:locale\" content=\"de_DE\" \/>\n<meta property=\"og:type\" content=\"article\" \/>\n<meta property=\"og:title\" content=\"REBELS Sweet Amaretti 0% 50cl | La Petite Cave du Chablais\" \/>\n<meta property=\"og:description\" content=\"Sweet Amaretti - Rebels \u00a0 &quot;Il n\u2019a jamais \u00e9t\u00e9 question d\u2019\u00eatre anti-alcool, mais d\u2019avoir un autre choix dans les moments o\u00f9 vous ne voulez pas boire d\u2019alcool. C\u2019est pourquoi nous voulions d\u00e9velopper des spiritueux sans alcool avec lesquels vous pouvez m\u00e9langer vos boissons pr\u00e9f\u00e9r\u00e9es, mais sans alcool.&quot;\" \/>\n<meta property=\"og:url\" content=\"https:\/\/petitecave.ch\/de\/product\/rebels-sweet-amaretti-0-50cl\/\" \/>\n<meta property=\"og:site_name\" content=\"La Petite Cave du Chablais\" \/>\n<meta property=\"article:publisher\" content=\"https:\/\/www.facebook.com\/LaPetiteCaveDuChablais\" \/>\n<meta property=\"article:modified_time\" content=\"2026-02-20T11:06:54+00:00\" \/>\n<meta property=\"og:image\" content=\"https:\/\/petitecave.ch\/wp-content\/uploads\/2025\/10\/REBELS-Sweet-Amaretti-0-50cl.png\" \/>\n\t<meta property=\"og:image:width\" content=\"1000\" \/>\n\t<meta property=\"og:image:height\" content=\"1000\" \/>\n\t<meta property=\"og:image:type\" content=\"image\/png\" \/>\n<meta name=\"twitter:card\" content=\"summary_large_image\" \/>\n<script type=\"application\/ld+json\" class=\"yoast-schema-graph\">{\"@context\":\"https:\\\/\\\/schema.org\",\"@graph\":[{\"@type\":\"WebPage\",\"@id\":\"https:\\\/\\\/petitecave.ch\\\/de\\\/product\\\/rebels-sweet-amaretti-0-50cl\\\/\",\"url\":\"https:\\\/\\\/petitecave.ch\\\/de\\\/product\\\/rebels-sweet-amaretti-0-50cl\\\/\",\"name\":\"REBELS Sweet Amaretti 0% 50cl | La Petite Cave du Chablais\",\"isPartOf\":{\"@id\":\"https:\\\/\\\/petitecave.ch\\\/de\\\/#website\"},\"primaryImageOfPage\":{\"@id\":\"https:\\\/\\\/petitecave.ch\\\/de\\\/product\\\/rebels-sweet-amaretti-0-50cl\\\/#primaryimage\"},\"image\":{\"@id\":\"https:\\\/\\\/petitecave.ch\\\/de\\\/product\\\/rebels-sweet-amaretti-0-50cl\\\/#primaryimage\"},\"thumbnailUrl\":\"https:\\\/\\\/petitecave.ch\\\/wp-content\\\/uploads\\\/2025\\\/10\\\/REBELS-Sweet-Amaretti-0-50cl.png\",\"datePublished\":\"2025-10-28T10:57:58+00:00\",\"dateModified\":\"2026-02-20T11:06:54+00:00\",\"breadcrumb\":{\"@id\":\"https:\\\/\\\/petitecave.ch\\\/de\\\/product\\\/rebels-sweet-amaretti-0-50cl\\\/#breadcrumb\"},\"inLanguage\":\"de-CH\",\"potentialAction\":[{\"@type\":\"ReadAction\",\"target\":[\"https:\\\/\\\/petitecave.ch\\\/de\\\/product\\\/rebels-sweet-amaretti-0-50cl\\\/\"]}]},{\"@type\":\"ImageObject\",\"inLanguage\":\"de-CH\",\"@id\":\"https:\\\/\\\/petitecave.ch\\\/de\\\/product\\\/rebels-sweet-amaretti-0-50cl\\\/#primaryimage\",\"url\":\"https:\\\/\\\/petitecave.ch\\\/wp-content\\\/uploads\\\/2025\\\/10\\\/REBELS-Sweet-Amaretti-0-50cl.png\",\"contentUrl\":\"https:\\\/\\\/petitecave.ch\\\/wp-content\\\/uploads\\\/2025\\\/10\\\/REBELS-Sweet-Amaretti-0-50cl.png\",\"width\":1000,\"height\":1000},{\"@type\":\"BreadcrumbList\",\"@id\":\"https:\\\/\\\/petitecave.ch\\\/de\\\/product\\\/rebels-sweet-amaretti-0-50cl\\\/#breadcrumb\",\"itemListElement\":[{\"@type\":\"ListItem\",\"position\":1,\"name\":\"Accueil\",\"item\":\"https:\\\/\\\/petitecave.ch\\\/\"},{\"@type\":\"ListItem\",\"position\":2,\"name\":\"Produkte\",\"item\":\"https:\\\/\\\/petitecave.ch\\\/de\\\/shop\\\/\"},{\"@type\":\"ListItem\",\"position\":3,\"name\":\"REBELS Sweet Amaretti 0% 50cl\"}]},{\"@type\":\"WebSite\",\"@id\":\"https:\\\/\\\/petitecave.ch\\\/de\\\/#website\",\"url\":\"https:\\\/\\\/petitecave.ch\\\/de\\\/\",\"name\":\"La Petite Cave du Chablais\",\"description\":\"Vins, bi\u00e8res et spiritueux en ligne !\",\"publisher\":{\"@id\":\"https:\\\/\\\/petitecave.ch\\\/de\\\/#organization\"},\"alternateName\":\"La Petite Cave\",\"potentialAction\":[{\"@type\":\"SearchAction\",\"target\":{\"@type\":\"EntryPoint\",\"urlTemplate\":\"https:\\\/\\\/petitecave.ch\\\/de\\\/?s={search_term_string}\"},\"query-input\":{\"@type\":\"PropertyValueSpecification\",\"valueRequired\":true,\"valueName\":\"search_term_string\"}}],\"inLanguage\":\"de-CH\"},{\"@type\":\"Organization\",\"@id\":\"https:\\\/\\\/petitecave.ch\\\/de\\\/#organization\",\"name\":\"La Petite Cave du Chablais S\u00e0rl\",\"url\":\"https:\\\/\\\/petitecave.ch\\\/de\\\/\",\"logo\":{\"@type\":\"ImageObject\",\"inLanguage\":\"de-CH\",\"@id\":\"https:\\\/\\\/petitecave.ch\\\/de\\\/#\\\/schema\\\/logo\\\/image\\\/\",\"url\":\"https:\\\/\\\/petitecave.ch\\\/wp-content\\\/uploads\\\/2025\\\/10\\\/petitecavelogo-removebg-preview.png\",\"contentUrl\":\"https:\\\/\\\/petitecave.ch\\\/wp-content\\\/uploads\\\/2025\\\/10\\\/petitecavelogo-removebg-preview.png\",\"width\":800,\"height\":200,\"caption\":\"La Petite Cave du Chablais S\u00e0rl\"},\"image\":{\"@id\":\"https:\\\/\\\/petitecave.ch\\\/de\\\/#\\\/schema\\\/logo\\\/image\\\/\"},\"sameAs\":[\"https:\\\/\\\/www.facebook.com\\\/LaPetiteCaveDuChablais\",\"https:\\\/\\\/www.instagram.com\\\/lapetitecaveduchablais\",\"https:\\\/\\\/www.linkedin.com\\\/company\\\/la-petite-cave-du-chablais\"]}]}<\/script>\n<!-- \/ Yoast SEO plugin. -->","yoast_head_json":{"title":"REBELS Sweet Amaretti 0% 50cl | La Petite Cave du Chablais","robots":{"index":"index","follow":"follow","max-snippet":"max-snippet:-1","max-image-preview":"max-image-preview:large","max-video-preview":"max-video-preview:-1"},"canonical":"https:\/\/petitecave.ch\/de\/product\/rebels-sweet-amaretti-0-50cl\/","og_locale":"de_DE","og_type":"article","og_title":"REBELS Sweet Amaretti 0% 50cl | La Petite Cave du Chablais","og_description":"Sweet Amaretti - Rebels \u00a0 \"Il n\u2019a jamais \u00e9t\u00e9 question d\u2019\u00eatre anti-alcool, mais d\u2019avoir un autre choix dans les moments o\u00f9 vous ne voulez pas boire d\u2019alcool. C\u2019est pourquoi nous voulions d\u00e9velopper des spiritueux sans alcool avec lesquels vous pouvez m\u00e9langer vos boissons pr\u00e9f\u00e9r\u00e9es, mais sans alcool.\"","og_url":"https:\/\/petitecave.ch\/de\/product\/rebels-sweet-amaretti-0-50cl\/","og_site_name":"La Petite Cave du Chablais","article_publisher":"https:\/\/www.facebook.com\/LaPetiteCaveDuChablais","article_modified_time":"2026-02-20T11:06:54+00:00","og_image":[{"width":1000,"height":1000,"url":"https:\/\/petitecave.ch\/wp-content\/uploads\/2025\/10\/REBELS-Sweet-Amaretti-0-50cl.png","type":"image\/png"}],"twitter_card":"summary_large_image","schema":{"@context":"https:\/\/schema.org","@graph":[{"@type":"WebPage","@id":"https:\/\/petitecave.ch\/de\/product\/rebels-sweet-amaretti-0-50cl\/","url":"https:\/\/petitecave.ch\/de\/product\/rebels-sweet-amaretti-0-50cl\/","name":"REBELS Sweet Amaretti 0% 50cl | La Petite Cave du Chablais","isPartOf":{"@id":"https:\/\/petitecave.ch\/de\/#website"},"primaryImageOfPage":{"@id":"https:\/\/petitecave.ch\/de\/product\/rebels-sweet-amaretti-0-50cl\/#primaryimage"},"image":{"@id":"https:\/\/petitecave.ch\/de\/product\/rebels-sweet-amaretti-0-50cl\/#primaryimage"},"thumbnailUrl":"https:\/\/petitecave.ch\/wp-content\/uploads\/2025\/10\/REBELS-Sweet-Amaretti-0-50cl.png","datePublished":"2025-10-28T10:57:58+00:00","dateModified":"2026-02-20T11:06:54+00:00","breadcrumb":{"@id":"https:\/\/petitecave.ch\/de\/product\/rebels-sweet-amaretti-0-50cl\/#breadcrumb"},"inLanguage":"de-CH","potentialAction":[{"@type":"ReadAction","target":["https:\/\/petitecave.ch\/de\/product\/rebels-sweet-amaretti-0-50cl\/"]}]},{"@type":"ImageObject","inLanguage":"de-CH","@id":"https:\/\/petitecave.ch\/de\/product\/rebels-sweet-amaretti-0-50cl\/#primaryimage","url":"https:\/\/petitecave.ch\/wp-content\/uploads\/2025\/10\/REBELS-Sweet-Amaretti-0-50cl.png","contentUrl":"https:\/\/petitecave.ch\/wp-content\/uploads\/2025\/10\/REBELS-Sweet-Amaretti-0-50cl.png","width":1000,"height":1000},{"@type":"BreadcrumbList","@id":"https:\/\/petitecave.ch\/de\/product\/rebels-sweet-amaretti-0-50cl\/#breadcrumb","itemListElement":[{"@type":"ListItem","position":1,"name":"Accueil","item":"https:\/\/petitecave.ch\/"},{"@type":"ListItem","position":2,"name":"Produkte","item":"https:\/\/petitecave.ch\/de\/shop\/"},{"@type":"ListItem","position":3,"name":"REBELS Sweet Amaretti 0% 50cl"}]},{"@type":"WebSite","@id":"https:\/\/petitecave.ch\/de\/#website","url":"https:\/\/petitecave.ch\/de\/","name":"Die kleine Keller des Chablais","description":"Vins, bi\u00e8res et spiritueux en ligne !","publisher":{"@id":"https:\/\/petitecave.ch\/de\/#organization"},"alternateName":"La Petite Cave","potentialAction":[{"@type":"SearchAction","target":{"@type":"EntryPoint","urlTemplate":"https:\/\/petitecave.ch\/de\/?s={search_term_string}"},"query-input":{"@type":"PropertyValueSpecification","valueRequired":true,"valueName":"search_term_string"}}],"inLanguage":"de-CH"},{"@type":"Organization","@id":"https:\/\/petitecave.ch\/de\/#organization","name":"La Petite Cave du Chablais S\u00e0rl","url":"https:\/\/petitecave.ch\/de\/","logo":{"@type":"ImageObject","inLanguage":"de-CH","@id":"https:\/\/petitecave.ch\/de\/#\/schema\/logo\/image\/","url":"https:\/\/petitecave.ch\/wp-content\/uploads\/2025\/10\/petitecavelogo-removebg-preview.png","contentUrl":"https:\/\/petitecave.ch\/wp-content\/uploads\/2025\/10\/petitecavelogo-removebg-preview.png","width":800,"height":200,"caption":"La Petite Cave du Chablais S\u00e0rl"},"image":{"@id":"https:\/\/petitecave.ch\/de\/#\/schema\/logo\/image\/"},"sameAs":["https:\/\/www.facebook.com\/LaPetiteCaveDuChablais","https:\/\/www.instagram.com\/lapetitecaveduchablais","https:\/\/www.linkedin.com\/company\/la-petite-cave-du-chablais"]}]}},"_links":{"self":[{"href":"https:\/\/petitecave.ch\/de\/wp-json\/wp\/v2\/product\/10406","targetHints":{"allow":["GET"]}}],"collection":[{"href":"https:\/\/petitecave.ch\/de\/wp-json\/wp\/v2\/product"}],"about":[{"href":"https:\/\/petitecave.ch\/de\/wp-json\/wp\/v2\/types\/product"}],"replies":[{"embeddable":true,"href":"https:\/\/petitecave.ch\/de\/wp-json\/wp\/v2\/comments?post=10406"}],"wp:featuredmedia":[{"embeddable":true,"href":"https:\/\/petitecave.ch\/de\/wp-json\/wp\/v2\/media\/18913"}],"wp:attachment":[{"href":"https:\/\/petitecave.ch\/de\/wp-json\/wp\/v2\/media?parent=10406"}],"wp:term":[{"taxonomy":"product_cat","embeddable":true,"href":"https:\/\/petitecave.ch\/de\/wp-json\/wp\/v2\/product_cat?post=10406"},{"taxonomy":"product_tag","embeddable":true,"href":"https:\/\/petitecave.ch\/de\/wp-json\/wp\/v2\/product_tag?post=10406"}],"curies":[{"name":"wp","href":"https:\/\/api.w.org\/{rel}","templated":true}]}}