{"id":10402,"date":"2025-10-28T10:57:55","date_gmt":"2025-10-28T10:57:55","guid":{"rendered":""},"modified":"2026-02-20T12:14:27","modified_gmt":"2026-02-20T11:14:27","slug":"bol-ro-vin-rouge-sans-alcool-75cl","status":"publish","type":"product","link":"https:\/\/petitecave.ch\/de\/product\/bol-ro-vin-rouge-sans-alcool-75cl\/","title":{"rendered":"Bol\u00e9ro &#8211; Vin rouge sans alcool 75cl"},"content":{"rendered":"<p><b>Nez :<\/b> Le bouquet intense se caract\u00e9rise par des notes d\u2019\u00e9pices auxquelles se m\u00eale une pointe de vanille aussi \u00e9l\u00e9gante que discr\u00e8te.<\/p>\n<p><b>Bouche :<\/b> Ce vin riche et volumineux d\u00e9veloppe des ar\u00f4mes \u00e9pic\u00e9s \u00e9quilibr\u00e9s. La tr\u00e8s longue finale laisse deviner quelques notes bois\u00e9es.<\/p>\n<p><b>Accompagnement :<\/b>\u00a0Ce vin sans alcool accompagne \u00e0 merveille les viandes rouges, les volailles grill\u00e9es, les poissons et les plateaux de fromages.<\/p>\n<p><b>Temps de garde :\u00a0<\/b>3 ans apr\u00e8s la production<\/p>","protected":false},"excerpt":{"rendered":"<p><b>Bol\u00e9ro &#8211; Vin rouge sans alcool &#8211; Ch\u00e2teau Constellation &#8211; Sion<\/b><\/p>\n<p>\u00a0<\/p>\n<p><i>Ce vin sans alcool est \u00e0 base de Cabernet Sauvignon est id\u00e9al pour tous ceux qui souhaitent retrouver le plaisir du vin sans les effets de l\u2019alcool. Il est pauvre en calories (16,2 cal\/100ml), affichant moins de 0.5% par volume.<\/i><\/p>\n<p><i>Vin d\u00e9salcoolis\u00e9 avec 5 g\/l de sucre r\u00e9siduel.<\/i><\/p>","protected":false},"featured_media":11763,"comment_status":"open","ping_status":"open","template":"","meta":[],"product_cat":[251,253],"product_tag":[],"class_list":{"0":"post-10402","1":"product","2":"type-product","3":"status-publish","4":"has-post-thumbnail","6":"product_cat-boissons-sans-alcool","7":"product_cat-vins","8":"pa_color-rouge","9":"pa_country-suisse","10":"pa_volume-75-cl","11":"_wholesalex wsx-wholesalex-product","13":"first","14":"outofstock","15":"taxable","16":"shipping-taxable","17":"purchasable","18":"product-type-simple"},"yoast_head":"<!-- This site is optimized with the Yoast SEO plugin v27.4 - https:\/\/yoast.com\/product\/yoast-seo-wordpress\/ -->\n<title>Bol\u00e9ro - Vin rouge sans alcool 75cl | La Petite Cave du Chablais<\/title>\n<meta name=\"robots\" content=\"index, follow, max-snippet:-1, max-image-preview:large, max-video-preview:-1\" \/>\n<link rel=\"canonical\" href=\"https:\/\/petitecave.ch\/de\/product\/bol-ro-vin-rouge-sans-alcool-75cl\/\" \/>\n<meta property=\"og:locale\" content=\"de_DE\" \/>\n<meta property=\"og:type\" content=\"article\" \/>\n<meta property=\"og:title\" content=\"Bol\u00e9ro - Vin rouge sans alcool 75cl | La Petite Cave du Chablais\" \/>\n<meta property=\"og:description\" content=\"Bol\u00e9ro - Vin rouge sans alcool - Ch\u00e2teau Constellation - Sion \u00a0 Ce vin sans alcool est \u00e0 base de Cabernet Sauvignon est id\u00e9al pour tous ceux qui souhaitent retrouver le plaisir du vin sans les effets de l\u2019alcool. Il est pauvre en calories (16,2 cal\/100ml), affichant moins de 0.5% par volume. Vin d\u00e9salcoolis\u00e9 avec 5 g\/l de sucre r\u00e9siduel.\" \/>\n<meta property=\"og:url\" content=\"https:\/\/petitecave.ch\/de\/product\/bol-ro-vin-rouge-sans-alcool-75cl\/\" \/>\n<meta property=\"og:site_name\" content=\"La Petite Cave du Chablais\" \/>\n<meta property=\"article:publisher\" content=\"https:\/\/www.facebook.com\/LaPetiteCaveDuChablais\" \/>\n<meta property=\"article:modified_time\" content=\"2026-02-20T11:14:27+00:00\" \/>\n<meta property=\"og:image\" content=\"https:\/\/petitecave.ch\/wp-content\/uploads\/2025\/10\/10402_4263_cover.jpg\" \/>\n\t<meta property=\"og:image:width\" content=\"500\" \/>\n\t<meta property=\"og:image:height\" content=\"800\" \/>\n\t<meta property=\"og:image:type\" content=\"image\/jpeg\" \/>\n<meta name=\"twitter:card\" content=\"summary_large_image\" \/>\n<script type=\"application\/ld+json\" class=\"yoast-schema-graph\">{\"@context\":\"https:\\\/\\\/schema.org\",\"@graph\":[{\"@type\":\"WebPage\",\"@id\":\"https:\\\/\\\/petitecave.ch\\\/product\\\/bol-ro-vin-rouge-sans-alcool-75cl\\\/\",\"url\":\"https:\\\/\\\/petitecave.ch\\\/product\\\/bol-ro-vin-rouge-sans-alcool-75cl\\\/\",\"name\":\"Bol\u00e9ro - Vin rouge sans alcool 75cl | La Petite Cave du Chablais\",\"isPartOf\":{\"@id\":\"https:\\\/\\\/petitecave.ch\\\/de\\\/#website\"},\"primaryImageOfPage\":{\"@id\":\"https:\\\/\\\/petitecave.ch\\\/product\\\/bol-ro-vin-rouge-sans-alcool-75cl\\\/#primaryimage\"},\"image\":{\"@id\":\"https:\\\/\\\/petitecave.ch\\\/product\\\/bol-ro-vin-rouge-sans-alcool-75cl\\\/#primaryimage\"},\"thumbnailUrl\":\"https:\\\/\\\/petitecave.ch\\\/wp-content\\\/uploads\\\/2025\\\/10\\\/10402_4263_cover.jpg\",\"datePublished\":\"2025-10-28T10:57:55+00:00\",\"dateModified\":\"2026-02-20T11:14:27+00:00\",\"breadcrumb\":{\"@id\":\"https:\\\/\\\/petitecave.ch\\\/product\\\/bol-ro-vin-rouge-sans-alcool-75cl\\\/#breadcrumb\"},\"inLanguage\":\"de-CH\",\"potentialAction\":[{\"@type\":\"ReadAction\",\"target\":[\"https:\\\/\\\/petitecave.ch\\\/product\\\/bol-ro-vin-rouge-sans-alcool-75cl\\\/\"]}]},{\"@type\":\"ImageObject\",\"inLanguage\":\"de-CH\",\"@id\":\"https:\\\/\\\/petitecave.ch\\\/product\\\/bol-ro-vin-rouge-sans-alcool-75cl\\\/#primaryimage\",\"url\":\"https:\\\/\\\/petitecave.ch\\\/wp-content\\\/uploads\\\/2025\\\/10\\\/10402_4263_cover.jpg\",\"contentUrl\":\"https:\\\/\\\/petitecave.ch\\\/wp-content\\\/uploads\\\/2025\\\/10\\\/10402_4263_cover.jpg\",\"width\":500,\"height\":800},{\"@type\":\"BreadcrumbList\",\"@id\":\"https:\\\/\\\/petitecave.ch\\\/product\\\/bol-ro-vin-rouge-sans-alcool-75cl\\\/#breadcrumb\",\"itemListElement\":[{\"@type\":\"ListItem\",\"position\":1,\"name\":\"Accueil\",\"item\":\"https:\\\/\\\/petitecave.ch\\\/de\\\/\"},{\"@type\":\"ListItem\",\"position\":2,\"name\":\"Produkte\",\"item\":\"https:\\\/\\\/petitecave.ch\\\/de\\\/shop\\\/\"},{\"@type\":\"ListItem\",\"position\":3,\"name\":\"Bol\u00e9ro &#8211; Vin rouge sans alcool 75cl\"}]},{\"@type\":\"WebSite\",\"@id\":\"https:\\\/\\\/petitecave.ch\\\/de\\\/#website\",\"url\":\"https:\\\/\\\/petitecave.ch\\\/de\\\/\",\"name\":\"La Petite Cave du Chablais\",\"description\":\"Vins, bi\u00e8res et spiritueux en ligne !\",\"publisher\":{\"@id\":\"https:\\\/\\\/petitecave.ch\\\/de\\\/#organization\"},\"alternateName\":\"La Petite Cave\",\"potentialAction\":[{\"@type\":\"SearchAction\",\"target\":{\"@type\":\"EntryPoint\",\"urlTemplate\":\"https:\\\/\\\/petitecave.ch\\\/de\\\/?s={search_term_string}\"},\"query-input\":{\"@type\":\"PropertyValueSpecification\",\"valueRequired\":true,\"valueName\":\"search_term_string\"}}],\"inLanguage\":\"de-CH\"},{\"@type\":\"Organization\",\"@id\":\"https:\\\/\\\/petitecave.ch\\\/de\\\/#organization\",\"name\":\"La Petite Cave du Chablais S\u00e0rl\",\"url\":\"https:\\\/\\\/petitecave.ch\\\/de\\\/\",\"logo\":{\"@type\":\"ImageObject\",\"inLanguage\":\"de-CH\",\"@id\":\"https:\\\/\\\/petitecave.ch\\\/de\\\/#\\\/schema\\\/logo\\\/image\\\/\",\"url\":\"https:\\\/\\\/petitecave.ch\\\/wp-content\\\/uploads\\\/2025\\\/10\\\/petitecavelogo-removebg-preview.png\",\"contentUrl\":\"https:\\\/\\\/petitecave.ch\\\/wp-content\\\/uploads\\\/2025\\\/10\\\/petitecavelogo-removebg-preview.png\",\"width\":800,\"height\":200,\"caption\":\"La Petite Cave du Chablais S\u00e0rl\"},\"image\":{\"@id\":\"https:\\\/\\\/petitecave.ch\\\/de\\\/#\\\/schema\\\/logo\\\/image\\\/\"},\"sameAs\":[\"https:\\\/\\\/www.facebook.com\\\/LaPetiteCaveDuChablais\",\"https:\\\/\\\/www.instagram.com\\\/lapetitecaveduchablais\",\"https:\\\/\\\/www.linkedin.com\\\/company\\\/la-petite-cave-du-chablais\"]}]}<\/script>\n<!-- \/ Yoast SEO plugin. -->","yoast_head_json":{"title":"Bol\u00e9ro - Vin rouge sans alcool 75cl | La Petite Cave du Chablais","robots":{"index":"index","follow":"follow","max-snippet":"max-snippet:-1","max-image-preview":"max-image-preview:large","max-video-preview":"max-video-preview:-1"},"canonical":"https:\/\/petitecave.ch\/de\/product\/bol-ro-vin-rouge-sans-alcool-75cl\/","og_locale":"de_DE","og_type":"article","og_title":"Bol\u00e9ro - Vin rouge sans alcool 75cl | La Petite Cave du Chablais","og_description":"Bol\u00e9ro - Vin rouge sans alcool - Ch\u00e2teau Constellation - Sion \u00a0 Ce vin sans alcool est \u00e0 base de Cabernet Sauvignon est id\u00e9al pour tous ceux qui souhaitent retrouver le plaisir du vin sans les effets de l\u2019alcool. Il est pauvre en calories (16,2 cal\/100ml), affichant moins de 0.5% par volume. Vin d\u00e9salcoolis\u00e9 avec 5 g\/l de sucre r\u00e9siduel.","og_url":"https:\/\/petitecave.ch\/de\/product\/bol-ro-vin-rouge-sans-alcool-75cl\/","og_site_name":"La Petite Cave du Chablais","article_publisher":"https:\/\/www.facebook.com\/LaPetiteCaveDuChablais","article_modified_time":"2026-02-20T11:14:27+00:00","og_image":[{"width":500,"height":800,"url":"https:\/\/petitecave.ch\/wp-content\/uploads\/2025\/10\/10402_4263_cover.jpg","type":"image\/jpeg"}],"twitter_card":"summary_large_image","schema":{"@context":"https:\/\/schema.org","@graph":[{"@type":"WebPage","@id":"https:\/\/petitecave.ch\/product\/bol-ro-vin-rouge-sans-alcool-75cl\/","url":"https:\/\/petitecave.ch\/product\/bol-ro-vin-rouge-sans-alcool-75cl\/","name":"Bol\u00e9ro - Vin rouge sans alcool 75cl | La Petite Cave du Chablais","isPartOf":{"@id":"https:\/\/petitecave.ch\/de\/#website"},"primaryImageOfPage":{"@id":"https:\/\/petitecave.ch\/product\/bol-ro-vin-rouge-sans-alcool-75cl\/#primaryimage"},"image":{"@id":"https:\/\/petitecave.ch\/product\/bol-ro-vin-rouge-sans-alcool-75cl\/#primaryimage"},"thumbnailUrl":"https:\/\/petitecave.ch\/wp-content\/uploads\/2025\/10\/10402_4263_cover.jpg","datePublished":"2025-10-28T10:57:55+00:00","dateModified":"2026-02-20T11:14:27+00:00","breadcrumb":{"@id":"https:\/\/petitecave.ch\/product\/bol-ro-vin-rouge-sans-alcool-75cl\/#breadcrumb"},"inLanguage":"de-CH","potentialAction":[{"@type":"ReadAction","target":["https:\/\/petitecave.ch\/product\/bol-ro-vin-rouge-sans-alcool-75cl\/"]}]},{"@type":"ImageObject","inLanguage":"de-CH","@id":"https:\/\/petitecave.ch\/product\/bol-ro-vin-rouge-sans-alcool-75cl\/#primaryimage","url":"https:\/\/petitecave.ch\/wp-content\/uploads\/2025\/10\/10402_4263_cover.jpg","contentUrl":"https:\/\/petitecave.ch\/wp-content\/uploads\/2025\/10\/10402_4263_cover.jpg","width":500,"height":800},{"@type":"BreadcrumbList","@id":"https:\/\/petitecave.ch\/product\/bol-ro-vin-rouge-sans-alcool-75cl\/#breadcrumb","itemListElement":[{"@type":"ListItem","position":1,"name":"Accueil","item":"https:\/\/petitecave.ch\/de\/"},{"@type":"ListItem","position":2,"name":"Produkte","item":"https:\/\/petitecave.ch\/de\/shop\/"},{"@type":"ListItem","position":3,"name":"Bol\u00e9ro &#8211; Vin rouge sans alcool 75cl"}]},{"@type":"WebSite","@id":"https:\/\/petitecave.ch\/de\/#website","url":"https:\/\/petitecave.ch\/de\/","name":"Die kleine Keller des Chablais","description":"Vins, bi\u00e8res et spiritueux en ligne !","publisher":{"@id":"https:\/\/petitecave.ch\/de\/#organization"},"alternateName":"La Petite Cave","potentialAction":[{"@type":"SearchAction","target":{"@type":"EntryPoint","urlTemplate":"https:\/\/petitecave.ch\/de\/?s={search_term_string}"},"query-input":{"@type":"PropertyValueSpecification","valueRequired":true,"valueName":"search_term_string"}}],"inLanguage":"de-CH"},{"@type":"Organization","@id":"https:\/\/petitecave.ch\/de\/#organization","name":"La Petite Cave du Chablais S\u00e0rl","url":"https:\/\/petitecave.ch\/de\/","logo":{"@type":"ImageObject","inLanguage":"de-CH","@id":"https:\/\/petitecave.ch\/de\/#\/schema\/logo\/image\/","url":"https:\/\/petitecave.ch\/wp-content\/uploads\/2025\/10\/petitecavelogo-removebg-preview.png","contentUrl":"https:\/\/petitecave.ch\/wp-content\/uploads\/2025\/10\/petitecavelogo-removebg-preview.png","width":800,"height":200,"caption":"La Petite Cave du Chablais S\u00e0rl"},"image":{"@id":"https:\/\/petitecave.ch\/de\/#\/schema\/logo\/image\/"},"sameAs":["https:\/\/www.facebook.com\/LaPetiteCaveDuChablais","https:\/\/www.instagram.com\/lapetitecaveduchablais","https:\/\/www.linkedin.com\/company\/la-petite-cave-du-chablais"]}]}},"_links":{"self":[{"href":"https:\/\/petitecave.ch\/de\/wp-json\/wp\/v2\/product\/10402","targetHints":{"allow":["GET"]}}],"collection":[{"href":"https:\/\/petitecave.ch\/de\/wp-json\/wp\/v2\/product"}],"about":[{"href":"https:\/\/petitecave.ch\/de\/wp-json\/wp\/v2\/types\/product"}],"replies":[{"embeddable":true,"href":"https:\/\/petitecave.ch\/de\/wp-json\/wp\/v2\/comments?post=10402"}],"wp:featuredmedia":[{"embeddable":true,"href":"https:\/\/petitecave.ch\/de\/wp-json\/wp\/v2\/media\/11763"}],"wp:attachment":[{"href":"https:\/\/petitecave.ch\/de\/wp-json\/wp\/v2\/media?parent=10402"}],"wp:term":[{"taxonomy":"product_cat","embeddable":true,"href":"https:\/\/petitecave.ch\/de\/wp-json\/wp\/v2\/product_cat?post=10402"},{"taxonomy":"product_tag","embeddable":true,"href":"https:\/\/petitecave.ch\/de\/wp-json\/wp\/v2\/product_tag?post=10402"}],"curies":[{"name":"wp","href":"https:\/\/api.w.org\/{rel}","templated":true}]}}