{"id":10394,"date":"2025-10-28T10:57:48","date_gmt":"2025-10-28T10:57:48","guid":{"rendered":""},"modified":"2026-02-20T16:14:18","modified_gmt":"2026-02-20T15:14:18","slug":"framboise-sur-fruit-morand-70cl","status":"publish","type":"product","link":"https:\/\/petitecave.ch\/de\/product\/framboise-sur-fruit-morand-70cl\/","title":{"rendered":"Framboise SUR FRUIT &#8211; Morand 70cl"},"content":{"rendered":"<p>Se d\u00e9guste fra\u00eeche ou sur glace, selon les go\u00fbts.<\/p>\n<p>\u00c0 utiliser dans les desserts, notamment pour napper un dessert au chocolat ou \u00e0 la framboise.<\/p>","protected":false},"excerpt":{"rendered":"<p><strong>Framboise SUR FRUIT\u00a0&#8211; Distillerie Morand &#8211; Martigny\u00a0<\/strong><\/p>\n<p>\u00a0<\/p>\n<p><i>La FRAMBOISE SUR FRUIT : eau de vie et compot\u00e9e de fruit!<\/i><\/p>\n<p><i><strong>La FRAMBOISE SUR FRUIT<\/strong>\u00a0r\u00e9unit eau-de-vie et fruit. La framboise apporte substance et douceur; l\u2019eau-de-vie, l\u2019intensit\u00e9 des saveurs; leur rencontre, tout ce que le verger valaisan offre de meilleur.<\/i><\/p>\n<p><i>Savoureuse et fruit\u00e9e, la <b>FRAMBOISE SUR FRUIT<\/b> est la gol\u00e9e valaisanne gourmande concluant un repas ou accompagnant un caf\u00e9.<\/i><\/p>","protected":false},"featured_media":11755,"comment_status":"open","ping_status":"open","template":"","meta":[],"product_cat":[269],"product_tag":[],"class_list":{"0":"post-10394","1":"product","2":"type-product","3":"status-publish","4":"has-post-thumbnail","6":"product_cat-liqueurs","7":"pa_country-suisse","8":"pa_volume-70-cl","9":"_wholesalex wsx-wholesalex-product","11":"first","12":"instock","13":"taxable","14":"shipping-taxable","15":"purchasable","16":"product-type-simple"},"_links":{"self":[{"href":"https:\/\/petitecave.ch\/de\/wp-json\/wp\/v2\/product\/10394","targetHints":{"allow":["GET"]}}],"collection":[{"href":"https:\/\/petitecave.ch\/de\/wp-json\/wp\/v2\/product"}],"about":[{"href":"https:\/\/petitecave.ch\/de\/wp-json\/wp\/v2\/types\/product"}],"replies":[{"embeddable":true,"href":"https:\/\/petitecave.ch\/de\/wp-json\/wp\/v2\/comments?post=10394"}],"wp:featuredmedia":[{"embeddable":true,"href":"https:\/\/petitecave.ch\/de\/wp-json\/wp\/v2\/media\/11755"}],"wp:attachment":[{"href":"https:\/\/petitecave.ch\/de\/wp-json\/wp\/v2\/media?parent=10394"}],"wp:term":[{"taxonomy":"product_cat","embeddable":true,"href":"https:\/\/petitecave.ch\/de\/wp-json\/wp\/v2\/product_cat?post=10394"},{"taxonomy":"product_tag","embeddable":true,"href":"https:\/\/petitecave.ch\/de\/wp-json\/wp\/v2\/product_tag?post=10394"}],"curies":[{"name":"wp","href":"https:\/\/api.w.org\/{rel}","templated":true}]}}