{"id":10391,"date":"2025-12-16T16:50:45","date_gmt":"2025-12-16T15:50:45","guid":{"rendered":""},"modified":"2025-12-18T15:51:20","modified_gmt":"2025-12-18T14:51:20","slug":"sirop-figue-morand","status":"publish","type":"product","link":"https:\/\/petitecave.ch\/de\/product\/sirop-figue-morand\/","title":{"rendered":"Sirop Figue &#8211; Morand"},"content":{"rendered":"<p><strong><span style=\"color: #000000;\">\u00c0 utiliser \u00e9galement pour des cocktails, glaces, desserts et p\u00e2tisseries.<\/span><\/strong><\/p>","protected":false},"excerpt":{"rendered":"<p><span style=\"color: #000000;\"><strong>Distillerie Morand &#8211; Martigny<\/strong><\/span><\/p>\n<p>M\u00e9langez avec de l\u2019eau plate ou gazeuse (1 volume de sirop pour 10 volumes d&rsquo;eau).<\/p>","protected":false},"featured_media":18107,"comment_status":"open","ping_status":"closed","template":"","meta":[],"product_cat":[1266],"product_tag":[],"class_list":{"0":"post-10391","1":"product","2":"type-product","3":"status-publish","4":"has-post-thumbnail","6":"product_brand-distillerie-morand","7":"product_cat-sirops","8":"pa_categorie-500-sirops","9":"pa_country-suisse","10":"pa_volume-100-cl-4","11":"_wholesalex wsx-wholesalex-product","13":"first","14":"instock","15":"taxable","16":"shipping-taxable","17":"purchasable","18":"product-type-simple"},"_links":{"self":[{"href":"https:\/\/petitecave.ch\/de\/wp-json\/wp\/v2\/product\/10391","targetHints":{"allow":["GET"]}}],"collection":[{"href":"https:\/\/petitecave.ch\/de\/wp-json\/wp\/v2\/product"}],"about":[{"href":"https:\/\/petitecave.ch\/de\/wp-json\/wp\/v2\/types\/product"}],"replies":[{"embeddable":true,"href":"https:\/\/petitecave.ch\/de\/wp-json\/wp\/v2\/comments?post=10391"}],"wp:featuredmedia":[{"embeddable":true,"href":"https:\/\/petitecave.ch\/de\/wp-json\/wp\/v2\/media\/18107"}],"wp:attachment":[{"href":"https:\/\/petitecave.ch\/de\/wp-json\/wp\/v2\/media?parent=10391"}],"wp:term":[{"taxonomy":"product_cat","embeddable":true,"href":"https:\/\/petitecave.ch\/de\/wp-json\/wp\/v2\/product_cat?post=10391"},{"taxonomy":"product_tag","embeddable":true,"href":"https:\/\/petitecave.ch\/de\/wp-json\/wp\/v2\/product_tag?post=10391"}],"curies":[{"name":"wp","href":"https:\/\/api.w.org\/{rel}","templated":true}]}}