{"id":10380,"date":"2026-01-29T12:57:36","date_gmt":"2026-01-29T11:57:36","guid":{"rendered":""},"modified":"2026-02-12T16:05:36","modified_gmt":"2026-02-12T15:05:36","slug":"sister-isles-single-cask-rum","status":"publish","type":"product","link":"https:\/\/petitecave.ch\/de\/product\/sister-isles-single-cask-rum\/","title":{"rendered":"Sister Isles Single Cask Rum 70cl"},"content":{"rendered":"<p><span style=\"color: #000000;\"><strong>Nez :\u00a0<\/strong>Notes de vanille et de cacao.<\/span><\/p>\n<p><span style=\"color: #000000;\"><strong>Bouche :<\/strong> Exquise et lisse sur des ar\u00f4mes d&rsquo;amandes grill\u00e9es, de vanille, de cacao, de tabac et de raisin sec.<\/span><\/p>\n<p><span style=\"color: #000000;\"><strong>Finale :<\/strong> Longue, suave et soyeuse.<\/span><\/p>","protected":false},"excerpt":{"rendered":"<p><span style=\"color: #000000;\"><i>Tout commence dans les Cara\u00efbes britanniques, \u00e0 St Kitts &amp; Nevis o\u00f9 il est \u00e9labor\u00e9, au c\u0153ur d&rsquo;une Hacienda.<\/i><\/span><\/p>\n<p><span style=\"color: #000000;\"><i>Durant ses six premi\u00e8res ann\u00e9es, il est vieilli sur place en f\u00fbts de Bourbon, b\u00e9n\u00e9ficiant ainsi de la chaleur et de l\u2019humidit\u00e9 de cette partie du globe si propice \u00e0 la culture de la canne \u00e0 sucre.<\/i><\/span><\/p>\n<p><span style=\"color: #000000;\"><i>Apr\u00e8s cette premi\u00e8re \u00e9tape, il est transport\u00e9 en Espagne, ou il est transf\u00e9rer dans des f\u00fbts de ch\u00eane fran\u00e7ais et y vieilli durant encore six ans.<\/i><\/span><\/p>","protected":false},"featured_media":18555,"comment_status":"open","ping_status":"closed","template":"","meta":[],"product_cat":[272],"product_tag":[],"class_list":{"0":"post-10380","1":"product","2":"type-product","3":"status-publish","4":"has-post-thumbnail","6":"product_cat-rhum","7":"pa_color-ambree","8":"pa_country-st-kitts-nevis","9":"pa_type-rhum-traditionnel","10":"pa_volume-70-cl","11":"_wholesalex wsx-wholesalex-product","13":"first","14":"instock","15":"taxable","16":"shipping-taxable","17":"purchasable","18":"product-type-simple"},"_links":{"self":[{"href":"https:\/\/petitecave.ch\/de\/wp-json\/wp\/v2\/product\/10380","targetHints":{"allow":["GET"]}}],"collection":[{"href":"https:\/\/petitecave.ch\/de\/wp-json\/wp\/v2\/product"}],"about":[{"href":"https:\/\/petitecave.ch\/de\/wp-json\/wp\/v2\/types\/product"}],"replies":[{"embeddable":true,"href":"https:\/\/petitecave.ch\/de\/wp-json\/wp\/v2\/comments?post=10380"}],"wp:featuredmedia":[{"embeddable":true,"href":"https:\/\/petitecave.ch\/de\/wp-json\/wp\/v2\/media\/18555"}],"wp:attachment":[{"href":"https:\/\/petitecave.ch\/de\/wp-json\/wp\/v2\/media?parent=10380"}],"wp:term":[{"taxonomy":"product_cat","embeddable":true,"href":"https:\/\/petitecave.ch\/de\/wp-json\/wp\/v2\/product_cat?post=10380"},{"taxonomy":"product_tag","embeddable":true,"href":"https:\/\/petitecave.ch\/de\/wp-json\/wp\/v2\/product_tag?post=10380"}],"curies":[{"name":"wp","href":"https:\/\/api.w.org\/{rel}","templated":true}]}}