{"id":10379,"date":"2025-12-23T08:57:35","date_gmt":"2025-12-23T07:57:35","guid":{"rendered":""},"modified":"2026-02-12T16:05:35","modified_gmt":"2026-02-12T15:05:35","slug":"terroir-blend-reserva-quinta-nova-150cl","status":"publish","type":"product","link":"https:\/\/petitecave.ch\/de\/product\/terroir-blend-reserva-quinta-nova-150cl\/","title":{"rendered":"Terroir Blend Reserva &#8211; Quinta Nova 150cl"},"content":{"rendered":"<p><span style=\"color: #000000;\"><strong>C\u00e9pages :\u00a0<\/strong>Tinta Roriz, Touriga Franca, Tinto C\u00e3o et Touriga Nacional &#8211; \u00c9lev\u00e9 6 mois en barrique.<\/span><\/p>\n<p><span style=\"color: #000000;\"><strong>Nez :\u00a0<\/strong>Ar\u00f4mes de fruits noirs m\u00fbrs.<\/span><\/p>\n<p><span style=\"color: #000000;\"><strong>Bouche :\u00a0<\/strong>Les tanins sont serr\u00e9s et juteux, sur le fruit avec beaucoup de complexit\u00e9, une grande acidit\u00e9 et une belle fra\u00eecheur.<\/span><\/p>\n<p><span style=\"color: #000000;\"><strong>Accompagnement : <\/strong>Id\u00e9al avec des viandes rouges ou encore du gibier.<\/span><\/p>","protected":false},"excerpt":{"rendered":"<p><span style=\"color: #000000;\"><b>Quinta Nova de Nossa Senhora do Carmo<\/b><\/span><\/p>","protected":false},"featured_media":18378,"comment_status":"open","ping_status":"closed","template":"","meta":[],"product_cat":[369,253],"product_tag":[],"class_list":{"0":"post-10379","1":"product","2":"type-product","3":"status-publish","4":"has-post-thumbnail","6":"product_cat-rouge","7":"product_cat-vins","8":"pa_country-portugal","9":"pa_volume-150-cl-vp","10":"_wholesalex wsx-wholesalex-product","12":"first","13":"instock","14":"taxable","15":"shipping-taxable","16":"purchasable","17":"product-type-simple"},"_links":{"self":[{"href":"https:\/\/petitecave.ch\/de\/wp-json\/wp\/v2\/product\/10379","targetHints":{"allow":["GET"]}}],"collection":[{"href":"https:\/\/petitecave.ch\/de\/wp-json\/wp\/v2\/product"}],"about":[{"href":"https:\/\/petitecave.ch\/de\/wp-json\/wp\/v2\/types\/product"}],"replies":[{"embeddable":true,"href":"https:\/\/petitecave.ch\/de\/wp-json\/wp\/v2\/comments?post=10379"}],"wp:featuredmedia":[{"embeddable":true,"href":"https:\/\/petitecave.ch\/de\/wp-json\/wp\/v2\/media\/18378"}],"wp:attachment":[{"href":"https:\/\/petitecave.ch\/de\/wp-json\/wp\/v2\/media?parent=10379"}],"wp:term":[{"taxonomy":"product_cat","embeddable":true,"href":"https:\/\/petitecave.ch\/de\/wp-json\/wp\/v2\/product_cat?post=10379"},{"taxonomy":"product_tag","embeddable":true,"href":"https:\/\/petitecave.ch\/de\/wp-json\/wp\/v2\/product_tag?post=10379"}],"curies":[{"name":"wp","href":"https:\/\/api.w.org\/{rel}","templated":true}]}}