{"id":10371,"date":"2025-12-19T15:05:27","date_gmt":"2025-12-19T14:05:27","guid":{"rendered":""},"modified":"2026-02-20T12:56:51","modified_gmt":"2026-02-20T11:56:51","slug":"coffret-gamme-telegram-6x75cl-maison-maye","status":"publish","type":"product","link":"https:\/\/petitecave.ch\/de\/product\/coffret-gamme-telegram-6x75cl-maison-maye\/","title":{"rendered":"Coffret Telegram 6x75cl &#8211; Maison Maye"},"content":{"rendered":"<p><span style=\"color: #000000;\"><b>Ce coffret contient :<\/b><\/span><\/p>\n<ul>\n<li><span style=\"color: #000000;\"><i>1 Heida<\/i><\/span><\/li>\n<li><span style=\"color: #000000;\"><i>1 Petite Arvine<\/i><\/span><\/li>\n<li><span style=\"color: #000000;\"><i>1 Johannisberg<\/i><\/span><\/li>\n<li><span style=\"color: #000000;\"><i>1 Ros\u00e9<\/i><\/span><\/li>\n<li><span style=\"color: #000000;\"><i>1 Pinot Noir<\/i><\/span><\/li>\n<li><span style=\"color: #000000;\"><i>1 Humagne Rouge<\/i><\/span><\/li>\n<\/ul>","protected":false},"excerpt":{"rendered":"<p><span style=\"color: #000000;\"><b>Gamme Telegram &#8211; Maison Maye &#8211; Riddes<br \/>\n<\/b><\/span><span style=\"color: #000000;\"><i>AOC Valais<\/i><\/span><\/p>\n<p>&nbsp;<\/p>\n<p data-start=\"154\" data-end=\"453\"><span style=\"color: #000000;\">La gamme <strong data-start=\"163\" data-end=\"175\">Telegram<\/strong> trouve son origine dans une photographie de 1910, exhum\u00e9e des archives familiales. On y d\u00e9couvre <strong data-start=\"273\" data-end=\"300\">C\u00e9cile et Germaine Maye<\/strong>, filles de <strong data-start=\"312\" data-end=\"328\">L\u00e9onide Maye<\/strong>, fondateur de la cave, posant devant la Basilique Saint-Marc \u00e0 Venise. Une image forte, symbole d\u2019ouverture et de curiosit\u00e9.<\/span><\/p>\n<p data-start=\"455\" data-end=\"804\"><span style=\"color: #000000;\">\u00c0 une \u00e9poque o\u00f9 voyager relevait de l\u2019exception, ces deux femmes, souvent rest\u00e9es dans l\u2019ombre, ont pourtant jou\u00e9 un r\u00f4le cl\u00e9 dans le rayonnement de la cave familiale. Leurs voyages \u00e0 travers l\u2019Europe leur ont permis de d\u00e9couvrir de nouveaux go\u00fbts, d\u2019autres savoir-faire, et de faire conna\u00eetre les vins valaisans bien au-del\u00e0 des fronti\u00e8res suisses.<\/span><\/p>\n<p data-start=\"806\" data-end=\"1008\"><span style=\"color: #000000;\">La gamme <strong data-start=\"815\" data-end=\"827\">Telegram<\/strong> leur rend hommage. Chaque \u00e9tiquette porte un message adress\u00e9 \u00e0 leur p\u00e8re : un r\u00e9cit, parfois romanc\u00e9, inspir\u00e9 de leurs p\u00e9riples, comme une carte postale envoy\u00e9e \u00e0 travers le temps.<\/span><\/p>\n<p data-start=\"1010\" data-end=\"1190\"><span style=\"color: #000000;\">Chaque bouteille est une invitation \u00e0 la d\u00e9couverte, au partage et \u00e0 la transmission. Elle c\u00e9l\u00e8bre l\u2019audace, l\u2019histoire et toutes les femmes pionni\u00e8res qui ont marqu\u00e9 leur domaine.<\/span><\/p>\n<p data-start=\"1192\" data-end=\"1520\" data-is-last-node=\"\" data-is-only-node=\"\"><span style=\"color: #000000;\">Compos\u00e9e de <strong data-start=\"1204\" data-end=\"1236\">cinq sp\u00e9cialit\u00e9s valaisannes<\/strong>, vinifi\u00e9es en cuve traditionnelle, la gamme met en avant des vins modernes, expressifs et pr\u00e9cis. Le fruit y est \u00e0 l\u2019honneur, la typicit\u00e9 de chaque c\u00e9page respect\u00e9e, pour un ensemble tout en finesse, au caract\u00e8re affirm\u00e9 \u2014 exactement comme l\u2019auraient aim\u00e9 C\u00e9cile et Germaine Maye.<\/span><\/p>","protected":false},"featured_media":18265,"comment_status":"open","ping_status":"closed","template":"","meta":[],"product_cat":[333,253],"product_tag":[],"class_list":{"0":"post-10371","1":"product","2":"type-product","3":"status-publish","4":"has-post-thumbnail","6":"product_cat-coffrets-cadeaux","7":"product_cat-vins","8":"pa_country-suisse","9":"pa_packaging-caix6","10":"_wholesalex wsx-wholesalex-product","12":"first","13":"instock","14":"taxable","15":"shipping-taxable","16":"purchasable","17":"product-type-simple"},"_links":{"self":[{"href":"https:\/\/petitecave.ch\/de\/wp-json\/wp\/v2\/product\/10371","targetHints":{"allow":["GET"]}}],"collection":[{"href":"https:\/\/petitecave.ch\/de\/wp-json\/wp\/v2\/product"}],"about":[{"href":"https:\/\/petitecave.ch\/de\/wp-json\/wp\/v2\/types\/product"}],"replies":[{"embeddable":true,"href":"https:\/\/petitecave.ch\/de\/wp-json\/wp\/v2\/comments?post=10371"}],"wp:featuredmedia":[{"embeddable":true,"href":"https:\/\/petitecave.ch\/de\/wp-json\/wp\/v2\/media\/18265"}],"wp:attachment":[{"href":"https:\/\/petitecave.ch\/de\/wp-json\/wp\/v2\/media?parent=10371"}],"wp:term":[{"taxonomy":"product_cat","embeddable":true,"href":"https:\/\/petitecave.ch\/de\/wp-json\/wp\/v2\/product_cat?post=10371"},{"taxonomy":"product_tag","embeddable":true,"href":"https:\/\/petitecave.ch\/de\/wp-json\/wp\/v2\/product_tag?post=10371"}],"curies":[{"name":"wp","href":"https:\/\/api.w.org\/{rel}","templated":true}]}}