{"id":10369,"date":"2025-12-19T14:57:25","date_gmt":"2025-12-19T13:57:25","guid":{"rendered":"https:\/\/petitecave.ch\/product\/coffret-whisky-smokehead-trio\/"},"modified":"2026-02-12T16:05:35","modified_gmt":"2026-02-12T15:05:35","slug":"coffret-whisky-smokehead-trio","status":"publish","type":"product","link":"https:\/\/petitecave.ch\/de\/product\/coffret-whisky-smokehead-trio\/","title":{"rendered":"Coffret Whisky Smokehead Trio"},"content":{"rendered":"<p><span style=\"color: #000000;\"><i><b>Ce coffret comprend :<\/b><\/i><\/span><\/p>\n<ul>\n<li><span style=\"color: #000000;\"><i>1 mignonette de Smokehead Rum Rebel (5cl)<\/i><\/span><\/li>\n<li><span style=\"color: #000000;\"><i>1 mignonette de Smokehead High Voltage (5cl)<\/i><\/span><\/li>\n<li><span style=\"color: #000000;\"><i>1 mignonette de Smokehead Classic (5cl)<\/i><\/span><\/li>\n<\/ul>","protected":false},"excerpt":{"rendered":"<p><span style=\"color: #000000;\"><b>Smokehead Islay Single Malt Scotch Whisky &#8211; Ian Mcleod Distillers<\/p>\n<p><\/b><\/span><\/p>\n<p data-start=\"160\" data-end=\"463\"><span style=\"color: #000000;\">Avec <strong data-start=\"165\" data-end=\"178\">Smokehead<\/strong>, <strong data-start=\"180\" data-end=\"206\">Ian Macleod Distillers<\/strong> bouscule les codes du whisky d\u2019Islay pour proposer un single malt sans compromis, pens\u00e9 pour les amateurs de sensations fortes. Ici, la tourbe s\u2019exprime pleinement : intense, fum\u00e9e, puissante, mais toujours parfaitement \u00e9quilibr\u00e9e et \u00e9tonnamment gourmande.<\/span><\/p>\n<p data-start=\"465\" data-end=\"766\"><span style=\"color: #000000;\">Sur le revers de l\u2019\u00e9tiquette, visible en transparence, les indices sont clairs et assum\u00e9s :<\/span><br data-start=\"556\" data-end=\"559\" \/><span style=\"color: #000000;\"><em data-start=\"559\" data-end=\"609\">\u00ab Tourb\u00e9, vigoureux, fum\u00e9, \u00e9quilibr\u00e9, profond\u2026 \u00bb<\/em><\/span><br data-start=\"609\" data-end=\"612\" \/><span style=\"color: #000000;\">Une promesse tenue, qui invite \u00e0 plonger dans un whisky de caract\u00e8re, taill\u00e9 pour celles et ceux qui aiment les malts qui ne font pas dans la demi-mesure.<\/span><\/p>\n<p data-start=\"768\" data-end=\"1063\"><span style=\"color: #000000;\">\u00c9labor\u00e9 par <strong data-start=\"780\" data-end=\"806\">Ian Macleod Distillers<\/strong>, Smokehead puise son identit\u00e9 sur l\u2019\u00eele mythique d\u2019<strong data-start=\"858\" data-end=\"867\">Islay<\/strong>, \u00e0 l\u2019ouest de l\u2019\u00c9cosse. La maison est reconnue pour sa s\u00e9lection exigeante de malts parmi les plus typ\u00e9s du pays, donnant naissance \u00e0 des whiskies authentiques, puissants et r\u00e9solument marquants.<\/span><\/p>\n<p data-start=\"1065\" data-end=\"1147\" data-is-last-node=\"\" data-is-only-node=\"\"><span style=\"color: #000000;\">Un single malt audacieux, brut de caract\u00e8re, qui assume pleinement son ADN tourb\u00e9.<\/span><\/p>","protected":false},"featured_media":18268,"comment_status":"open","ping_status":"closed","template":"","meta":[],"product_cat":[333,277],"product_tag":[],"class_list":{"0":"post-10369","1":"product","2":"type-product","3":"status-publish","4":"has-post-thumbnail","6":"product_cat-coffrets-cadeaux","7":"product_cat-whisky","8":"pa_country-ecosse","9":"pa_style-tres-tourbe","10":"pa_type-islay-single-malt","11":"_wholesalex wsx-wholesalex-product","13":"first","14":"instock","15":"taxable","16":"shipping-taxable","17":"purchasable","18":"product-type-simple"},"_links":{"self":[{"href":"https:\/\/petitecave.ch\/de\/wp-json\/wp\/v2\/product\/10369","targetHints":{"allow":["GET"]}}],"collection":[{"href":"https:\/\/petitecave.ch\/de\/wp-json\/wp\/v2\/product"}],"about":[{"href":"https:\/\/petitecave.ch\/de\/wp-json\/wp\/v2\/types\/product"}],"replies":[{"embeddable":true,"href":"https:\/\/petitecave.ch\/de\/wp-json\/wp\/v2\/comments?post=10369"}],"wp:featuredmedia":[{"embeddable":true,"href":"https:\/\/petitecave.ch\/de\/wp-json\/wp\/v2\/media\/18268"}],"wp:attachment":[{"href":"https:\/\/petitecave.ch\/de\/wp-json\/wp\/v2\/media?parent=10369"}],"wp:term":[{"taxonomy":"product_cat","embeddable":true,"href":"https:\/\/petitecave.ch\/de\/wp-json\/wp\/v2\/product_cat?post=10369"},{"taxonomy":"product_tag","embeddable":true,"href":"https:\/\/petitecave.ch\/de\/wp-json\/wp\/v2\/product_tag?post=10369"}],"curies":[{"name":"wp","href":"https:\/\/api.w.org\/{rel}","templated":true}]}}