{"id":10359,"date":"2025-10-28T10:57:17","date_gmt":"2025-10-28T10:57:17","guid":{"rendered":""},"modified":"2026-02-20T15:11:45","modified_gmt":"2026-02-20T14:11:45","slug":"grand-marnier-cuv-e-du-centenaire-75cl","status":"publish","type":"product","link":"https:\/\/petitecave.ch\/de\/product\/grand-marnier-cuv-e-du-centenaire-75cl\/","title":{"rendered":"Grand Marnier Cuv\u00e9e du Centenaire 70cl"},"content":{"rendered":"<p><b>Visuel :<\/b> Une robe ambre avec des nuances cuivr\u00e9es<\/p>\n<p><b>Nez :<\/b>\u00a0Notes d&rsquo;orange confite avec des notes d&rsquo;\u00e9pices<\/p>\n<p><b>Bouche :\u00a0<\/b>Superbe, riche, complexe et fine sur des saveurs d&rsquo;orange confite, de tabac doux et e l\u00e9g\u00e8res essences de balsamique<\/p>\n<p>\u00a0<\/p>\n<p>La liqueur Grand Marnier Cuv\u00e9e Du Centenaire est mieux servie pure dans un verre \u00e0 siroter, avec de la glace sur le c\u00f4t\u00e9 pour r\u00e9v\u00e9ler davantage les notes de d\u00e9gustation nuanc\u00e9es. L\u2019interaction intrigante du cognac vieilli et des oranges am\u00e8res vives est l\u2019exp\u00e9rience parfaite pour sublimer et cl\u00f4turer un d\u00eener gastronomique raffin\u00e9.<\/p>","protected":false},"excerpt":{"rendered":"<p><b>Grand Marnier Cuv\u00e9e du Centenaire &#8211; France<\/b><\/p>\n<p>\u00a0<\/p>\n<div class=\"sn_block sn_block_teaser_simple _full full-height gm-product-legacy gm-product-legacy-centenaire\" data-name=\"teaser-simple\" data-gtma-init=\"teaser-simple\">\n<div class=\"sn_block_wr\">\n<div class=\"sn_container_fixed_xl\">\n<div class=\"row\">\n<div class=\"sn_block_teaser_simple_i col-12 flex-grow-1\">\n<div class=\"sn_block_teaser_simple_i_in\">\n<div class=\"sn_block_teaser_simple_i_content _text_c10\">\n<p><i>Cr\u00e9\u00e9e en 1927 par le visionnaire Louis-Alexandre Marnier-Lapostolle, la Cuv\u00e9e Du Centenaire c\u00e9l\u00e8bre les 100 ans de la Maison Marnier-Lapostolle, fond\u00e9e en 1827. \u00c0 l\u2019origine offerte uniquement en cadeau \u00e0 la famille, aux amis et aux clients, la Cuv\u00e9e Du Centenaire Grand Marnier est compos\u00e9e de cognacs XO, provenant des meilleures zones de culture de la r\u00e9gion du cognac \u2013 principalement la Grande Champagne et la Petite Champagne \u2013 et elle est raffin\u00e9e \u00e0 travers les \u00e2ges dans des f\u00fbts de ch\u00eane tron\u00e7ais au prestigieux Ch\u00e2teau Grand Marnier \u00e0 Bourg-Charente.<\/i><\/p>\n<\/div>\n<\/div>\n<\/div>\n<\/div>\n<\/div>\n<\/div>\n<\/div>","protected":false},"featured_media":11691,"comment_status":"open","ping_status":"open","template":"","meta":[],"product_cat":[269],"product_tag":[],"class_list":{"0":"post-10359","1":"product","2":"type-product","3":"status-publish","4":"has-post-thumbnail","6":"product_cat-liqueurs","7":"pa_color-ambree","8":"pa_country-france","9":"pa_volume-75-cl","10":"_wholesalex wsx-wholesalex-product","12":"first","13":"instock","14":"taxable","15":"shipping-taxable","16":"purchasable","17":"product-type-simple"},"_links":{"self":[{"href":"https:\/\/petitecave.ch\/de\/wp-json\/wp\/v2\/product\/10359","targetHints":{"allow":["GET"]}}],"collection":[{"href":"https:\/\/petitecave.ch\/de\/wp-json\/wp\/v2\/product"}],"about":[{"href":"https:\/\/petitecave.ch\/de\/wp-json\/wp\/v2\/types\/product"}],"replies":[{"embeddable":true,"href":"https:\/\/petitecave.ch\/de\/wp-json\/wp\/v2\/comments?post=10359"}],"wp:featuredmedia":[{"embeddable":true,"href":"https:\/\/petitecave.ch\/de\/wp-json\/wp\/v2\/media\/11691"}],"wp:attachment":[{"href":"https:\/\/petitecave.ch\/de\/wp-json\/wp\/v2\/media?parent=10359"}],"wp:term":[{"taxonomy":"product_cat","embeddable":true,"href":"https:\/\/petitecave.ch\/de\/wp-json\/wp\/v2\/product_cat?post=10359"},{"taxonomy":"product_tag","embeddable":true,"href":"https:\/\/petitecave.ch\/de\/wp-json\/wp\/v2\/product_tag?post=10359"}],"curies":[{"name":"wp","href":"https:\/\/api.w.org\/{rel}","templated":true}]}}