{"id":10357,"date":"2025-10-28T10:57:15","date_gmt":"2025-10-28T10:57:15","guid":{"rendered":""},"modified":"2026-04-07T13:46:05","modified_gmt":"2026-04-07T11:46:05","slug":"feldschl-sschen-original-20l","status":"publish","type":"product","link":"https:\/\/petitecave.ch\/de\/product\/feldschl-sschen-original-20l\/","title":{"rendered":"Feldschl\u00f6sschen Original 20L"},"content":{"rendered":"<p>Feldschl\u00f6sschen Original ? le grand classique. Depuis 1876, ce classique des bi\u00e8res lager s\u00e9duit par sa note houblonn\u00e9e l\u00e9g\u00e8rement am\u00e8re et un agr\u00e9able go\u00fbt de bi\u00e8re. Feldschl\u00f6sschen Original \u00e9tanche \u00e9galement les grosses soifs et est id\u00e9ale en toute occasion: \u00e0 l&rsquo;ap\u00e9ritif, \u00e0 la table des habitu\u00e9s, en accompagnement du repas ou \u00e0 tout moment dans la journ\u00e9e. Elle doit son originalit\u00e9 \u00e0 des m\u00e9thodes de brassage traditionnelles et \u00e0 des ingr\u00e9dients soigneusement s\u00e9lectionn\u00e9s.<\/p>","protected":false},"excerpt":{"rendered":"<p><b>Feldschl\u00f6sschen Original &#8211;\u00a0Brauerei Feldschl\u00f6sschen &#8211;\u00a0Rheinfelden (AG)<\/b><\/p>\n<p>\u00a0<\/p>\n<p><i>Feldschl\u00f6sschen Original ? le grand classique. Depuis 1876, ce classique des bi\u00e8res lager s\u00e9duit par sa note houblonn\u00e9e l\u00e9g\u00e8rement am\u00e8re et un agr\u00e9able go\u00fbt de bi\u00e8re. Feldschl\u00f6sschen Original \u00e9tanche \u00e9galement les grosses soifs et est id\u00e9ale en toute occasion: \u00e0 l&rsquo;ap\u00e9ritif, \u00e0 la table des habitu\u00e9s, en accompagnement du repas ou \u00e0 tout moment dans la journ\u00e9e. Elle doit son originalit\u00e9 \u00e0 des m\u00e9thodes de brassage traditionnelles et \u00e0 des ingr\u00e9dients soigneusement s\u00e9lectionn\u00e9s.<\/i><\/p>\n<p><b>Utilisable avec une tireuse \u00e0 bi\u00e8re (location possible)<\/b><\/p>","protected":false},"featured_media":11689,"comment_status":"open","ping_status":"open","template":"","meta":[],"product_cat":[256],"product_tag":[],"class_list":{"0":"post-10357","1":"product","2":"type-product","3":"status-publish","4":"has-post-thumbnail","6":"product_cat-futs-biere","7":"pa_categorie-bieres-blondes","8":"pa_color-blonde","9":"pa_country-suisse","10":"pa_style-lager","11":"_wholesalex wsx-wholesalex-product","13":"first","14":"instock","15":"taxable","16":"shipping-taxable","17":"purchasable","18":"product-type-simple"},"yoast_head":"<!-- This site is optimized with the Yoast SEO plugin v27.4 - https:\/\/yoast.com\/product\/yoast-seo-wordpress\/ -->\n<title>Feldschl\u00f6sschen Original 20L | La Petite Cave du Chablais<\/title>\n<meta name=\"robots\" content=\"index, follow, max-snippet:-1, max-image-preview:large, max-video-preview:-1\" \/>\n<link rel=\"canonical\" href=\"https:\/\/petitecave.ch\/de\/product\/feldschl-sschen-original-20l\/\" \/>\n<meta property=\"og:locale\" content=\"de_DE\" \/>\n<meta property=\"og:type\" content=\"article\" \/>\n<meta property=\"og:title\" content=\"Feldschl\u00f6sschen Original 20L | La Petite Cave du Chablais\" \/>\n<meta property=\"og:description\" content=\"Feldschl\u00f6sschen Original -\u00a0Brauerei Feldschl\u00f6sschen -\u00a0Rheinfelden (AG) \u00a0 Feldschl\u00f6sschen Original ? le grand classique. Depuis 1876, ce classique des bi\u00e8res lager s\u00e9duit par sa note houblonn\u00e9e l\u00e9g\u00e8rement am\u00e8re et un agr\u00e9able go\u00fbt de bi\u00e8re. Feldschl\u00f6sschen Original \u00e9tanche \u00e9galement les grosses soifs et est id\u00e9ale en toute occasion: \u00e0 l&#039;ap\u00e9ritif, \u00e0 la table des habitu\u00e9s, en accompagnement du repas ou \u00e0 tout moment dans la journ\u00e9e. Elle doit son originalit\u00e9 \u00e0 des m\u00e9thodes de brassage traditionnelles et \u00e0 des ingr\u00e9dients soigneusement s\u00e9lectionn\u00e9s. Utilisable avec une tireuse \u00e0 bi\u00e8re (location possible)\" \/>\n<meta property=\"og:url\" content=\"https:\/\/petitecave.ch\/de\/product\/feldschl-sschen-original-20l\/\" \/>\n<meta property=\"og:site_name\" content=\"La Petite Cave du Chablais\" \/>\n<meta property=\"article:publisher\" content=\"https:\/\/www.facebook.com\/LaPetiteCaveDuChablais\" \/>\n<meta property=\"article:modified_time\" content=\"2026-04-07T11:46:05+00:00\" \/>\n<meta property=\"og:image\" content=\"https:\/\/petitecave.ch\/wp-content\/uploads\/2025\/10\/10357_4094_cover-scaled.png\" \/>\n\t<meta property=\"og:image:width\" content=\"2032\" \/>\n\t<meta property=\"og:image:height\" content=\"2560\" \/>\n\t<meta property=\"og:image:type\" content=\"image\/png\" \/>\n<meta name=\"twitter:card\" content=\"summary_large_image\" \/>\n<script type=\"application\/ld+json\" class=\"yoast-schema-graph\">{\"@context\":\"https:\\\/\\\/schema.org\",\"@graph\":[{\"@type\":\"WebPage\",\"@id\":\"https:\\\/\\\/petitecave.ch\\\/de\\\/product\\\/feldschl-sschen-original-20l\\\/\",\"url\":\"https:\\\/\\\/petitecave.ch\\\/de\\\/product\\\/feldschl-sschen-original-20l\\\/\",\"name\":\"Feldschl\u00f6sschen Original 20L | La Petite Cave du Chablais\",\"isPartOf\":{\"@id\":\"https:\\\/\\\/petitecave.ch\\\/de\\\/#website\"},\"primaryImageOfPage\":{\"@id\":\"https:\\\/\\\/petitecave.ch\\\/de\\\/product\\\/feldschl-sschen-original-20l\\\/#primaryimage\"},\"image\":{\"@id\":\"https:\\\/\\\/petitecave.ch\\\/de\\\/product\\\/feldschl-sschen-original-20l\\\/#primaryimage\"},\"thumbnailUrl\":\"https:\\\/\\\/petitecave.ch\\\/wp-content\\\/uploads\\\/2025\\\/10\\\/10357_4094_cover-scaled.png\",\"datePublished\":\"2025-10-28T10:57:15+00:00\",\"dateModified\":\"2026-04-07T11:46:05+00:00\",\"breadcrumb\":{\"@id\":\"https:\\\/\\\/petitecave.ch\\\/de\\\/product\\\/feldschl-sschen-original-20l\\\/#breadcrumb\"},\"inLanguage\":\"de-CH\",\"potentialAction\":[{\"@type\":\"ReadAction\",\"target\":[\"https:\\\/\\\/petitecave.ch\\\/de\\\/product\\\/feldschl-sschen-original-20l\\\/\"]}]},{\"@type\":\"ImageObject\",\"inLanguage\":\"de-CH\",\"@id\":\"https:\\\/\\\/petitecave.ch\\\/de\\\/product\\\/feldschl-sschen-original-20l\\\/#primaryimage\",\"url\":\"https:\\\/\\\/petitecave.ch\\\/wp-content\\\/uploads\\\/2025\\\/10\\\/10357_4094_cover-scaled.png\",\"contentUrl\":\"https:\\\/\\\/petitecave.ch\\\/wp-content\\\/uploads\\\/2025\\\/10\\\/10357_4094_cover-scaled.png\",\"width\":2032,\"height\":2560},{\"@type\":\"BreadcrumbList\",\"@id\":\"https:\\\/\\\/petitecave.ch\\\/de\\\/product\\\/feldschl-sschen-original-20l\\\/#breadcrumb\",\"itemListElement\":[{\"@type\":\"ListItem\",\"position\":1,\"name\":\"Accueil\",\"item\":\"https:\\\/\\\/petitecave.ch\\\/de\\\/\"},{\"@type\":\"ListItem\",\"position\":2,\"name\":\"Produkte\",\"item\":\"https:\\\/\\\/petitecave.ch\\\/de\\\/shop\\\/\"},{\"@type\":\"ListItem\",\"position\":3,\"name\":\"Feldschl\u00f6sschen Original 20L\"}]},{\"@type\":\"WebSite\",\"@id\":\"https:\\\/\\\/petitecave.ch\\\/de\\\/#website\",\"url\":\"https:\\\/\\\/petitecave.ch\\\/de\\\/\",\"name\":\"La Petite Cave du Chablais\",\"description\":\"Vins, bi\u00e8res et spiritueux en ligne !\",\"publisher\":{\"@id\":\"https:\\\/\\\/petitecave.ch\\\/de\\\/#organization\"},\"alternateName\":\"La Petite Cave\",\"potentialAction\":[{\"@type\":\"SearchAction\",\"target\":{\"@type\":\"EntryPoint\",\"urlTemplate\":\"https:\\\/\\\/petitecave.ch\\\/de\\\/?s={search_term_string}\"},\"query-input\":{\"@type\":\"PropertyValueSpecification\",\"valueRequired\":true,\"valueName\":\"search_term_string\"}}],\"inLanguage\":\"de-CH\"},{\"@type\":\"Organization\",\"@id\":\"https:\\\/\\\/petitecave.ch\\\/de\\\/#organization\",\"name\":\"La Petite Cave du Chablais S\u00e0rl\",\"url\":\"https:\\\/\\\/petitecave.ch\\\/de\\\/\",\"logo\":{\"@type\":\"ImageObject\",\"inLanguage\":\"de-CH\",\"@id\":\"https:\\\/\\\/petitecave.ch\\\/de\\\/#\\\/schema\\\/logo\\\/image\\\/\",\"url\":\"https:\\\/\\\/petitecave.ch\\\/wp-content\\\/uploads\\\/2025\\\/10\\\/petitecavelogo-removebg-preview.png\",\"contentUrl\":\"https:\\\/\\\/petitecave.ch\\\/wp-content\\\/uploads\\\/2025\\\/10\\\/petitecavelogo-removebg-preview.png\",\"width\":800,\"height\":200,\"caption\":\"La Petite Cave du Chablais S\u00e0rl\"},\"image\":{\"@id\":\"https:\\\/\\\/petitecave.ch\\\/de\\\/#\\\/schema\\\/logo\\\/image\\\/\"},\"sameAs\":[\"https:\\\/\\\/www.facebook.com\\\/LaPetiteCaveDuChablais\",\"https:\\\/\\\/www.instagram.com\\\/lapetitecaveduchablais\",\"https:\\\/\\\/www.linkedin.com\\\/company\\\/la-petite-cave-du-chablais\"]}]}<\/script>\n<!-- \/ Yoast SEO plugin. -->","yoast_head_json":{"title":"Feldschl\u00f6sschen Original 20L | La Petite Cave du Chablais","robots":{"index":"index","follow":"follow","max-snippet":"max-snippet:-1","max-image-preview":"max-image-preview:large","max-video-preview":"max-video-preview:-1"},"canonical":"https:\/\/petitecave.ch\/de\/product\/feldschl-sschen-original-20l\/","og_locale":"de_DE","og_type":"article","og_title":"Feldschl\u00f6sschen Original 20L | La Petite Cave du Chablais","og_description":"Feldschl\u00f6sschen Original -\u00a0Brauerei Feldschl\u00f6sschen -\u00a0Rheinfelden (AG) \u00a0 Feldschl\u00f6sschen Original ? le grand classique. Depuis 1876, ce classique des bi\u00e8res lager s\u00e9duit par sa note houblonn\u00e9e l\u00e9g\u00e8rement am\u00e8re et un agr\u00e9able go\u00fbt de bi\u00e8re. Feldschl\u00f6sschen Original \u00e9tanche \u00e9galement les grosses soifs et est id\u00e9ale en toute occasion: \u00e0 l'ap\u00e9ritif, \u00e0 la table des habitu\u00e9s, en accompagnement du repas ou \u00e0 tout moment dans la journ\u00e9e. Elle doit son originalit\u00e9 \u00e0 des m\u00e9thodes de brassage traditionnelles et \u00e0 des ingr\u00e9dients soigneusement s\u00e9lectionn\u00e9s. Utilisable avec une tireuse \u00e0 bi\u00e8re (location possible)","og_url":"https:\/\/petitecave.ch\/de\/product\/feldschl-sschen-original-20l\/","og_site_name":"La Petite Cave du Chablais","article_publisher":"https:\/\/www.facebook.com\/LaPetiteCaveDuChablais","article_modified_time":"2026-04-07T11:46:05+00:00","og_image":[{"width":2032,"height":2560,"url":"https:\/\/petitecave.ch\/wp-content\/uploads\/2025\/10\/10357_4094_cover-scaled.png","type":"image\/png"}],"twitter_card":"summary_large_image","schema":{"@context":"https:\/\/schema.org","@graph":[{"@type":"WebPage","@id":"https:\/\/petitecave.ch\/de\/product\/feldschl-sschen-original-20l\/","url":"https:\/\/petitecave.ch\/de\/product\/feldschl-sschen-original-20l\/","name":"Feldschl\u00f6sschen Original 20L | La Petite Cave du Chablais","isPartOf":{"@id":"https:\/\/petitecave.ch\/de\/#website"},"primaryImageOfPage":{"@id":"https:\/\/petitecave.ch\/de\/product\/feldschl-sschen-original-20l\/#primaryimage"},"image":{"@id":"https:\/\/petitecave.ch\/de\/product\/feldschl-sschen-original-20l\/#primaryimage"},"thumbnailUrl":"https:\/\/petitecave.ch\/wp-content\/uploads\/2025\/10\/10357_4094_cover-scaled.png","datePublished":"2025-10-28T10:57:15+00:00","dateModified":"2026-04-07T11:46:05+00:00","breadcrumb":{"@id":"https:\/\/petitecave.ch\/de\/product\/feldschl-sschen-original-20l\/#breadcrumb"},"inLanguage":"de-CH","potentialAction":[{"@type":"ReadAction","target":["https:\/\/petitecave.ch\/de\/product\/feldschl-sschen-original-20l\/"]}]},{"@type":"ImageObject","inLanguage":"de-CH","@id":"https:\/\/petitecave.ch\/de\/product\/feldschl-sschen-original-20l\/#primaryimage","url":"https:\/\/petitecave.ch\/wp-content\/uploads\/2025\/10\/10357_4094_cover-scaled.png","contentUrl":"https:\/\/petitecave.ch\/wp-content\/uploads\/2025\/10\/10357_4094_cover-scaled.png","width":2032,"height":2560},{"@type":"BreadcrumbList","@id":"https:\/\/petitecave.ch\/de\/product\/feldschl-sschen-original-20l\/#breadcrumb","itemListElement":[{"@type":"ListItem","position":1,"name":"Accueil","item":"https:\/\/petitecave.ch\/de\/"},{"@type":"ListItem","position":2,"name":"Produkte","item":"https:\/\/petitecave.ch\/de\/shop\/"},{"@type":"ListItem","position":3,"name":"Feldschl\u00f6sschen Original 20L"}]},{"@type":"WebSite","@id":"https:\/\/petitecave.ch\/de\/#website","url":"https:\/\/petitecave.ch\/de\/","name":"Die kleine Keller des Chablais","description":"Vins, bi\u00e8res et spiritueux en ligne !","publisher":{"@id":"https:\/\/petitecave.ch\/de\/#organization"},"alternateName":"La Petite Cave","potentialAction":[{"@type":"SearchAction","target":{"@type":"EntryPoint","urlTemplate":"https:\/\/petitecave.ch\/de\/?s={search_term_string}"},"query-input":{"@type":"PropertyValueSpecification","valueRequired":true,"valueName":"search_term_string"}}],"inLanguage":"de-CH"},{"@type":"Organization","@id":"https:\/\/petitecave.ch\/de\/#organization","name":"La Petite Cave du Chablais S\u00e0rl","url":"https:\/\/petitecave.ch\/de\/","logo":{"@type":"ImageObject","inLanguage":"de-CH","@id":"https:\/\/petitecave.ch\/de\/#\/schema\/logo\/image\/","url":"https:\/\/petitecave.ch\/wp-content\/uploads\/2025\/10\/petitecavelogo-removebg-preview.png","contentUrl":"https:\/\/petitecave.ch\/wp-content\/uploads\/2025\/10\/petitecavelogo-removebg-preview.png","width":800,"height":200,"caption":"La Petite Cave du Chablais S\u00e0rl"},"image":{"@id":"https:\/\/petitecave.ch\/de\/#\/schema\/logo\/image\/"},"sameAs":["https:\/\/www.facebook.com\/LaPetiteCaveDuChablais","https:\/\/www.instagram.com\/lapetitecaveduchablais","https:\/\/www.linkedin.com\/company\/la-petite-cave-du-chablais"]}]}},"_links":{"self":[{"href":"https:\/\/petitecave.ch\/de\/wp-json\/wp\/v2\/product\/10357","targetHints":{"allow":["GET"]}}],"collection":[{"href":"https:\/\/petitecave.ch\/de\/wp-json\/wp\/v2\/product"}],"about":[{"href":"https:\/\/petitecave.ch\/de\/wp-json\/wp\/v2\/types\/product"}],"replies":[{"embeddable":true,"href":"https:\/\/petitecave.ch\/de\/wp-json\/wp\/v2\/comments?post=10357"}],"wp:featuredmedia":[{"embeddable":true,"href":"https:\/\/petitecave.ch\/de\/wp-json\/wp\/v2\/media\/11689"}],"wp:attachment":[{"href":"https:\/\/petitecave.ch\/de\/wp-json\/wp\/v2\/media?parent=10357"}],"wp:term":[{"taxonomy":"product_cat","embeddable":true,"href":"https:\/\/petitecave.ch\/de\/wp-json\/wp\/v2\/product_cat?post=10357"},{"taxonomy":"product_tag","embeddable":true,"href":"https:\/\/petitecave.ch\/de\/wp-json\/wp\/v2\/product_tag?post=10357"}],"curies":[{"name":"wp","href":"https:\/\/api.w.org\/{rel}","templated":true}]}}