{"id":10345,"date":"2025-10-28T10:57:04","date_gmt":"2025-10-28T10:57:04","guid":{"rendered":""},"modified":"2026-02-24T07:17:39","modified_gmt":"2026-02-24T06:17:39","slug":"humagne-rouge-grand-m-tral-provins","status":"publish","type":"product","link":"https:\/\/petitecave.ch\/de\/product\/humagne-rouge-grand-m-tral-provins\/","title":{"rendered":"Humagne Rouge Grand M\u00e9tral &#8211; Provins 75cl"},"content":{"rendered":"<p><b>C\u00e9page :<\/b> Humagne Rouge<\/p>\n<p><b>Nez :\u00a0<\/b>Ar\u00f4mes de sous-bois et de fruits sauvages<\/p>\n<p><b>Bouche :\u00a0<\/b>Cors\u00e9e, alli\u00e9e \u00e0 des <br \/>tanins fins et rac\u00e9s<\/p>\n<p><b>Accompagnement :\u00a0<\/b>Parfait avec la chasse, des viandes rouges et des fromages<\/p>\n<p><b>Temps de garde :<\/b> 3 ans<\/p>","protected":false},"excerpt":{"rendered":"<p><b>Humagne Rouge Grand M\u00e9tral &#8211; Provins &#8211; Sion<\/b><\/p>\n<p><i><b>AOC Valais<\/b><\/i><\/p>\n<p>\u00a0<\/p>\n<p><i><b>Pour la d\u00e9couverte des c\u00e9pages.<br \/><\/b>La ligne \u00abGrand M\u00e9tral\u00bb a pour ambition de procurer un plaisir imm\u00e9diat. Les vins <br \/>de cette marque se veulent faciles d\u2019approche, frais, fruit\u00e9s et exub\u00e9rants. \u00abGrand <br \/>M\u00e9tral\u00bb est destin\u00e9e prioritairement \u00e0 la client\u00e8le gastronomique et se mariera <br \/>parfaitement avec une cuisine moderne. \u00abGrand M\u00e9tral\u00bb souhaite affirmer sa propre <br \/>personnalit\u00e9.<\/i><\/p>","protected":false},"featured_media":11677,"comment_status":"open","ping_status":"open","template":"","meta":[],"product_cat":[253],"product_tag":[],"class_list":{"0":"post-10345","1":"product","2":"type-product","3":"status-publish","4":"has-post-thumbnail","6":"product_cat-vins","7":"pa_color-rouge","8":"pa_country-suisse","9":"pa_volume-75-cl","10":"_wholesalex wsx-wholesalex-product","12":"first","13":"instock","14":"taxable","15":"shipping-taxable","16":"purchasable","17":"product-type-simple"},"_links":{"self":[{"href":"https:\/\/petitecave.ch\/de\/wp-json\/wp\/v2\/product\/10345","targetHints":{"allow":["GET"]}}],"collection":[{"href":"https:\/\/petitecave.ch\/de\/wp-json\/wp\/v2\/product"}],"about":[{"href":"https:\/\/petitecave.ch\/de\/wp-json\/wp\/v2\/types\/product"}],"replies":[{"embeddable":true,"href":"https:\/\/petitecave.ch\/de\/wp-json\/wp\/v2\/comments?post=10345"}],"wp:featuredmedia":[{"embeddable":true,"href":"https:\/\/petitecave.ch\/de\/wp-json\/wp\/v2\/media\/11677"}],"wp:attachment":[{"href":"https:\/\/petitecave.ch\/de\/wp-json\/wp\/v2\/media?parent=10345"}],"wp:term":[{"taxonomy":"product_cat","embeddable":true,"href":"https:\/\/petitecave.ch\/de\/wp-json\/wp\/v2\/product_cat?post=10345"},{"taxonomy":"product_tag","embeddable":true,"href":"https:\/\/petitecave.ch\/de\/wp-json\/wp\/v2\/product_tag?post=10345"}],"curies":[{"name":"wp","href":"https:\/\/api.w.org\/{rel}","templated":true}]}}