{"id":10343,"date":"2025-10-28T10:57:02","date_gmt":"2025-10-28T10:57:02","guid":{"rendered":""},"modified":"2026-04-07T14:12:25","modified_gmt":"2026-04-07T12:12:25","slug":"rochefort-triple-extra-33cl","status":"publish","type":"product","link":"https:\/\/petitecave.ch\/de\/product\/rochefort-triple-extra-33cl\/","title":{"rendered":"Rochefort Triple Extra 33cl"},"content":{"rendered":"<p><strong>Visuel :<\/strong> Robe jaune orang\u00e9e avce une \u00e9paisse mousse blanche<\/p>\n<p><strong>Nez :<\/strong> Ar\u00f4mes d&rsquo;\u00e9pices, de levure, de malt et de houblon<\/p>\n<p><strong>Go\u00fbt :<\/strong> Bi\u00e8re \u00e9quilibr\u00e9e entre chaque saveurs pr\u00e9sente au nez<\/p>","protected":false},"excerpt":{"rendered":"<p><strong>Rochefort Triple Extra &#8211; Abbaye de Rochefort\u00a0<\/strong><\/p>\n<p>\u00a0<\/p>","protected":false},"featured_media":11675,"comment_status":"open","ping_status":"closed","template":"","meta":[],"product_cat":[250],"product_tag":[],"class_list":{"0":"post-10343","1":"product","2":"type-product","3":"status-publish","4":"has-post-thumbnail","6":"product_cat-bieres","7":"pa_categorie-bieres-blondes","8":"pa_color-blonde","9":"pa_country-belgique","10":"pa_style-strong-ale","11":"pa_type-biere-trappiste","12":"product_deptype-0-30","13":"_wholesalex wsx-wholesalex-product","15":"first","16":"instock","17":"taxable","18":"shipping-taxable","19":"purchasable","20":"product-type-simple"},"_links":{"self":[{"href":"https:\/\/petitecave.ch\/de\/wp-json\/wp\/v2\/product\/10343","targetHints":{"allow":["GET"]}}],"collection":[{"href":"https:\/\/petitecave.ch\/de\/wp-json\/wp\/v2\/product"}],"about":[{"href":"https:\/\/petitecave.ch\/de\/wp-json\/wp\/v2\/types\/product"}],"replies":[{"embeddable":true,"href":"https:\/\/petitecave.ch\/de\/wp-json\/wp\/v2\/comments?post=10343"}],"wp:featuredmedia":[{"embeddable":true,"href":"https:\/\/petitecave.ch\/de\/wp-json\/wp\/v2\/media\/11675"}],"wp:attachment":[{"href":"https:\/\/petitecave.ch\/de\/wp-json\/wp\/v2\/media?parent=10343"}],"wp:term":[{"taxonomy":"product_cat","embeddable":true,"href":"https:\/\/petitecave.ch\/de\/wp-json\/wp\/v2\/product_cat?post=10343"},{"taxonomy":"product_tag","embeddable":true,"href":"https:\/\/petitecave.ch\/de\/wp-json\/wp\/v2\/product_tag?post=10343"}],"curies":[{"name":"wp","href":"https:\/\/api.w.org\/{rel}","templated":true}]}}