{"id":10337,"date":"2025-10-28T10:56:57","date_gmt":"2025-10-28T10:56:57","guid":{"rendered":""},"modified":"2026-04-07T13:31:54","modified_gmt":"2026-04-07T11:31:54","slug":"blanche-de-bruxelles-ros-e-33cl","status":"publish","type":"product","link":"https:\/\/petitecave.ch\/de\/product\/blanche-de-bruxelles-ros-e-33cl\/","title":{"rendered":"Blanche de Bruxelles Ros\u00e9e 33cl"},"content":{"rendered":"<p><b>Visuel :\u00a0<\/b>Robe rose pamplemousse avec une belle mousse blanche<\/p>\n<p><b>Nez :<\/b>\u00a0Nez intense marqu\u00e9 par des notes de fruits rouges comme la fraise et la cerise, de fruits blancs tels que la banane et la p\u00eache, accompagn\u00e9s de notes fra\u00eeches d\u2019agrumes et de pomme verte<\/p>\n<p><b>Go\u00fbt :<\/b> L\u00e9g\u00e8re et a\u00e9rienne sur des ar\u00f4mes d&rsquo;amande am\u00e8re avec un soup\u00e7on de vanille. D\u00e9licatement sucr\u00e9e elle d\u00e9voile une pointe d&rsquo;acidit\u00e9 rafra\u00eechissante<\/p>","protected":false},"excerpt":{"rendered":"<p><strong>Blanche de Bruxelles Ros\u00e9e &#8211; Brasserie Lefebvre &#8211; Quenast\u00a0<\/strong><\/p>\n<h4>\u00a0<\/h4>","protected":false},"featured_media":18827,"comment_status":"open","ping_status":"closed","template":"","meta":[],"product_cat":[250],"product_tag":[],"class_list":{"0":"post-10337","1":"product","2":"type-product","3":"status-publish","4":"has-post-thumbnail","6":"product_cat-bieres","7":"pa_categorie-bieres-blanches","8":"pa_country-belgique","9":"pa_style-witbier","10":"product_deptype-0-30","11":"_wholesalex wsx-wholesalex-product","13":"first","14":"instock","15":"taxable","16":"shipping-taxable","17":"purchasable","18":"product-type-simple"},"_links":{"self":[{"href":"https:\/\/petitecave.ch\/de\/wp-json\/wp\/v2\/product\/10337","targetHints":{"allow":["GET"]}}],"collection":[{"href":"https:\/\/petitecave.ch\/de\/wp-json\/wp\/v2\/product"}],"about":[{"href":"https:\/\/petitecave.ch\/de\/wp-json\/wp\/v2\/types\/product"}],"replies":[{"embeddable":true,"href":"https:\/\/petitecave.ch\/de\/wp-json\/wp\/v2\/comments?post=10337"}],"wp:featuredmedia":[{"embeddable":true,"href":"https:\/\/petitecave.ch\/de\/wp-json\/wp\/v2\/media\/18827"}],"wp:attachment":[{"href":"https:\/\/petitecave.ch\/de\/wp-json\/wp\/v2\/media?parent=10337"}],"wp:term":[{"taxonomy":"product_cat","embeddable":true,"href":"https:\/\/petitecave.ch\/de\/wp-json\/wp\/v2\/product_cat?post=10337"},{"taxonomy":"product_tag","embeddable":true,"href":"https:\/\/petitecave.ch\/de\/wp-json\/wp\/v2\/product_tag?post=10337"}],"curies":[{"name":"wp","href":"https:\/\/api.w.org\/{rel}","templated":true}]}}