{"id":10332,"date":"2026-01-29T13:56:53","date_gmt":"2026-01-29T12:56:53","guid":{"rendered":""},"modified":"2026-02-12T16:05:34","modified_gmt":"2026-02-12T15:05:34","slug":"plantation-rum-o-f-d-t","status":"publish","type":"product","link":"https:\/\/petitecave.ch\/de\/product\/plantation-rum-o-f-d-t\/","title":{"rendered":"Plantation Rum O.F.D.T 70cl"},"content":{"rendered":"<p><span style=\"color: #000000;\"><b>Nez :<\/b> Intense et riche avec des notes d\u2019oranges, de caf\u00e9, de prunes et un soup\u00e7on de truffes.<\/span><\/p>\n<p><span style=\"color: #000000;\"><b>Bouche :<\/b> Ar\u00f4mes forts de caramel, de chocolat et de vanille puis ensuite de la cannelle, des raisins secs et de la noix de muscade, ainsi que du ch\u00eane et de la m\u00e9lasse aux accents l\u00e9g\u00e8rement fum\u00e9s.<\/span><\/p>\n<p><span style=\"color: #000000;\"><b>Finale :<\/b> Longue dur\u00e9e et intense avec des notes de clous de girofle, de caramel et de chocolat noir.<\/span><\/p>","protected":false},"excerpt":{"rendered":"<p><span style=\"color: #000000;\"><b>Maison Ferrand &#8211; Segonzac<\/b><\/span><\/p>\n<p><span style=\"color: #000000;\">O.F.T.D. signifie officiellement Old Fashioned Traditional Dark, mais si vous demandez \u00e0 l\u2019un des sept collaborateurs qui \u00e9taient dans la pi\u00e8ce lorsque ce m\u00e9lange est n\u00e9, ils vous diront qu\u2019il repr\u00e9sente vraiment quelque chose d\u2019autre qui s\u2019est exclam\u00e9 lorsque le rhum gagnant a \u00e9t\u00e9 go\u00fbt\u00e9\u2026<\/span><\/p>","protected":false},"featured_media":18563,"comment_status":"open","ping_status":"closed","template":"","meta":[],"product_cat":[272],"product_tag":[],"class_list":{"0":"post-10332","1":"product","2":"type-product","3":"status-publish","4":"has-post-thumbnail","6":"product_brand-planteray","7":"product_cat-rhum","8":"pa_color-ambree","9":"pa_country-barbade","10":"pa_country-guyane","11":"pa_country-jamaique","12":"pa_type-rhum-traditionnel","13":"pa_volume-70-cl","14":"_wholesalex wsx-wholesalex-product","16":"first","17":"instock","18":"taxable","19":"shipping-taxable","20":"purchasable","21":"product-type-simple"},"_links":{"self":[{"href":"https:\/\/petitecave.ch\/de\/wp-json\/wp\/v2\/product\/10332","targetHints":{"allow":["GET"]}}],"collection":[{"href":"https:\/\/petitecave.ch\/de\/wp-json\/wp\/v2\/product"}],"about":[{"href":"https:\/\/petitecave.ch\/de\/wp-json\/wp\/v2\/types\/product"}],"replies":[{"embeddable":true,"href":"https:\/\/petitecave.ch\/de\/wp-json\/wp\/v2\/comments?post=10332"}],"wp:featuredmedia":[{"embeddable":true,"href":"https:\/\/petitecave.ch\/de\/wp-json\/wp\/v2\/media\/18563"}],"wp:attachment":[{"href":"https:\/\/petitecave.ch\/de\/wp-json\/wp\/v2\/media?parent=10332"}],"wp:term":[{"taxonomy":"product_cat","embeddable":true,"href":"https:\/\/petitecave.ch\/de\/wp-json\/wp\/v2\/product_cat?post=10332"},{"taxonomy":"product_tag","embeddable":true,"href":"https:\/\/petitecave.ch\/de\/wp-json\/wp\/v2\/product_tag?post=10332"}],"curies":[{"name":"wp","href":"https:\/\/api.w.org\/{rel}","templated":true}]}}