{"id":10322,"date":"2025-10-28T10:56:44","date_gmt":"2025-10-28T10:56:44","guid":{"rendered":""},"modified":"2026-03-27T18:17:05","modified_gmt":"2026-03-27T17:17:05","slug":"belzebuth-50cl","status":"publish","type":"product","link":"https:\/\/petitecave.ch\/de\/product\/belzebuth-50cl\/","title":{"rendered":"Belzebuth 50cl"},"content":{"rendered":"<p><b>Visuel :<\/b> Robe cuivr\u00e9e avec une \u00e9paisse mousse blanche<\/p>\n<p><b>Nez :<\/b> Notes malt\u00e9es et fruit\u00e9es<\/p>\n<p><b>Bouche :\u00a0<\/b>Ar\u00f4mes de houblon, de miel et de c\u00e9r\u00e9ales<\/p>","protected":false},"excerpt":{"rendered":"<p><b>Belzebuth &#8211; Brasserie Grain d&rsquo;Orge &#8211; Hombourg &#8211; France (Nord)<\/b><\/p>\n<p>\u00a0<\/p>\n<p><i>\u00ab\u00a0Passionn\u00e9 depuis toujours par le monde de la bi\u00e8re, cr\u00e9er ma brasserie \u00e9tait un r\u00eave. Depuis 2002, entour\u00e9 d\u2019une \u00e9quipe toujours plus solide, mon r\u00eave est devenu r\u00e9alit\u00e9 et n\u2019a cess\u00e9 de grandir. Aujourd\u2019hui, \u00e0 la Brasserie Grain d\u2019Orge, nous brassons des bi\u00e8res authentiques et de caract\u00e8re. Gr\u00e2ce \u00e0 notre ma\u00eetrise de l\u2019ensemble de la cha\u00eene de production et \u00e0 la s\u00e9lection d\u2019ingr\u00e9dients de qualit\u00e9, nous produisons 5000 hectolitres par an tout en restant une entreprise \u00e0 taille humaine et familiale.\u00a0\u00bb<\/i><\/p>\n<h4 class=\"bt_bb_headline_tag\"><i><span class=\"bt_bb_headline_content\">BENOIT JOHNEN &#8211; G\u00e9rant<\/span><\/i><\/h4>","protected":false},"featured_media":11654,"comment_status":"open","ping_status":"open","template":"","meta":[],"product_cat":[250],"product_tag":[],"class_list":{"0":"post-10322","1":"product","2":"type-product","3":"status-publish","4":"has-post-thumbnail","6":"product_cat-bieres","7":"pa_color-blonde","8":"pa_country-france","9":"pa_style-strong-ale","10":"pa_type-biere-artisanale","11":"pa_volume-50cl","12":"_wholesalex wsx-wholesalex-product","14":"first","15":"instock","16":"taxable","17":"shipping-taxable","18":"purchasable","19":"product-type-simple"},"_links":{"self":[{"href":"https:\/\/petitecave.ch\/de\/wp-json\/wp\/v2\/product\/10322","targetHints":{"allow":["GET"]}}],"collection":[{"href":"https:\/\/petitecave.ch\/de\/wp-json\/wp\/v2\/product"}],"about":[{"href":"https:\/\/petitecave.ch\/de\/wp-json\/wp\/v2\/types\/product"}],"replies":[{"embeddable":true,"href":"https:\/\/petitecave.ch\/de\/wp-json\/wp\/v2\/comments?post=10322"}],"wp:featuredmedia":[{"embeddable":true,"href":"https:\/\/petitecave.ch\/de\/wp-json\/wp\/v2\/media\/11654"}],"wp:attachment":[{"href":"https:\/\/petitecave.ch\/de\/wp-json\/wp\/v2\/media?parent=10322"}],"wp:term":[{"taxonomy":"product_cat","embeddable":true,"href":"https:\/\/petitecave.ch\/de\/wp-json\/wp\/v2\/product_cat?post=10322"},{"taxonomy":"product_tag","embeddable":true,"href":"https:\/\/petitecave.ch\/de\/wp-json\/wp\/v2\/product_tag?post=10322"}],"curies":[{"name":"wp","href":"https:\/\/api.w.org\/{rel}","templated":true}]}}