{"id":10319,"date":"2025-10-28T10:56:42","date_gmt":"2025-10-28T10:56:42","guid":{"rendered":""},"modified":"2026-04-07T13:46:05","modified_gmt":"2026-04-07T11:46:05","slug":"estrella-galicia-gluten-free-33cl","status":"publish","type":"product","link":"https:\/\/petitecave.ch\/de\/product\/estrella-galicia-gluten-free-33cl\/","title":{"rendered":"Estrella Galicia Gluten Free 33cl"},"content":{"rendered":"<p><b>Viseul :<\/b> Riobe dor\u00e9e avec une fine mousse blanche\u00a0<\/p>\n<p><b>Nez :<\/b> Notes c\u00e9r\u00e9ali\u00e8res<\/p>\n<p><b>Bouche :<\/b> L\u00e9g\u00e8re, douce et d\u00e9salt\u00e9rante<\/p>","protected":false},"excerpt":{"rendered":"<p><b>Estrella Galicia Gluten Free<\/b><\/p>\n<p><img decoding=\"async\" src=\"https:\/\/i.pinimg.com\/originals\/f3\/fa\/4b\/f3fa4bae27c7c632e5ed07aca5209694.png\" alt=\"Label, gluten free, gluten, free icon - Download on Iconfinder | Gluten free  labels, Gluten free logo, Gluten free symbol\" width=\"48\" height=\"48\" \/><\/p>","protected":false},"featured_media":11651,"comment_status":"open","ping_status":"open","template":"","meta":[],"product_cat":[250],"product_tag":[],"class_list":{"0":"post-10319","1":"product","2":"type-product","3":"status-publish","4":"has-post-thumbnail","6":"product_cat-bieres","7":"pa_categorie-bieres-blondes","8":"pa_color-blonde","9":"pa_country-espagne","10":"pa_style-lager","11":"_wholesalex wsx-wholesalex-product","13":"first","14":"instock","15":"taxable","16":"shipping-taxable","17":"purchasable","18":"product-type-simple"},"_links":{"self":[{"href":"https:\/\/petitecave.ch\/de\/wp-json\/wp\/v2\/product\/10319","targetHints":{"allow":["GET"]}}],"collection":[{"href":"https:\/\/petitecave.ch\/de\/wp-json\/wp\/v2\/product"}],"about":[{"href":"https:\/\/petitecave.ch\/de\/wp-json\/wp\/v2\/types\/product"}],"replies":[{"embeddable":true,"href":"https:\/\/petitecave.ch\/de\/wp-json\/wp\/v2\/comments?post=10319"}],"wp:featuredmedia":[{"embeddable":true,"href":"https:\/\/petitecave.ch\/de\/wp-json\/wp\/v2\/media\/11651"}],"wp:attachment":[{"href":"https:\/\/petitecave.ch\/de\/wp-json\/wp\/v2\/media?parent=10319"}],"wp:term":[{"taxonomy":"product_cat","embeddable":true,"href":"https:\/\/petitecave.ch\/de\/wp-json\/wp\/v2\/product_cat?post=10319"},{"taxonomy":"product_tag","embeddable":true,"href":"https:\/\/petitecave.ch\/de\/wp-json\/wp\/v2\/product_tag?post=10319"}],"curies":[{"name":"wp","href":"https:\/\/api.w.org\/{rel}","templated":true}]}}