{"id":10315,"date":"2026-01-29T13:56:38","date_gmt":"2026-01-29T12:56:38","guid":{"rendered":""},"modified":"2026-02-20T17:16:33","modified_gmt":"2026-02-20T16:16:33","slug":"rhum-banqero-west-indies-xo","status":"publish","type":"product","link":"https:\/\/petitecave.ch\/de\/product\/rhum-banqero-west-indies-xo\/","title":{"rendered":"Rhum Banqero West Indies XO 70cl"},"content":{"rendered":"<p><span style=\"color: #000000;\"><b>Nez :<\/b> On d\u00e9couvre des saveurs de ch\u00eane blanc et de sucre brun.<\/span><\/p>\n<p><span style=\"color: #000000;\"><b>Bouche :<\/b> Elle d\u00e9voile de d\u00e9licieuses notes de miel et de caramel.\u00a0<\/span><\/p>\n<p><span style=\"color: #000000;\"><b>Finale :<\/b> Gourmande en tirant sur des notes de chocolat noir.<\/span><\/p>","protected":false},"excerpt":{"rendered":"<p><span style=\"color: #000000;\"><b>Distillerie Banqero &#8211; Romanel-sur-Lausanne<\/b><\/span><\/p>\n<p><span style=\"color: #000000;\"><i>Il est le tout premier rhum, XO de la distillerie Banqero. Distill\u00e9 \u00e0 partir d&rsquo;un assemblage de 4 rhums provenant de Trinidad, Guatemala, R\u00e9publique Dominicaine et Salvador. Apr\u00e8s un premier vieillissement de 5 \u00e0 6 ans en f\u00fbts d&rsquo;ex-bourbon dans leur pays respectifs il termine sa maturation en Suisse dans d&rsquo;ex-f\u00fbts de Mitis durant 18 mois.<\/i><\/span><\/p>\n<p><img decoding=\"async\" class=\"alignnone wp-image-48040 entered lazyloaded\" src=\"https:\/\/www.banqero.com\/wp-content\/uploads\/2023\/05\/spirits-master-gold-2023.png\" sizes=\"(max-width: 76px) 100vw, 76px\" srcset=\"https:\/\/www.banqero.com\/wp-content\/uploads\/2023\/05\/spirits-master-gold-2023-66x66.png 66w, https:\/\/www.banqero.com\/wp-content\/uploads\/2023\/05\/spirits-master-gold-2023-100x100.png 100w, https:\/\/www.banqero.com\/wp-content\/uploads\/2023\/05\/spirits-master-gold-2023-150x150.png 150w, https:\/\/www.banqero.com\/wp-content\/uploads\/2023\/05\/spirits-master-gold-2023-200x200.png 200w, https:\/\/www.banqero.com\/wp-content\/uploads\/2023\/05\/spirits-master-gold-2023-300x300.png 300w, https:\/\/www.banqero.com\/wp-content\/uploads\/2023\/05\/spirits-master-gold-2023-400x400.png 400w, https:\/\/www.banqero.com\/wp-content\/uploads\/2023\/05\/spirits-master-gold-2023-500x500.png 500w, https:\/\/www.banqero.com\/wp-content\/uploads\/2023\/05\/spirits-master-gold-2023-600x600.png 600w, https:\/\/www.banqero.com\/wp-content\/uploads\/2023\/05\/spirits-master-gold-2023-700x700.png 700w, https:\/\/www.banqero.com\/wp-content\/uploads\/2023\/05\/spirits-master-gold-2023-768x768.png 768w, https:\/\/www.banqero.com\/wp-content\/uploads\/2023\/05\/spirits-master-gold-2023-800x800.png 800w, https:\/\/www.banqero.com\/wp-content\/uploads\/2023\/05\/spirits-master-gold-2023-1024x1024.png 1024w, https:\/\/www.banqero.com\/wp-content\/uploads\/2023\/05\/spirits-master-gold-2023-1200x1200.png 1200w, https:\/\/www.banqero.com\/wp-content\/uploads\/2023\/05\/spirits-master-gold-2023-1536x1536.png 1536w, https:\/\/www.banqero.com\/wp-content\/uploads\/2023\/05\/spirits-master-gold-2023.png 2048w\" alt=\"\" width=\"76\" height=\"76\" data-lazy-srcset=\"https:\/\/www.banqero.com\/wp-content\/uploads\/2023\/05\/spirits-master-gold-2023-66x66.png 66w, https:\/\/www.banqero.com\/wp-content\/uploads\/2023\/05\/spirits-master-gold-2023-100x100.png 100w, https:\/\/www.banqero.com\/wp-content\/uploads\/2023\/05\/spirits-master-gold-2023-150x150.png 150w, https:\/\/www.banqero.com\/wp-content\/uploads\/2023\/05\/spirits-master-gold-2023-200x200.png 200w, https:\/\/www.banqero.com\/wp-content\/uploads\/2023\/05\/spirits-master-gold-2023-300x300.png 300w, https:\/\/www.banqero.com\/wp-content\/uploads\/2023\/05\/spirits-master-gold-2023-400x400.png 400w, https:\/\/www.banqero.com\/wp-content\/uploads\/2023\/05\/spirits-master-gold-2023-500x500.png 500w, https:\/\/www.banqero.com\/wp-content\/uploads\/2023\/05\/spirits-master-gold-2023-600x600.png 600w, https:\/\/www.banqero.com\/wp-content\/uploads\/2023\/05\/spirits-master-gold-2023-700x700.png 700w, https:\/\/www.banqero.com\/wp-content\/uploads\/2023\/05\/spirits-master-gold-2023-768x768.png 768w, https:\/\/www.banqero.com\/wp-content\/uploads\/2023\/05\/spirits-master-gold-2023-800x800.png 800w, https:\/\/www.banqero.com\/wp-content\/uploads\/2023\/05\/spirits-master-gold-2023-1024x1024.png 1024w, https:\/\/www.banqero.com\/wp-content\/uploads\/2023\/05\/spirits-master-gold-2023-1200x1200.png 1200w, https:\/\/www.banqero.com\/wp-content\/uploads\/2023\/05\/spirits-master-gold-2023-1536x1536.png 1536w, https:\/\/www.banqero.com\/wp-content\/uploads\/2023\/05\/spirits-master-gold-2023.png 2048w\" data-lazy-sizes=\"(max-width: 76px) 100vw, 76px\" data-lazy-src=\"https:\/\/www.banqero.com\/wp-content\/uploads\/2023\/05\/spirits-master-gold-2023.png\" data-ll-status=\"loaded\" \/><img decoding=\"async\" class=\"alignnone wp-image-46941 entered lazyloaded\" src=\"https:\/\/www.banqero.com\/wp-content\/uploads\/2022\/03\/iwsc-silver-93.png\" sizes=\"(max-width: 76px) 100vw, 76px\" srcset=\"https:\/\/www.banqero.com\/wp-content\/uploads\/2022\/03\/iwsc-silver-93-66x66.png 66w, https:\/\/www.banqero.com\/wp-content\/uploads\/2022\/03\/iwsc-silver-93-100x100.png 100w, https:\/\/www.banqero.com\/wp-content\/uploads\/2022\/03\/iwsc-silver-93-150x150.png 150w, https:\/\/www.banqero.com\/wp-content\/uploads\/2022\/03\/iwsc-silver-93-200x200.png 200w, https:\/\/www.banqero.com\/wp-content\/uploads\/2022\/03\/iwsc-silver-93-300x300.png 300w, https:\/\/www.banqero.com\/wp-content\/uploads\/2022\/03\/iwsc-silver-93.png 340w\" alt=\"\" width=\"76\" height=\"76\" data-lazy-srcset=\"https:\/\/www.banqero.com\/wp-content\/uploads\/2022\/03\/iwsc-silver-93-66x66.png 66w, https:\/\/www.banqero.com\/wp-content\/uploads\/2022\/03\/iwsc-silver-93-100x100.png 100w, https:\/\/www.banqero.com\/wp-content\/uploads\/2022\/03\/iwsc-silver-93-150x150.png 150w, https:\/\/www.banqero.com\/wp-content\/uploads\/2022\/03\/iwsc-silver-93-200x200.png 200w, https:\/\/www.banqero.com\/wp-content\/uploads\/2022\/03\/iwsc-silver-93-300x300.png 300w, https:\/\/www.banqero.com\/wp-content\/uploads\/2022\/03\/iwsc-silver-93.png 340w\" data-lazy-sizes=\"(max-width: 76px) 100vw, 76px\" data-lazy-src=\"https:\/\/www.banqero.com\/wp-content\/uploads\/2022\/03\/iwsc-silver-93.png\" data-ll-status=\"loaded\" \/><img decoding=\"async\" class=\"alignnone wp-image-48034 entered lazyloaded\" src=\"https:\/\/www.banqero.com\/wp-content\/uploads\/2023\/05\/international-spirits-challenge-silver-2023.png\" sizes=\"(max-width: 76px) 100vw, 76px\" srcset=\"https:\/\/www.banqero.com\/wp-content\/uploads\/2023\/05\/international-spirits-challenge-silver-2023-66x66.png 66w, https:\/\/www.banqero.com\/wp-content\/uploads\/2023\/05\/international-spirits-challenge-silver-2023-100x100.png 100w, https:\/\/www.banqero.com\/wp-content\/uploads\/2023\/05\/international-spirits-challenge-silver-2023-150x150.png 150w, https:\/\/www.banqero.com\/wp-content\/uploads\/2023\/05\/international-spirits-challenge-silver-2023-200x200.png 200w, https:\/\/www.banqero.com\/wp-content\/uploads\/2023\/05\/international-spirits-challenge-silver-2023-300x300.png 300w, https:\/\/www.banqero.com\/wp-content\/uploads\/2023\/05\/international-spirits-challenge-silver-2023-400x399.png 400w, https:\/\/www.banqero.com\/wp-content\/uploads\/2023\/05\/international-spirits-challenge-silver-2023-500x499.png 500w, https:\/\/www.banqero.com\/wp-content\/uploads\/2023\/05\/international-spirits-challenge-silver-2023.png 592w\" alt=\"\" width=\"76\" height=\"76\" data-lazy-srcset=\"https:\/\/www.banqero.com\/wp-content\/uploads\/2023\/05\/international-spirits-challenge-silver-2023-66x66.png 66w, https:\/\/www.banqero.com\/wp-content\/uploads\/2023\/05\/international-spirits-challenge-silver-2023-100x100.png 100w, https:\/\/www.banqero.com\/wp-content\/uploads\/2023\/05\/international-spirits-challenge-silver-2023-150x150.png 150w, https:\/\/www.banqero.com\/wp-content\/uploads\/2023\/05\/international-spirits-challenge-silver-2023-200x200.png 200w, https:\/\/www.banqero.com\/wp-content\/uploads\/2023\/05\/international-spirits-challenge-silver-2023-300x300.png 300w, https:\/\/www.banqero.com\/wp-content\/uploads\/2023\/05\/international-spirits-challenge-silver-2023-400x399.png 400w, https:\/\/www.banqero.com\/wp-content\/uploads\/2023\/05\/international-spirits-challenge-silver-2023-500x499.png 500w, https:\/\/www.banqero.com\/wp-content\/uploads\/2023\/05\/international-spirits-challenge-silver-2023.png 592w\" data-lazy-sizes=\"(max-width: 76px) 100vw, 76px\" data-lazy-src=\"https:\/\/www.banqero.com\/wp-content\/uploads\/2023\/05\/international-spirits-challenge-silver-2023.png\" data-ll-status=\"loaded\" \/><img loading=\"lazy\" decoding=\"async\" class=\"alignnone wp-image-48027 entered lazyloaded\" src=\"https:\/\/www.banqero.com\/wp-content\/uploads\/2023\/05\/london-spirits-competition-2023.png\" sizes=\"(max-width: 76px) 100vw, 76px\" srcset=\"https:\/\/www.banqero.com\/wp-content\/uploads\/2023\/05\/london-spirits-competition-2023-66x66.png 66w, https:\/\/www.banqero.com\/wp-content\/uploads\/2023\/05\/london-spirits-competition-2023-100x100.png 100w, https:\/\/www.banqero.com\/wp-content\/uploads\/2023\/05\/london-spirits-competition-2023-150x150.png 150w, https:\/\/www.banqero.com\/wp-content\/uploads\/2023\/05\/london-spirits-competition-2023-200x200.png 200w, https:\/\/www.banqero.com\/wp-content\/uploads\/2023\/05\/london-spirits-competition-2023-300x300.png 300w, https:\/\/www.banqero.com\/wp-content\/uploads\/2023\/05\/london-spirits-competition-2023-400x400.png 400w, https:\/\/www.banqero.com\/wp-content\/uploads\/2023\/05\/london-spirits-competition-2023-500x500.png 500w, https:\/\/www.banqero.com\/wp-content\/uploads\/2023\/05\/london-spirits-competition-2023-600x600.png 600w, https:\/\/www.banqero.com\/wp-content\/uploads\/2023\/05\/london-spirits-competition-2023-700x700.png 700w, https:\/\/www.banqero.com\/wp-content\/uploads\/2023\/05\/london-spirits-competition-2023-768x768.png 768w, https:\/\/www.banqero.com\/wp-content\/uploads\/2023\/05\/london-spirits-competition-2023-800x800.png 800w, https:\/\/www.banqero.com\/wp-content\/uploads\/2023\/05\/london-spirits-competition-2023.png 1000w\" alt=\"\" width=\"76\" height=\"76\" data-lazy-srcset=\"https:\/\/www.banqero.com\/wp-content\/uploads\/2023\/05\/london-spirits-competition-2023-66x66.png 66w, https:\/\/www.banqero.com\/wp-content\/uploads\/2023\/05\/london-spirits-competition-2023-100x100.png 100w, https:\/\/www.banqero.com\/wp-content\/uploads\/2023\/05\/london-spirits-competition-2023-150x150.png 150w, https:\/\/www.banqero.com\/wp-content\/uploads\/2023\/05\/london-spirits-competition-2023-200x200.png 200w, https:\/\/www.banqero.com\/wp-content\/uploads\/2023\/05\/london-spirits-competition-2023-300x300.png 300w, https:\/\/www.banqero.com\/wp-content\/uploads\/2023\/05\/london-spirits-competition-2023-400x400.png 400w, https:\/\/www.banqero.com\/wp-content\/uploads\/2023\/05\/london-spirits-competition-2023-500x500.png 500w, https:\/\/www.banqero.com\/wp-content\/uploads\/2023\/05\/london-spirits-competition-2023-600x600.png 600w, https:\/\/www.banqero.com\/wp-content\/uploads\/2023\/05\/london-spirits-competition-2023-700x700.png 700w, https:\/\/www.banqero.com\/wp-content\/uploads\/2023\/05\/london-spirits-competition-2023-768x768.png 768w, https:\/\/www.banqero.com\/wp-content\/uploads\/2023\/05\/london-spirits-competition-2023-800x800.png 800w, https:\/\/www.banqero.com\/wp-content\/uploads\/2023\/05\/london-spirits-competition-2023.png 1000w\" data-lazy-sizes=\"(max-width: 76px) 100vw, 76px\" data-lazy-src=\"https:\/\/www.banqero.com\/wp-content\/uploads\/2023\/05\/london-spirits-competition-2023.png\" data-ll-status=\"loaded\" \/><\/p>","protected":false},"featured_media":18567,"comment_status":"open","ping_status":"closed","template":"","meta":[],"product_cat":[272],"product_tag":[],"class_list":{"0":"post-10315","1":"product","2":"type-product","3":"status-publish","4":"has-post-thumbnail","6":"product_cat-rhum","7":"pa_color-ambree","8":"pa_country-suisse","9":"pa_type-rhum-traditionnel","10":"pa_volume-70-cl","11":"_wholesalex wsx-wholesalex-product","13":"first","14":"instock","15":"taxable","16":"shipping-taxable","17":"purchasable","18":"product-type-simple"},"_links":{"self":[{"href":"https:\/\/petitecave.ch\/de\/wp-json\/wp\/v2\/product\/10315","targetHints":{"allow":["GET"]}}],"collection":[{"href":"https:\/\/petitecave.ch\/de\/wp-json\/wp\/v2\/product"}],"about":[{"href":"https:\/\/petitecave.ch\/de\/wp-json\/wp\/v2\/types\/product"}],"replies":[{"embeddable":true,"href":"https:\/\/petitecave.ch\/de\/wp-json\/wp\/v2\/comments?post=10315"}],"wp:featuredmedia":[{"embeddable":true,"href":"https:\/\/petitecave.ch\/de\/wp-json\/wp\/v2\/media\/18567"}],"wp:attachment":[{"href":"https:\/\/petitecave.ch\/de\/wp-json\/wp\/v2\/media?parent=10315"}],"wp:term":[{"taxonomy":"product_cat","embeddable":true,"href":"https:\/\/petitecave.ch\/de\/wp-json\/wp\/v2\/product_cat?post=10315"},{"taxonomy":"product_tag","embeddable":true,"href":"https:\/\/petitecave.ch\/de\/wp-json\/wp\/v2\/product_tag?post=10315"}],"curies":[{"name":"wp","href":"https:\/\/api.w.org\/{rel}","templated":true}]}}