{"id":10295,"date":"2025-12-23T10:56:16","date_gmt":"2025-12-23T09:56:16","guid":{"rendered":""},"modified":"2026-02-19T14:13:49","modified_gmt":"2026-02-19T13:13:49","slug":"tireuse-a-biere-perfectdraft-black-philips","status":"publish","type":"product","link":"https:\/\/petitecave.ch\/de\/product\/tireuse-a-biere-perfectdraft-black-philips\/","title":{"rendered":"Tireuse \u00e0 bi\u00e8re PerfectDraft Black &#8211; Philips"},"content":{"rendered":"<p><span style=\"color: #000000;\">2 ans de garantie, \u00e0 faire valoir directement aupr\u00e8s du fournisseur Philips (toutes les informations n\u00e9cessaires sont mentionn\u00e9es sur la notice de l&rsquo;appareil).<\/span><\/p>","protected":false},"excerpt":{"rendered":"<p class=\"p-heading-02 p-heading-medium p-s01__highlights-title\"><span style=\"color: #000000;\"><i>La fra\u00eecheur d&rsquo;une bi\u00e8re pression \u00e0 domicile.<\/i><\/span><\/p>\n<ul class=\"p-bullets p-large p-s01__bullets p-heading-medium\">\n<li class=\"p-s01__bullet\"><span style=\"color: #000000;\">F\u00fbts de 6L<\/span><\/li>\n<li class=\"p-s01__bullet\"><span style=\"color: #000000;\">30\u00a0jours de fra\u00eecheur<\/span><\/li>\n<li class=\"p-s01__bullet\"><span style=\"color: #000000;\">Maintiens de la temp\u00e9rature id\u00e9ale (3\u00b0C)<\/span><\/li>\n<li class=\"p-s01__bullet\"><span style=\"color: #000000;\">Indicateurs LED (temp\u00e9rature, volume)<\/span><\/li>\n<\/ul>","protected":false},"featured_media":18410,"comment_status":"open","ping_status":"closed","template":"","meta":[],"product_cat":[250],"product_tag":[],"class_list":{"0":"post-10295","1":"product","2":"type-product","3":"status-publish","4":"has-post-thumbnail","6":"product_cat-bieres","7":"pa_categorie-1402-accessoires-bieres","8":"pa_volume-pce","9":"_wholesalex wsx-wholesalex-product","11":"first","12":"instock","13":"taxable","14":"shipping-taxable","15":"purchasable","16":"product-type-simple"},"_links":{"self":[{"href":"https:\/\/petitecave.ch\/de\/wp-json\/wp\/v2\/product\/10295","targetHints":{"allow":["GET"]}}],"collection":[{"href":"https:\/\/petitecave.ch\/de\/wp-json\/wp\/v2\/product"}],"about":[{"href":"https:\/\/petitecave.ch\/de\/wp-json\/wp\/v2\/types\/product"}],"replies":[{"embeddable":true,"href":"https:\/\/petitecave.ch\/de\/wp-json\/wp\/v2\/comments?post=10295"}],"wp:featuredmedia":[{"embeddable":true,"href":"https:\/\/petitecave.ch\/de\/wp-json\/wp\/v2\/media\/18410"}],"wp:attachment":[{"href":"https:\/\/petitecave.ch\/de\/wp-json\/wp\/v2\/media?parent=10295"}],"wp:term":[{"taxonomy":"product_cat","embeddable":true,"href":"https:\/\/petitecave.ch\/de\/wp-json\/wp\/v2\/product_cat?post=10295"},{"taxonomy":"product_tag","embeddable":true,"href":"https:\/\/petitecave.ch\/de\/wp-json\/wp\/v2\/product_tag?post=10295"}],"curies":[{"name":"wp","href":"https:\/\/api.w.org\/{rel}","templated":true}]}}