{"id":10292,"date":"2025-10-28T10:56:13","date_gmt":"2025-10-28T10:56:13","guid":{"rendered":""},"modified":"2026-02-24T10:28:02","modified_gmt":"2026-02-24T09:28:02","slug":"x-vintage-domaine-dussex-50cl","status":"publish","type":"product","link":"https:\/\/petitecave.ch\/de\/product\/x-vintage-domaine-dussex-50cl\/","title":{"rendered":"X Vintage &#8211; Domaine Dussex 50cl"},"content":{"rendered":"<p><strong>C\u00e9pages :\u00a0<\/strong>Assemblage<\/p>\n<p><strong>Bouche :\u00a0<\/strong>Velout\u00e9e, douce et tannique \u00e0 la fois<\/p>\n<p><strong>Accompagnement :\u00a0<\/strong>Pour l&rsquo;ap\u00e9ritif, avec des plats sucr\u00e9s-sal\u00e9s, du chocolat et du fromage de ch\u00e8vre<\/p>","protected":false},"excerpt":{"rendered":"<p><strong>X Vintage &#8211; Domaine Dussex &#8211; Saillon<\/strong><\/p>\n<p><em>VDP Suisse<\/em><\/p>","protected":false},"featured_media":11617,"comment_status":"open","ping_status":"open","template":"","meta":[],"product_cat":[253],"product_tag":[],"class_list":{"0":"post-10292","1":"product","2":"type-product","3":"status-publish","4":"has-post-thumbnail","6":"product_cat-vins","7":"pa_color-rouge","8":"pa_country-suisse","9":"pa_volume-50cl","10":"_wholesalex wsx-wholesalex-product","12":"first","13":"instock","14":"taxable","15":"shipping-taxable","16":"purchasable","17":"product-type-simple"},"_links":{"self":[{"href":"https:\/\/petitecave.ch\/de\/wp-json\/wp\/v2\/product\/10292","targetHints":{"allow":["GET"]}}],"collection":[{"href":"https:\/\/petitecave.ch\/de\/wp-json\/wp\/v2\/product"}],"about":[{"href":"https:\/\/petitecave.ch\/de\/wp-json\/wp\/v2\/types\/product"}],"replies":[{"embeddable":true,"href":"https:\/\/petitecave.ch\/de\/wp-json\/wp\/v2\/comments?post=10292"}],"wp:featuredmedia":[{"embeddable":true,"href":"https:\/\/petitecave.ch\/de\/wp-json\/wp\/v2\/media\/11617"}],"wp:attachment":[{"href":"https:\/\/petitecave.ch\/de\/wp-json\/wp\/v2\/media?parent=10292"}],"wp:term":[{"taxonomy":"product_cat","embeddable":true,"href":"https:\/\/petitecave.ch\/de\/wp-json\/wp\/v2\/product_cat?post=10292"},{"taxonomy":"product_tag","embeddable":true,"href":"https:\/\/petitecave.ch\/de\/wp-json\/wp\/v2\/product_tag?post=10292"}],"curies":[{"name":"wp","href":"https:\/\/api.w.org\/{rel}","templated":true}]}}