{"id":10287,"date":"2025-10-28T10:56:09","date_gmt":"2025-10-28T10:56:09","guid":{"rendered":""},"modified":"2026-02-24T07:12:30","modified_gmt":"2026-02-24T06:12:30","slug":"humagne-rouge-domaine-dussex-75cl","status":"publish","type":"product","link":"https:\/\/petitecave.ch\/de\/product\/humagne-rouge-domaine-dussex-75cl\/","title":{"rendered":"Humagne Rouge &#8211; Domaine Dussex 75cl"},"content":{"rendered":"<p><strong>C\u00e9page :\u00a0<\/strong>Humagne Rouge (issu d&rsquo;un croisement entre le Cornal et un c\u00e9page inconnu)<\/p>\n<p><strong>Nez :\u00a0<\/strong>Notes de lierres et de sous-bois<\/p>\n<p><strong>Bouche :\u00a0<\/strong>Rac\u00e9e et sauvage<\/p>\n<p><strong>Accompagnement :\u00a0<\/strong>Avec des terrines, du gibier \u00e0 poil et \u00e0 plumes ou du fromage \u00e0 p\u00e2te dure<\/p>","protected":false},"excerpt":{"rendered":"<p><strong>Humagne Rouge &#8211; Domaine Dussex<\/strong><\/p>","protected":false},"featured_media":11612,"comment_status":"open","ping_status":"open","template":"","meta":[],"product_cat":[253],"product_tag":[],"class_list":{"0":"post-10287","1":"product","2":"type-product","3":"status-publish","4":"has-post-thumbnail","6":"product_cat-vins","7":"pa_color-rouge","8":"pa_country-suisse","9":"pa_volume-75-cl","10":"_wholesalex wsx-wholesalex-product","12":"first","13":"instock","14":"taxable","15":"shipping-taxable","16":"purchasable","17":"product-type-simple"},"_links":{"self":[{"href":"https:\/\/petitecave.ch\/de\/wp-json\/wp\/v2\/product\/10287","targetHints":{"allow":["GET"]}}],"collection":[{"href":"https:\/\/petitecave.ch\/de\/wp-json\/wp\/v2\/product"}],"about":[{"href":"https:\/\/petitecave.ch\/de\/wp-json\/wp\/v2\/types\/product"}],"replies":[{"embeddable":true,"href":"https:\/\/petitecave.ch\/de\/wp-json\/wp\/v2\/comments?post=10287"}],"wp:featuredmedia":[{"embeddable":true,"href":"https:\/\/petitecave.ch\/de\/wp-json\/wp\/v2\/media\/11612"}],"wp:attachment":[{"href":"https:\/\/petitecave.ch\/de\/wp-json\/wp\/v2\/media?parent=10287"}],"wp:term":[{"taxonomy":"product_cat","embeddable":true,"href":"https:\/\/petitecave.ch\/de\/wp-json\/wp\/v2\/product_cat?post=10287"},{"taxonomy":"product_tag","embeddable":true,"href":"https:\/\/petitecave.ch\/de\/wp-json\/wp\/v2\/product_tag?post=10287"}],"curies":[{"name":"wp","href":"https:\/\/api.w.org\/{rel}","templated":true}]}}